{"id":660,"date":"2022-06-28T22:16:57","date_gmt":"2022-06-28T14:16:57","guid":{"rendered":"https:\/\/cagland.com\/?post_type=product&#038;p=660"},"modified":"2023-04-26T21:30:24","modified_gmt":"2023-04-26T13:30:24","slug":"round-plastic-junction-box","status":"publish","type":"product","link":"https:\/\/cagland.com\/sv\/product\/round-plastic-junction-box\/","title":{"rendered":"Rund kopplingsdosa i plast"},"content":{"rendered":"","protected":false},"excerpt":{"rendered":"<p>En rund kopplingsdosa i plast \u00e4r ett m\u00e5ngsidigt och viktigt verktyg f\u00f6r en m\u00e4ngd olika elektriska uppgifter. Oavsett om du kopplar ett hem eller kontor, installerar en apparat eller drar ledningar genom v\u00e4ggar och tak, kan dessa boxar hj\u00e4lpa dig att slutf\u00f6ra jobbet s\u00e4kert och effektivt. Installation av en rund kopplingsdosa av plast kr\u00e4ver anv\u00e4ndning av en <a href=\"https:\/\/cagland.com\/sv\/what-is-a-cable-gland-your-best-choice\/\" target=\"_blank\" rel=\"noopener\">kabelgenomf\u00f6ring<\/a>; detta \u00e4r en viktig komponent eftersom den s\u00e4kerst\u00e4ller att kablar ansluts s\u00e4kert och s\u00e4kert.<\/p>\n<p>Den runda kopplingsdosan i plast \u00e4r ett h\u00e5llbart och m\u00e5ngsidigt elsk\u00e5p designat f\u00f6r utomhusbruk. Den \u00e4r gjord av h\u00f6g kvalitet <a href=\"https:\/\/en.wikipedia.org\/wiki\/Acrylonitrile_butadiene_styrene\" target=\"_blank\" rel=\"noopener\">ABS-material<\/a> och Neopren material, IP65 vattent\u00e4t med en gr\u00e5 f\u00e4rg och olika anpassade f\u00e4rger.<\/p>\n<p>Arbetstemperaturomr\u00e5det \u00e4r -40\u00b0C~85\u00b0C, det finns i olika storlekar f\u00f6r att rymma olika elektriska komponenter, vilket g\u00f6r det l\u00e4mpligt f\u00f6r ett brett spektrum av applikationer. Denna elektriska kopplingsdosa utomhus \u00e4r perfekt f\u00f6r anv\u00e4ndning i tr\u00e4dg\u00e5rdar, uteplatser, garage och andra utomhusomr\u00e5den. Den kan ocks\u00e5 anv\u00e4ndas som en underjordisk elektrisk kopplingsdosa, s\u00e5 att den kan begravas och d\u00f6ljas. Det \u00e4r ocks\u00e5 en v\u00e4derbest\u00e4ndig elektrisk kopplingsdosa och \u00e4r designad f\u00f6r att klara h\u00e5rda v\u00e4derf\u00f6rh\u00e5llanden och skydda elektriska komponenter fr\u00e5n v\u00e4der och vind. Det \u00e4r en idealisk l\u00f6sning f\u00f6r kabeldragningsprojekt utomhus, s\u00e5som belysningsinstallationer, s\u00e4kerhetssystem och str\u00f6mf\u00f6rs\u00f6rjning.<\/p>\n<p>Den runda kopplingsdosan i plast \u00e4r en p\u00e5litlig och kostnadseffektiv l\u00f6sning f\u00f6r att skydda elektriska komponenter i utomhusmilj\u00f6er. Den \u00e4r ocks\u00e5 l\u00e4mplig f\u00f6r inomhusapplikationer d\u00e4r fukt eller damm kan vara ett problem. Sammantaget \u00e4r denna elektriska kopplingsdosa ett m\u00e5ste f\u00f6r alla som letar efter en h\u00f6gkvalitativ, v\u00e4derbest\u00e4ndig och h\u00e5llbar kapsling f\u00f6r sin elektriska utrustning.<\/p>","protected":false},"featured_media":664,"template":"","meta":{"_kad_post_transparent":"default","_kad_post_title":"","_kad_post_layout":"default","_kad_post_sidebar_id":"","_kad_post_content_style":"default","_kad_post_vertical_padding":"default","_kad_post_feature":"","_kad_post_feature_position":"","_kad_post_header":false,"_kad_post_footer":false,"_kad_post_classname":""},"product_brand":[],"product_cat":[30,31],"product_tag":[406,408,411,372,412,386,370,409,375,407,410,368,413],"class_list":{"0":"post-660","1":"product","2":"type-product","3":"status-publish","4":"has-post-thumbnail","6":"product_cat-junction-box","7":"product_cat-plastic-junction-box","8":"product_tag-bank-electrical-junction-box","9":"product_tag-electricity-junction-box","10":"product_tag-grey-plastic-junction-box","11":"product_tag-outdoor-junction-boxes","12":"product_tag-pastic-electrical-enclosures","13":"product_tag-plastic-adaptable-junction-boxes","14":"product_tag-plastic-electrical-boxes","15":"product_tag-plastic-enclosure-box","16":"product_tag-plastic-mini-junction-box","17":"product_tag-plastic-small-junction-box","18":"product_tag-premium-quality-junction-box","19":"product_tag-pvc-junction-box","20":"product_tag-thermoplastic-junction-box","22":"first","23":"instock","24":"featured","25":"shipping-taxable","26":"product-type-simple","27":"entry","28":"content-bg","29":"loop-entry"},"_links":{"self":[{"href":"https:\/\/cagland.com\/sv\/wp-json\/wp\/v2\/product\/660","targetHints":{"allow":["GET"]}}],"collection":[{"href":"https:\/\/cagland.com\/sv\/wp-json\/wp\/v2\/product"}],"about":[{"href":"https:\/\/cagland.com\/sv\/wp-json\/wp\/v2\/types\/product"}],"version-history":[{"count":0,"href":"https:\/\/cagland.com\/sv\/wp-json\/wp\/v2\/product\/660\/revisions"}],"wp:featuredmedia":[{"embeddable":true,"href":"https:\/\/cagland.com\/sv\/wp-json\/wp\/v2\/media\/664"}],"wp:attachment":[{"href":"https:\/\/cagland.com\/sv\/wp-json\/wp\/v2\/media?parent=660"}],"wp:term":[{"taxonomy":"product_brand","embeddable":true,"href":"https:\/\/cagland.com\/sv\/wp-json\/wp\/v2\/product_brand?post=660"},{"taxonomy":"product_cat","embeddable":true,"href":"https:\/\/cagland.com\/sv\/wp-json\/wp\/v2\/product_cat?post=660"},{"taxonomy":"product_tag","embeddable":true,"href":"https:\/\/cagland.com\/sv\/wp-json\/wp\/v2\/product_tag?post=660"}],"curies":[{"name":"wp","href":"https:\/\/api.w.org\/{rel}","templated":true}]}}