{"id":643,"date":"2022-06-27T09:06:48","date_gmt":"2022-06-27T01:06:48","guid":{"rendered":"https:\/\/cagland.com\/?post_type=product&#038;p=643"},"modified":"2023-04-26T21:23:04","modified_gmt":"2023-04-26T13:23:04","slug":"square-weatherproof-junction-box","status":"publish","type":"product","link":"https:\/\/cagland.com\/sv\/product\/square-weatherproof-junction-box\/","title":{"rendered":"Fyrkantig v\u00e4derbest\u00e4ndig kopplingsdosa"},"content":{"rendered":"","protected":false},"excerpt":{"rendered":"<p>Letar du efter en p\u00e5litlig <strong>v\u00e4derbest\u00e4ndig kopplingsdosa<\/strong> f\u00f6r att s\u00e4kerst\u00e4lla s\u00e4kerheten f\u00f6r dina elkablar? En fyrkantig v\u00e4derbest\u00e4ndig kopplingsdosa \u00e4r svaret. Denna typ av kopplingsdosa kan ocks\u00e5 ansluta en <a href=\"https:\/\/cagland.com\/sv\/what-is-a-cable-gland-your-best-choice\/\" target=\"_blank\" rel=\"noopener\">kabelgenomf\u00f6ring<\/a> som s\u00e4kert f\u00e4ster kablarna och h\u00e5ller dem isolerade. Den fyrkantiga formen g\u00f6r det l\u00e4ttare att installera i tr\u00e5nga utrymmen, vilket g\u00f6r det till ett idealiskt val f\u00f6r b\u00e5de inomhus- och utomhusapplikationer.<\/p>\n<p>Den v\u00e4derbest\u00e4ndiga kopplingsdosan \u00e4r gjord av slitstarkt ABS-material och kommer med ett t\u00e4tningsmaterial av neopren, vilket g\u00f6r den mycket motst\u00e5ndskraftig mot vatten, damm och andra utomhuselement. Den finns i gr\u00e5tt s\u00e5v\u00e4l som i anpassningsbara f\u00e4rger, vilket g\u00f6r att den sm\u00e4lter in i vilken milj\u00f6 som helst.<\/p>\n<p>Med ett arbetstemperaturomr\u00e5de p\u00e5 -40\u00b0C till 85\u00b0C \u00e4r detta<a href=\"https:\/\/en.wikipedia.org\/wiki\/Junction_box\" target=\"_blank\" rel=\"noopener\"> kopplingsdosa<\/a> t\u00e5l extrema temperaturer, vilket g\u00f6r den l\u00e4mplig f\u00f6r anv\u00e4ndning i en m\u00e4ngd olika applikationer, inklusive utomhus- och exteri\u00f6rprojekt.<\/p>\n<p>Kopplingsdosan \u00e4r IP65-klassad och ger skydd mot tuffa v\u00e4derf\u00f6rh\u00e5llanden som regn, slask och sn\u00f6. Den finns i olika storlekar f\u00f6r att tillgodose olika ledningsbehov, vilket s\u00e4kerst\u00e4ller att alla anslutningar f\u00f6rblir s\u00e4kra och skyddade.<\/p>\n<p>Ut\u00f6ver det vanliga ABS-materialet och neopren-t\u00e4tningen finns kopplingsdosan \u00e4ven i skr\u00e4ddarsydda material som PVC eller explosionss\u00e4kra material, vilket g\u00f6r den till en m\u00e5ngsidig l\u00f6sning f\u00f6r en rad olika projekt.<\/p>\n<p>Kopplingsdosan har ett fyrkantigt utseende, vilket ger en snygg och professionell finish till alla projekt. Med sin h\u00e5llbara konstruktion, anpassningsbara funktioner och v\u00e4derbest\u00e4ndig design \u00e4r den v\u00e4derbest\u00e4ndiga kopplingsdosan den idealiska l\u00f6sningen f\u00f6r alla behov av kabeldragning utomhus eller utomhus.<\/p>","protected":false},"featured_media":649,"template":"","meta":{"_kad_post_transparent":"default","_kad_post_title":"","_kad_post_layout":"default","_kad_post_sidebar_id":"","_kad_post_content_style":"default","_kad_post_vertical_padding":"default","_kad_post_feature":"","_kad_post_feature_position":"","_kad_post_header":false,"_kad_post_footer":false,"_kad_post_classname":""},"product_brand":[],"product_cat":[30,31],"product_tag":[423,424,417,425,415,420,426,385,414,422,416,418,419,421],"class_list":{"0":"post-643","1":"product","2":"type-product","3":"status-publish","4":"has-post-thumbnail","6":"product_cat-junction-box","7":"product_cat-plastic-junction-box","8":"product_tag-abs-waterproof-junction-boxes","9":"product_tag-adaptable-weatherproof-box","10":"product_tag-adaptable-weatherproof-junction-boxes","11":"product_tag-outdoor-adaptable-junction-boxes","12":"product_tag-outdoor-waterproof-junction-box","13":"product_tag-small-exterior-junction-box","14":"product_tag-small-square-junction-box","15":"product_tag-waterproof-junction-box","16":"product_tag-weatherproof-boxes","17":"product_tag-weatherproof-connection-box","18":"product_tag-weatherproof-electrical-junction-box","19":"product_tag-weatherproof-electrical-junction-boxes","20":"product_tag-weatherproof-exterior-junction-box","21":"product_tag-weatherproof-pvc-junction-box","23":"first","24":"instock","25":"featured","26":"shipping-taxable","27":"product-type-simple","28":"entry","29":"content-bg","30":"loop-entry"},"_links":{"self":[{"href":"https:\/\/cagland.com\/sv\/wp-json\/wp\/v2\/product\/643","targetHints":{"allow":["GET"]}}],"collection":[{"href":"https:\/\/cagland.com\/sv\/wp-json\/wp\/v2\/product"}],"about":[{"href":"https:\/\/cagland.com\/sv\/wp-json\/wp\/v2\/types\/product"}],"version-history":[{"count":0,"href":"https:\/\/cagland.com\/sv\/wp-json\/wp\/v2\/product\/643\/revisions"}],"wp:featuredmedia":[{"embeddable":true,"href":"https:\/\/cagland.com\/sv\/wp-json\/wp\/v2\/media\/649"}],"wp:attachment":[{"href":"https:\/\/cagland.com\/sv\/wp-json\/wp\/v2\/media?parent=643"}],"wp:term":[{"taxonomy":"product_brand","embeddable":true,"href":"https:\/\/cagland.com\/sv\/wp-json\/wp\/v2\/product_brand?post=643"},{"taxonomy":"product_cat","embeddable":true,"href":"https:\/\/cagland.com\/sv\/wp-json\/wp\/v2\/product_cat?post=643"},{"taxonomy":"product_tag","embeddable":true,"href":"https:\/\/cagland.com\/sv\/wp-json\/wp\/v2\/product_tag?post=643"}],"curies":[{"name":"wp","href":"https:\/\/api.w.org\/{rel}","templated":true}]}}