{"id":629,"date":"2022-06-15T14:04:05","date_gmt":"2022-06-15T06:04:05","guid":{"rendered":"https:\/\/cagland.com\/?post_type=product&#038;p=629"},"modified":"2023-04-26T21:05:54","modified_gmt":"2023-04-26T13:05:54","slug":"cable-gland-accessories-multiple-hole-bushings","status":"publish","type":"product","link":"https:\/\/cagland.com\/sv\/product\/cable-gland-accessories-multiple-hole-bushings\/","title":{"rendered":"Bussningar med flera h\u00e5l"},"content":{"rendered":"","protected":false},"excerpt":{"rendered":"<p>Bussningar med flera h\u00e5l \u00e4r viktiga <strong>kabelf\u00f6rskruvningstillbeh\u00f6r<\/strong> som vanligtvis anv\u00e4nds i en m\u00e4ngd olika industriella och kommersiella till\u00e4mpningar. De \u00e4r designade f\u00f6r att fungera med olika typer av <a href=\"https:\/\/cagland.com\/sv\/what-is-a-cable-gland-your-best-choice\/\" target=\"_blank\" rel=\"noopener\">kabelgenomf\u00f6ringar<\/a>, inklusive metriska, PG, G och NPT kabelf\u00f6rskruvningar, och kan rymma flera kablar och ledningar av olika storlekar och typer.<\/p>\n<p>Dessa bussningar \u00e4r gjorda av h\u00f6gkvalitativa material som t.ex <a href=\"https:\/\/en.wikipedia.org\/wiki\/Nylon\" target=\"_blank\" rel=\"noopener\">nylon<\/a>, silikongummi, UL-godk\u00e4nda material och explosionss\u00e4kra material, vilket s\u00e4kerst\u00e4ller deras h\u00e5llbarhet och livsl\u00e4ngd. De ger utm\u00e4rkt motst\u00e5ndskraft mot st\u00f6tar, n\u00f6tning och kemikalier, vilket g\u00f6r dem idealiska f\u00f6r anv\u00e4ndning i tuffa och kr\u00e4vande milj\u00f6er.<\/p>\n<p>F\u00f6rutom att de \u00e4r kompatibla med kabelf\u00f6rskruvningar \u00e4r flerh\u00e5lsbussningar ocks\u00e5 kabelf\u00f6rskruvningar som ger en s\u00e4ker och p\u00e5litlig t\u00e4tning runt kablar och ledningar. De f\u00f6rhindrar intr\u00e4ngning av damm, smuts och fukt, vilket s\u00e4kerst\u00e4ller att kablar och ledningar \u00e4r v\u00e4l skyddade och v\u00e4lsk\u00f6tta.<\/p>\n<p>Bussningar med flera h\u00e5l \u00e4r designade f\u00f6r att fungera under ett brett temperaturomr\u00e5de, fr\u00e5n -40 \u2103 till 105 \u2103 under en kort tid till 120 \u2103. Detta g\u00f6r dem l\u00e4mpliga f\u00f6r anv\u00e4ndning under extrema temperaturf\u00f6rh\u00e5llanden d\u00e4r andra material kan misslyckas.<\/p>","protected":false},"featured_media":635,"template":"","meta":{"_kad_post_transparent":"default","_kad_post_title":"","_kad_post_layout":"default","_kad_post_sidebar_id":"","_kad_post_content_style":"default","_kad_post_vertical_padding":"default","_kad_post_feature":"","_kad_post_feature_position":"","_kad_post_header":false,"_kad_post_footer":false,"_kad_post_classname":""},"product_brand":[],"product_cat":[20,23],"product_tag":[529,526,524,528,527,530,525,531],"class_list":{"0":"post-629","1":"product","2":"type-product","3":"status-publish","4":"has-post-thumbnail","6":"product_cat-cable-gland","7":"product_cat-multi-hole-cable-gland","8":"product_tag-accessories-for-sealcon-cable-glands","9":"product_tag-cable-accessories-gland","10":"product_tag-cable-gland-accessories","11":"product_tag-cable-gland-and-connector-accessories","12":"product_tag-cable-gland-protective-hose-accessories","13":"product_tag-electrical-accessories-glands","14":"product_tag-explosion-proof-cable-gland-accessories","15":"product_tag-industrial-cable-glands-accessories","17":"first","18":"instock","19":"featured","20":"shipping-taxable","21":"product-type-simple","22":"entry","23":"content-bg","24":"loop-entry"},"_links":{"self":[{"href":"https:\/\/cagland.com\/sv\/wp-json\/wp\/v2\/product\/629","targetHints":{"allow":["GET"]}}],"collection":[{"href":"https:\/\/cagland.com\/sv\/wp-json\/wp\/v2\/product"}],"about":[{"href":"https:\/\/cagland.com\/sv\/wp-json\/wp\/v2\/types\/product"}],"version-history":[{"count":0,"href":"https:\/\/cagland.com\/sv\/wp-json\/wp\/v2\/product\/629\/revisions"}],"wp:featuredmedia":[{"embeddable":true,"href":"https:\/\/cagland.com\/sv\/wp-json\/wp\/v2\/media\/635"}],"wp:attachment":[{"href":"https:\/\/cagland.com\/sv\/wp-json\/wp\/v2\/media?parent=629"}],"wp:term":[{"taxonomy":"product_brand","embeddable":true,"href":"https:\/\/cagland.com\/sv\/wp-json\/wp\/v2\/product_brand?post=629"},{"taxonomy":"product_cat","embeddable":true,"href":"https:\/\/cagland.com\/sv\/wp-json\/wp\/v2\/product_cat?post=629"},{"taxonomy":"product_tag","embeddable":true,"href":"https:\/\/cagland.com\/sv\/wp-json\/wp\/v2\/product_tag?post=629"}],"curies":[{"name":"wp","href":"https:\/\/api.w.org\/{rel}","templated":true}]}}