{"id":619,"date":"2022-06-14T23:03:12","date_gmt":"2022-06-14T15:03:12","guid":{"rendered":"https:\/\/cagland.com\/?post_type=product&#038;p=619"},"modified":"2023-04-26T21:02:09","modified_gmt":"2023-04-26T13:02:09","slug":"multi-hole-waterproof-cable-gland","status":"publish","type":"product","link":"https:\/\/cagland.com\/sv\/product\/multi-hole-waterproof-cable-gland\/","title":{"rendered":"Vattent\u00e4t kabelgenomf\u00f6ring med flera h\u00e5l"},"content":{"rendered":"","protected":false},"excerpt":{"rendered":"<p>De <strong>flerh\u00e5ls vattent\u00e4t kabelgenomf\u00f6ring<\/strong> \u00e4r utformad f\u00f6r att fungera i ett brett temperaturomr\u00e5de, fr\u00e5n -40 \u2103 till 100 \u2103, med en kortvarig temperaturgr\u00e4ns p\u00e5 120 \u2103. Den har olika f\u00e4rger gr\u00e5<span class=\"s1\">, <\/span>svart<span class=\"s1\">, vit och<\/span> r\u00f6d.<\/p>\n<p>Flerh\u00e5ls vattent\u00e4t <a href=\"https:\/\/cagland.com\/sv\/what-is-a-cable-gland-your-best-choice\/\" target=\"_blank\" rel=\"noopener\">kabelgenomf\u00f6ring<\/a> \u00e4r en h\u00f6gkvalitativ och m\u00e5ngsidig kabelgenomf\u00f6ring designad f\u00f6r industriella applikationer. Med sin flerh\u00e5lsfunktion kan den rymma flera kablar eller ledningar, vilket g\u00f6r den idealisk f\u00f6r anv\u00e4ndning i komplexa system som kr\u00e4ver flera anslutningar. Dess <a href=\"https:\/\/en.wikipedia.org\/wiki\/IP_code\" target=\"_blank\" rel=\"noopener\">IP68 vattent\u00e4t klassificering<\/a> s\u00e4kerst\u00e4ller att den kan motst\u00e5 tuffa milj\u00f6er, s\u00e5som de som finns i marina, utomhus eller underjordiska applikationer.<\/p>\n<p>Denna kabelgenomf\u00f6ring \u00e4r mycket anpassningsbar, vilket g\u00f6r att den kan skr\u00e4ddarsys f\u00f6r att m\u00f6ta specifika applikationskrav. Den levereras med tillval f\u00f6r OEM-etiketter, vilket g\u00f6r det enkelt att identifiera och sp\u00e5ra kablar, ledningar eller andra komponenter i systemet. Dessutom \u00e4r den tillverkad av h\u00e5llbara material som nylon, nylon PA6 och PP, vilket g\u00f6r den stark och h\u00e5llbar.<\/p>\n<p>Sammantaget \u00e4r den vattent\u00e4ta kabelgenomf\u00f6ringen med flera h\u00e5l ett utm\u00e4rkt val f\u00f6r alla industriella till\u00e4mpningar som kr\u00e4ver flera kabelanslutningar i tuffa milj\u00f6er. Dess anpassningsbara design, h\u00f6gkvalitativa material och vattent\u00e4ta betyg g\u00f6r den till en p\u00e5litlig och h\u00e5llbar l\u00f6sning f\u00f6r ett brett spektrum av applikationer.<\/p>","protected":false},"featured_media":625,"template":"","meta":{"_kad_post_transparent":"default","_kad_post_title":"","_kad_post_layout":"default","_kad_post_sidebar_id":"","_kad_post_content_style":"default","_kad_post_vertical_padding":"default","_kad_post_feature":"","_kad_post_feature_position":"","_kad_post_header":false,"_kad_post_footer":false,"_kad_post_classname":""},"product_brand":[],"product_cat":[20,23],"product_tag":[435,433,434,437,431,165,427,440,428,432,436,439,441,438,430,159,429],"class_list":{"0":"post-619","1":"product","2":"type-product","3":"status-publish","4":"has-post-thumbnail","6":"product_cat-cable-gland","7":"product_cat-multi-hole-cable-gland","8":"product_tag-black-nylon-waterproof-cable-connector","9":"product_tag-cable-gland-waterproof-connector","10":"product_tag-industrial-waterproof-cable-glands","11":"product_tag-ip68-water-proof-nylon-cable-gland","12":"product_tag-ip68-waterproof-cable-glands","13":"product_tag-ip68-ip67-cable-glands","14":"product_tag-multi-hole-waterproof-cable-gland","15":"product_tag-nylon-ip68-cable-gland","16":"product_tag-nylon-plastic-waterproof-adjustable-cable-gland","17":"product_tag-nylon-waterproof-cable-gland","18":"product_tag-outing-lighting-waterproof-cable-glands","19":"product_tag-pvc-waterproof-cable-gland","20":"product_tag-waterproof-black-nylon-cable-gland","21":"product_tag-waterproof-cable-connectors","22":"product_tag-waterproof-cable-gland","23":"product_tag-waterproof-cable-gland-connector","24":"product_tag-waterproof-cable-glands","26":"first","27":"instock","28":"shipping-taxable","29":"product-type-simple","30":"entry","31":"content-bg","32":"loop-entry"},"_links":{"self":[{"href":"https:\/\/cagland.com\/sv\/wp-json\/wp\/v2\/product\/619","targetHints":{"allow":["GET"]}}],"collection":[{"href":"https:\/\/cagland.com\/sv\/wp-json\/wp\/v2\/product"}],"about":[{"href":"https:\/\/cagland.com\/sv\/wp-json\/wp\/v2\/types\/product"}],"version-history":[{"count":0,"href":"https:\/\/cagland.com\/sv\/wp-json\/wp\/v2\/product\/619\/revisions"}],"wp:featuredmedia":[{"embeddable":true,"href":"https:\/\/cagland.com\/sv\/wp-json\/wp\/v2\/media\/625"}],"wp:attachment":[{"href":"https:\/\/cagland.com\/sv\/wp-json\/wp\/v2\/media?parent=619"}],"wp:term":[{"taxonomy":"product_brand","embeddable":true,"href":"https:\/\/cagland.com\/sv\/wp-json\/wp\/v2\/product_brand?post=619"},{"taxonomy":"product_cat","embeddable":true,"href":"https:\/\/cagland.com\/sv\/wp-json\/wp\/v2\/product_cat?post=619"},{"taxonomy":"product_tag","embeddable":true,"href":"https:\/\/cagland.com\/sv\/wp-json\/wp\/v2\/product_tag?post=619"}],"curies":[{"name":"wp","href":"https:\/\/api.w.org\/{rel}","templated":true}]}}