{"id":610,"date":"2022-06-14T22:40:02","date_gmt":"2022-06-14T14:40:02","guid":{"rendered":"https:\/\/cagland.com\/?post_type=product&#038;p=610"},"modified":"2023-04-26T22:07:12","modified_gmt":"2023-04-26T14:07:12","slug":"nylon-multi-hole-cable-gland-m20-3-hole-7mm","status":"publish","type":"product","link":"https:\/\/cagland.com\/sv\/product\/nylon-multi-hole-cable-gland-m20-3-hole-7mm\/","title":{"rendered":"Flerh\u00e5ls kabelgenomf\u00f6ring"},"content":{"rendered":"","protected":false},"excerpt":{"rendered":"<p>Till skillnad fr\u00e5n traditionella kabelgenomf\u00f6ringar som vanligtvis bara har ett h\u00e5l, en <strong>flerh\u00e5ls kabelgenomf\u00f6ring<\/strong> har flera h\u00e5l, vilket m\u00f6jligg\u00f6r passage av flera kablar eller ledningar. Denna design ger flera f\u00f6rdelar, inklusive platsbesparande, tidsbesparande och \u00f6kad flexibilitet.<\/p>\n<p>Ett multih\u00e5l <a href=\"https:\/\/cagland.com\/sv\/what-is-a-cable-gland-your-best-choice\/\" target=\"_blank\" rel=\"noopener\">kabelgenomf\u00f6ring<\/a> har flera f\u00f6rdelar j\u00e4mf\u00f6rt med en kabelgenomf\u00f6ring med ett h\u00e5l:<\/p>\n<ul>\n<li><a href=\"https:\/\/en.wikipedia.org\/wiki\/Multicable\" target=\"_blank\" rel=\"noopener\">Flera kablar<\/a> kan f\u00f6ras genom en enkel genomf\u00f6ring, vilket minskar antalet kabelgenomf\u00f6ringar som kr\u00e4vs och sparar d\u00e4rf\u00f6r utrymme och installationstid.<\/li>\n<li>Kabelf\u00f6rskruvningar med flera h\u00e5l \u00e4r mer m\u00e5ngsidiga och kan rymma kablar av olika storlekar och typer, vilket kan vara till hj\u00e4lp n\u00e4r det g\u00e4ller en m\u00e4ngd olika kablar.<\/li>\n<li>Kabelf\u00f6rskruvningar med flera h\u00e5l kan anv\u00e4ndas f\u00f6r att skapa ett mer organiserat och snyggt kabeldragningssystem, vilket minskar risken f\u00f6r trassliga eller r\u00f6riga kablar.<\/li>\n<li>De ger b\u00e4ttre dragavlastning, f\u00f6rdelar kablarnas vikt j\u00e4mnt och minskar risken f\u00f6r skador p\u00e5 kablarna eller sj\u00e4lva packningen.<\/li>\n<\/ul>","protected":false},"featured_media":614,"template":"","meta":{"_kad_post_transparent":"default","_kad_post_title":"","_kad_post_layout":"default","_kad_post_sidebar_id":"","_kad_post_content_style":"default","_kad_post_vertical_padding":"default","_kad_post_feature":"","_kad_post_feature_position":"","_kad_post_header":false,"_kad_post_footer":false,"_kad_post_classname":""},"product_brand":[],"product_cat":[20,23],"product_tag":[484,305,488,328,322,490,310,494,316,306,487,489,495,556,323,492],"class_list":{"0":"post-610","1":"product","2":"type-product","3":"status-publish","4":"has-post-thumbnail","6":"product_cat-cable-gland","7":"product_cat-multi-hole-cable-gland","8":"product_tag-cable-gland-multi-hole","9":"product_tag-multi-cable-gland-waterproof-connectors","10":"product_tag-multi-hole-gland","11":"product_tag-multi-hole-solar-cable-gland","12":"product_tag-multi-hole-metal-cable-gland","13":"product_tag-multi-hole-nylon-cable-gland","14":"product_tag-multi-passage-cable-gland","15":"product_tag-multiple-cable-gland","16":"product_tag-multiple-entry-brass-cable-gland","17":"product_tag-multiple-hole-cable-glands","18":"product_tag-nylon-multi-hole","19":"product_tag-nylon-multi-hole-cable-gland","20":"product_tag-waterproof-multi-hole-electrical-cable-gland","21":"product_tag-waterproof-multi-hole-entry-cable-glands","22":"product_tag-waterproof-multi-hole-cable-glands","23":"product_tag-waterproof-multi-hole-nylon-cable-glands","25":"first","26":"instock","27":"shipping-taxable","28":"product-type-simple","29":"entry","30":"content-bg","31":"loop-entry"},"_links":{"self":[{"href":"https:\/\/cagland.com\/sv\/wp-json\/wp\/v2\/product\/610","targetHints":{"allow":["GET"]}}],"collection":[{"href":"https:\/\/cagland.com\/sv\/wp-json\/wp\/v2\/product"}],"about":[{"href":"https:\/\/cagland.com\/sv\/wp-json\/wp\/v2\/types\/product"}],"version-history":[{"count":0,"href":"https:\/\/cagland.com\/sv\/wp-json\/wp\/v2\/product\/610\/revisions"}],"wp:featuredmedia":[{"embeddable":true,"href":"https:\/\/cagland.com\/sv\/wp-json\/wp\/v2\/media\/614"}],"wp:attachment":[{"href":"https:\/\/cagland.com\/sv\/wp-json\/wp\/v2\/media?parent=610"}],"wp:term":[{"taxonomy":"product_brand","embeddable":true,"href":"https:\/\/cagland.com\/sv\/wp-json\/wp\/v2\/product_brand?post=610"},{"taxonomy":"product_cat","embeddable":true,"href":"https:\/\/cagland.com\/sv\/wp-json\/wp\/v2\/product_cat?post=610"},{"taxonomy":"product_tag","embeddable":true,"href":"https:\/\/cagland.com\/sv\/wp-json\/wp\/v2\/product_tag?post=610"}],"curies":[{"name":"wp","href":"https:\/\/api.w.org\/{rel}","templated":true}]}}