{"id":602,"date":"2022-06-14T21:59:32","date_gmt":"2022-06-14T13:59:32","guid":{"rendered":"https:\/\/cagland.com\/?post_type=product&#038;p=602"},"modified":"2023-04-29T22:39:19","modified_gmt":"2023-04-29T14:39:19","slug":"waterproof-stainless-steel-cable-gland","status":"publish","type":"product","link":"https:\/\/cagland.com\/sv\/product\/waterproof-stainless-steel-cable-gland\/","title":{"rendered":"Kabelgenomf\u00f6ring i rostfritt st\u00e5l"},"content":{"rendered":"","protected":false},"excerpt":{"rendered":"<p>De <strong>Kabelgenomf\u00f6ring i rostfritt st\u00e5l<\/strong> \u00e4r en h\u00e5llbar och p\u00e5litlig l\u00f6sning f\u00f6r att s\u00e4kra och skydda obepansrade kablar i tuffa milj\u00f6er. Den \u00e4r konstruerad av h\u00f6gkvalitativt rostfritt st\u00e5lmaterial, vilket s\u00e4kerst\u00e4ller utm\u00e4rkt motst\u00e5ndskraft mot korrosion och rost, vilket g\u00f6r den idealisk f\u00f6r anv\u00e4ndning i utomhus- och marina applikationer.<\/p>\n<p>Denna v\u00e4derbest\u00e4ndiga gland har en metrisk g\u00e4nga, vilket m\u00f6jligg\u00f6r enkel installation och s\u00e4ker passform. Den \u00e4r designad f\u00f6r att motst\u00e5 extrema temperaturvariationer, med ett arbetsomr\u00e5de p\u00e5 -40 \u2103 till 105 \u2103 och korttidsexponering f\u00f6r temperaturer upp till 160 \u2103, vilket g\u00f6r den l\u00e4mplig f\u00f6r anv\u00e4ndning i olika industriella och kommersiella milj\u00f6er.<\/p>\n<p>Denna metalliska rostfria <a href=\"https:\/\/cagland.com\/sv\/what-is-a-cable-gland-your-best-choice\/\" target=\"_blank\" rel=\"noopener\">st\u00e5lkabel<\/a> gland \u00e4r en v\u00e4sentlig komponent f\u00f6r elektriska installationer som kr\u00e4ver en s\u00e4ker och robust anslutning. Dess robusta konstruktion och v\u00e4derbest\u00e4ndiga design g\u00f6r den idealisk f\u00f6r anv\u00e4ndning i tuffa milj\u00f6er d\u00e4r skydd mot fukt, damm och andra element \u00e4r avg\u00f6rande.<\/p>\n<p>Sammanfattningsvis \u00e4r kabelgenomf\u00f6ringen i rostfritt st\u00e5l en p\u00e5litlig och robust kabelgenomf\u00f6ring som \u00e4r perfekt f\u00f6r anv\u00e4ndning i utomhus- och marinmilj\u00f6er. Med sin h\u00f6ga kvalitet <a href=\"https:\/\/en.wikipedia.org\/wiki\/Stainless_steel\" target=\"_blank\" rel=\"noopener\">rostfritt st\u00e5l<\/a> konstruktion, v\u00e4derbest\u00e4ndig design och utm\u00e4rkt temperaturbest\u00e4ndighet ger den en l\u00e5ngvarig och s\u00e4ker l\u00f6sning f\u00f6r alla obepansrade kabelinstallationer.<\/p>\n<p>&nbsp;<\/p>","protected":false},"featured_media":607,"template":"","meta":{"_kad_post_transparent":"default","_kad_post_title":"","_kad_post_layout":"default","_kad_post_sidebar_id":"","_kad_post_content_style":"default","_kad_post_vertical_padding":"default","_kad_post_feature":"","_kad_post_feature_position":"","_kad_post_header":false,"_kad_post_footer":false,"_kad_post_classname":""},"product_brand":[],"product_cat":[20,22],"product_tag":[518,300,516,517],"class_list":{"0":"post-602","1":"product","2":"type-product","3":"status-publish","4":"has-post-thumbnail","6":"product_cat-cable-gland","7":"product_cat-metal-water-proof-cable-gand","8":"product_tag-metallic-stainless-steel-cable-gland","9":"product_tag-stainless-steel-cable-gland-metric-thread","10":"product_tag-stainless-steel-cable-glands","11":"product_tag-weatherproof-unarmoured-stainless-steel-cable-gland","13":"first","14":"instock","15":"shipping-taxable","16":"product-type-simple","17":"entry","18":"content-bg","19":"loop-entry"},"_links":{"self":[{"href":"https:\/\/cagland.com\/sv\/wp-json\/wp\/v2\/product\/602","targetHints":{"allow":["GET"]}}],"collection":[{"href":"https:\/\/cagland.com\/sv\/wp-json\/wp\/v2\/product"}],"about":[{"href":"https:\/\/cagland.com\/sv\/wp-json\/wp\/v2\/types\/product"}],"version-history":[{"count":0,"href":"https:\/\/cagland.com\/sv\/wp-json\/wp\/v2\/product\/602\/revisions"}],"wp:featuredmedia":[{"embeddable":true,"href":"https:\/\/cagland.com\/sv\/wp-json\/wp\/v2\/media\/607"}],"wp:attachment":[{"href":"https:\/\/cagland.com\/sv\/wp-json\/wp\/v2\/media?parent=602"}],"wp:term":[{"taxonomy":"product_brand","embeddable":true,"href":"https:\/\/cagland.com\/sv\/wp-json\/wp\/v2\/product_brand?post=602"},{"taxonomy":"product_cat","embeddable":true,"href":"https:\/\/cagland.com\/sv\/wp-json\/wp\/v2\/product_cat?post=602"},{"taxonomy":"product_tag","embeddable":true,"href":"https:\/\/cagland.com\/sv\/wp-json\/wp\/v2\/product_tag?post=602"}],"curies":[{"name":"wp","href":"https:\/\/api.w.org\/{rel}","templated":true}]}}