{"id":590,"date":"2022-06-09T23:26:49","date_gmt":"2022-06-09T15:26:49","guid":{"rendered":"https:\/\/cagland.com\/?post_type=product&#038;p=590"},"modified":"2023-04-26T20:53:38","modified_gmt":"2023-04-26T12:53:38","slug":"explosive-atmosphere-cable-gland-for-safety","status":"publish","type":"product","link":"https:\/\/cagland.com\/sv\/product\/explosive-atmosphere-cable-gland-for-safety\/","title":{"rendered":"Kabelgenomf\u00f6ring i m\u00e4ssing"},"content":{"rendered":"","protected":false},"excerpt":{"rendered":"<p>M\u00e4ssingskabelgenomf\u00f6ringen \u00e4r den <strong>kabelgenomf\u00f6ring med explosiv atmosf\u00e4r<\/strong>, den <a href=\"https:\/\/cagland.com\/sv\/what-is-a-cable-gland-your-best-choice\/\" target=\"_blank\" rel=\"noopener\">kabelgenomf\u00f6ring<\/a> \u00e4r ocks\u00e5 k\u00e4nd som en<a href=\"https:\/\/en.wikipedia.org\/wiki\/Explosion_protection\" target=\"_blank\" rel=\"noopener\"> explosionss\u00e4ker<\/a> eller flams\u00e4ker kabelgenomf\u00f6ring, vilket indikerar dess f\u00f6rm\u00e5ga att motst\u00e5 extrema milj\u00f6er.<\/p>\n<p>Det \u00e4r ett m\u00e5ste tillbeh\u00f6r f\u00f6r alla milj\u00f6er d\u00e4r s\u00e4kerheten \u00e4r ett problem p\u00e5 grund av n\u00e4rvaron av explosiv atmosf\u00e4r. Denna kabelgenomf\u00f6ring \u00e4r speciellt utformad f\u00f6r att ge en s\u00e4ker passage f\u00f6r kablar som g\u00e5r genom explosiva omr\u00e5den utan att orsaka n\u00e5gra potentiella faror.<\/p>\n<p>Kabelgenomf\u00f6ringens huvudkropp \u00e4r gjord av f\u00f6rnicklad m\u00e4ssing, vilket s\u00e4kerst\u00e4ller en robust och h\u00e5llbar konstruktion som t\u00e5l tuffa milj\u00f6er. Kl\u00e4mbitarna \u00e4r tillverkade av UL-godk\u00e4nd nylon PA, vilket \u00e4r ett mycket flexibelt och starkt material som s\u00e4kerst\u00e4ller ett s\u00e4kert grepp om kablarna.<\/p>\n<p>Kabelgenomf\u00f6ringens O-t\u00e4tning \u00e4r gjord av nitrilbutadiengummi (NBR) och v\u00e4derbest\u00e4ndigt gummi (EPDM), som \u00e4r k\u00e4nda f\u00f6r sin h\u00f6ga motst\u00e5ndskraft mot v\u00e4derlek, n\u00f6tning och extrema temperaturer. Detta s\u00e4kerst\u00e4ller att k\u00f6rteln t\u00e5l ett brett temperaturomr\u00e5de, fr\u00e5n -40 \u2103 till 105 \u2103 under en kort tid, och upp till 160 \u2103 under korta perioder.<\/p>\n<p>Kabelgenomf\u00f6ringen kommer med flera g\u00e4ngspecifikationer, inklusive Metrisk, PG, G och NPT, vilket g\u00f6r den enkel att installera i olika applikationer. Dessutom har kabelgenomf\u00f6ringen en IP68 skyddsklass med O-t\u00e4tning, vilket s\u00e4kerst\u00e4ller att den kan motst\u00e5 vatten och damm \u00e4ven i de tuffaste milj\u00f6erna. Sammantaget \u00e4r denna m\u00e4ssingskabelf\u00f6rskruvning ett p\u00e5litligt och s\u00e4kert val f\u00f6r alla applikationer som kr\u00e4ver en s\u00e4ker och p\u00e5litlig kabelt\u00e4tning.<\/p>","protected":false},"featured_media":593,"template":"","meta":{"_kad_post_transparent":"default","_kad_post_title":"","_kad_post_layout":"default","_kad_post_sidebar_id":"","_kad_post_content_style":"default","_kad_post_vertical_padding":"default","_kad_post_feature":"","_kad_post_feature_position":"","_kad_post_header":false,"_kad_post_footer":false,"_kad_post_classname":""},"product_brand":[],"product_cat":[20,22],"product_tag":[213,512,511,513,514,201,510,218,515],"class_list":{"0":"post-590","1":"product","2":"type-product","3":"status-publish","4":"has-post-thumbnail","6":"product_cat-cable-gland","7":"product_cat-metal-water-proof-cable-gand","8":"product_tag-cable-glands-for-explosive-atmosphere","9":"product_tag-cable-glands-for-hazardous-locations","10":"product_tag-explosition-proof-cable-gland","11":"product_tag-explosition-proof-cable-gland-for-hazardous-locations","12":"product_tag-explosive-atmosphere-barrier-cable-gland","13":"product_tag-explosive-atmosphere-cable-gland","14":"product_tag-flameproof-cable-gland","15":"product_tag-hazardous-area-cable-glands","16":"product_tag-industrial-and-hazardous-area-cable-glands","18":"first","19":"instock","20":"featured","21":"shipping-taxable","22":"product-type-simple","23":"entry","24":"content-bg","25":"loop-entry"},"_links":{"self":[{"href":"https:\/\/cagland.com\/sv\/wp-json\/wp\/v2\/product\/590","targetHints":{"allow":["GET"]}}],"collection":[{"href":"https:\/\/cagland.com\/sv\/wp-json\/wp\/v2\/product"}],"about":[{"href":"https:\/\/cagland.com\/sv\/wp-json\/wp\/v2\/types\/product"}],"version-history":[{"count":0,"href":"https:\/\/cagland.com\/sv\/wp-json\/wp\/v2\/product\/590\/revisions"}],"wp:featuredmedia":[{"embeddable":true,"href":"https:\/\/cagland.com\/sv\/wp-json\/wp\/v2\/media\/593"}],"wp:attachment":[{"href":"https:\/\/cagland.com\/sv\/wp-json\/wp\/v2\/media?parent=590"}],"wp:term":[{"taxonomy":"product_brand","embeddable":true,"href":"https:\/\/cagland.com\/sv\/wp-json\/wp\/v2\/product_brand?post=590"},{"taxonomy":"product_cat","embeddable":true,"href":"https:\/\/cagland.com\/sv\/wp-json\/wp\/v2\/product_cat?post=590"},{"taxonomy":"product_tag","embeddable":true,"href":"https:\/\/cagland.com\/sv\/wp-json\/wp\/v2\/product_tag?post=590"}],"curies":[{"name":"wp","href":"https:\/\/api.w.org\/{rel}","templated":true}]}}