{"id":582,"date":"2022-06-09T22:34:37","date_gmt":"2022-06-09T14:34:37","guid":{"rendered":"https:\/\/cagland.com\/?post_type=product&#038;p=582"},"modified":"2023-04-26T20:50:15","modified_gmt":"2023-04-26T12:50:15","slug":"pg9-nylon-grey-ip68-strain-relief-cable-gland","status":"publish","type":"product","link":"https:\/\/cagland.com\/sv\/product\/pg9-nylon-grey-ip68-strain-relief-cable-gland\/","title":{"rendered":"Spiral Flex kabelgenomf\u00f6ringar"},"content":{"rendered":"","protected":false},"excerpt":{"rendered":"<p>A <a href=\"https:\/\/en.wikipedia.org\/wiki\/Cable_management\" target=\"_blank\" rel=\"noopener\"><strong>kabelgenomf\u00f6ring f\u00f6r dragavlastning<\/strong><\/a> \u00e4r en typ av kontakt utformad f\u00f6r att s\u00e4kra och skydda kablar som passerar genom en panel eller h\u00f6lje. De <a href=\"https:\/\/cagland.com\/sv\/what-is-a-cable-gland-your-best-choice\/\" target=\"_blank\" rel=\"noopener\">kabelgenomf\u00f6ring<\/a> har en spiralformad nylonkabelf\u00f6rskruvning och dragavlastningskontakter som hj\u00e4lper till att f\u00f6rhindra kabelskador fr\u00e5n att b\u00f6jas eller dras.<\/p>\n<p>Dessa kabelgenomf\u00f6ringar kommer i olika g\u00e4ngspecifikationer, inklusive metrisk, PG, G och NPT, vilket g\u00f6r dem l\u00e4mpliga f\u00f6r ett brett spektrum av applikationer. De \u00e4r ocks\u00e5 designade f\u00f6r att fungera i tuffa milj\u00f6er, med ett arbetstemperaturomr\u00e5de p\u00e5 -40\u00b0C till 100\u00b0C i statiskt tillst\u00e5nd och -20\u00b0C till 80\u00b0C i ett dynamiskt tillst\u00e5nd. Dessutom ger k\u00f6rteln omedelbar v\u00e4rmebest\u00e4ndighet upp till 120\u00b0C.<\/p>\n<p>Huvuddelen av dragavlastningskabelf\u00f6rskruvningen \u00e4r gjord av nickelpl\u00e4terad m\u00e4ssing, medan kl\u00e4mdelarna \u00e4r gjorda av UL-godk\u00e4nd nylon PA. O-t\u00e4tningen \u00e4r gjord av nitrilbutadiengummi (NBR) och v\u00e4derbest\u00e4ndigt gummi (EPDM), vilket ger en h\u00f6g niv\u00e5 av skydd mot vatten, damm och andra milj\u00f6faktorer. Med en skyddsniv\u00e5 IP68 \u00e4r k\u00f6rteln mycket motst\u00e5ndskraftig mot fukt och kan anv\u00e4ndas i v\u00e5ta eller fuktiga platser.<\/p>\n<p>Den dragavlastande nylonkabelf\u00f6rskruvningen \u00e4r ett p\u00e5litligt och effektivt s\u00e4tt att s\u00e4kra kablar och skydda dem fr\u00e5n skador. Den \u00e4r l\u00e4tt att installera och ger en t\u00e4t t\u00e4tning som hj\u00e4lper till att f\u00f6rhindra att fukt kommer in i kapslingen. Sammantaget \u00e4r den dragavlastande kabelgenomf\u00f6ringen en viktig komponent f\u00f6r alla elektriska eller elektroniska till\u00e4mpningar d\u00e4r kablar m\u00e5ste skyddas fr\u00e5n tuffa milj\u00f6er eller potentiella skador.<\/p>\n<p>&nbsp;<\/p>","protected":false},"featured_media":584,"template":"","meta":{"_kad_post_transparent":"default","_kad_post_title":"","_kad_post_layout":"default","_kad_post_sidebar_id":"","_kad_post_content_style":"default","_kad_post_vertical_padding":"default","_kad_post_feature":"","_kad_post_feature_position":"","_kad_post_header":false,"_kad_post_footer":false,"_kad_post_classname":""},"product_brand":[],"product_cat":[20,21],"product_tag":[554,552,553,555,248,550,548,551,549],"class_list":{"0":"post-582","1":"product","2":"type-product","3":"status-publish","4":"has-post-thumbnail","6":"product_cat-cable-gland","7":"product_cat-plastic-water-proof-cable-gland","8":"product_tag-cable-gland-plastic-with-strain-relief","9":"product_tag-cable-gland-spiral-strain-relief","10":"product_tag-gland-with-strain-relief","11":"product_tag-npt-srain-relief-cable-glands","12":"product_tag-nylon-cable-gland-spiral","13":"product_tag-strain-relief","14":"product_tag-strain-relief-cable-gland","15":"product_tag-strain-relief-connectors","16":"product_tag-strain-relief-nylon-cable-gland","18":"first","19":"instock","20":"featured","21":"shipping-taxable","22":"product-type-simple","23":"entry","24":"content-bg","25":"loop-entry"},"_links":{"self":[{"href":"https:\/\/cagland.com\/sv\/wp-json\/wp\/v2\/product\/582","targetHints":{"allow":["GET"]}}],"collection":[{"href":"https:\/\/cagland.com\/sv\/wp-json\/wp\/v2\/product"}],"about":[{"href":"https:\/\/cagland.com\/sv\/wp-json\/wp\/v2\/types\/product"}],"version-history":[{"count":0,"href":"https:\/\/cagland.com\/sv\/wp-json\/wp\/v2\/product\/582\/revisions"}],"wp:featuredmedia":[{"embeddable":true,"href":"https:\/\/cagland.com\/sv\/wp-json\/wp\/v2\/media\/584"}],"wp:attachment":[{"href":"https:\/\/cagland.com\/sv\/wp-json\/wp\/v2\/media?parent=582"}],"wp:term":[{"taxonomy":"product_brand","embeddable":true,"href":"https:\/\/cagland.com\/sv\/wp-json\/wp\/v2\/product_brand?post=582"},{"taxonomy":"product_cat","embeddable":true,"href":"https:\/\/cagland.com\/sv\/wp-json\/wp\/v2\/product_cat?post=582"},{"taxonomy":"product_tag","embeddable":true,"href":"https:\/\/cagland.com\/sv\/wp-json\/wp\/v2\/product_tag?post=582"}],"curies":[{"name":"wp","href":"https:\/\/api.w.org\/{rel}","templated":true}]}}