{"id":572,"date":"2022-06-01T22:12:52","date_gmt":"2022-06-01T14:12:52","guid":{"rendered":"https:\/\/cagland.com\/?post_type=product&#038;p=572"},"modified":"2023-04-26T22:04:37","modified_gmt":"2023-04-26T14:04:37","slug":"best-nylon-waterproof-cable-gland-connector","status":"publish","type":"product","link":"https:\/\/cagland.com\/sv\/product\/best-nylon-waterproof-cable-gland-connector\/","title":{"rendered":"S-PG kabelgenomf\u00f6ring"},"content":{"rendered":"","protected":false},"excerpt":{"rendered":"<p>S-PG <a href=\"https:\/\/cagland.com\/sv\/what-is-a-cable-gland-your-best-choice\/\" target=\"_blank\" rel=\"noopener\">Kabelgenomf\u00f6ring<\/a> \u00e4r en h\u00e5llbar och p\u00e5litlig <strong>kabelgenomf\u00f6ringskontakt<\/strong> designad f\u00f6r utomhus och tuffa milj\u00f6er. Dess vattent\u00e4ta IP68-klassificering av nylon s\u00e4kerst\u00e4ller att den \u00e4r skyddad mot damm, vatten och andra element som kan orsaka skada p\u00e5 kabeln.<\/p>\n<p>En av de viktigaste egenskaperna hos denna kabelf\u00f6rskruvning \u00e4r dess f\u00f6rm\u00e5ga att anv\u00e4nda en mindre skiftnyckel, vilket sparar utrymme och g\u00f6r installationen enklare. Dess rostfria st\u00e5lkonstruktion s\u00e4kerst\u00e4ller att den \u00e4r stark och h\u00e5llbar, medan dess kl\u00e4mstycken \u00e4r gjorda av UL-godk\u00e4nd nylon PA, vilket ger ytterligare skydd mot korrosion.<\/p>\n<p>S-PG kabelgenomf\u00f6ring \u00e4r utrustad med O-t\u00e4tning gjord av<a href=\"https:\/\/en.wikipedia.org\/wiki\/Nitrile_rubber\" target=\"_blank\" rel=\"noopener\"> nitrilbutadiengummi<\/a> (NBR) och v\u00e4derbest\u00e4ndigt gummi (EPDM) f\u00f6r att ge en p\u00e5litlig och t\u00e4t t\u00e4tning mot fukt och andra milj\u00f6faktorer. Den finns i olika g\u00e4ngspecifikationer, inklusive Metrisk, PG, G och NPT, f\u00f6r att passa ett brett utbud av kabelstorlekar.<\/p>\n<p>Med ett arbetstemperaturomr\u00e5de p\u00e5 -40\u2103 till 105\u2103 (f\u00f6r en kort tid upp till 120\u2103), \u00e4r denna kabelgenomf\u00f6ring l\u00e4mplig f\u00f6r anv\u00e4ndning i extrema temperaturer. Dess skyddsklass p\u00e5 IP68, tack vare O-t\u00e4tningen, g\u00f6r den idealisk f\u00f6r anv\u00e4ndning i tuffa milj\u00f6er d\u00e4r skydd mot vatten och damm \u00e4r ett m\u00e5ste.<\/p>\n<p>Sammantaget \u00e4r S-PG Cable Gland en m\u00e5ngsidig och p\u00e5litlig kabelgenomf\u00f6ringskontakt som erbjuder utm\u00e4rkt skydd mot v\u00e4der och vind samtidigt som den \u00e4r enkel att installera och anv\u00e4nda.<\/p>","protected":false},"featured_media":580,"template":"","meta":{"_kad_post_transparent":"default","_kad_post_title":"","_kad_post_layout":"default","_kad_post_sidebar_id":"","_kad_post_content_style":"default","_kad_post_vertical_padding":"default","_kad_post_feature":"","_kad_post_feature_position":"","_kad_post_header":false,"_kad_post_footer":false,"_kad_post_classname":""},"product_brand":[],"product_cat":[20,21],"product_tag":[157,521,520,519,522,523],"class_list":{"0":"post-572","1":"product","2":"type-product","3":"status-publish","4":"has-post-thumbnail","6":"product_cat-cable-gland","7":"product_cat-plastic-water-proof-cable-gland","8":"product_tag-cable-gland-connector","9":"product_tag-cable-gland-connectors","10":"product_tag-cable-gland-for-connector","11":"product_tag-cable-gland-plugs","12":"product_tag-cable-glands-for-cables-with-connectors","13":"product_tag-waterproof-cable-gland-connectors","15":"first","16":"instock","17":"featured","18":"shipping-taxable","19":"product-type-simple","20":"entry","21":"content-bg","22":"loop-entry"},"_links":{"self":[{"href":"https:\/\/cagland.com\/sv\/wp-json\/wp\/v2\/product\/572","targetHints":{"allow":["GET"]}}],"collection":[{"href":"https:\/\/cagland.com\/sv\/wp-json\/wp\/v2\/product"}],"about":[{"href":"https:\/\/cagland.com\/sv\/wp-json\/wp\/v2\/types\/product"}],"version-history":[{"count":0,"href":"https:\/\/cagland.com\/sv\/wp-json\/wp\/v2\/product\/572\/revisions"}],"wp:featuredmedia":[{"embeddable":true,"href":"https:\/\/cagland.com\/sv\/wp-json\/wp\/v2\/media\/580"}],"wp:attachment":[{"href":"https:\/\/cagland.com\/sv\/wp-json\/wp\/v2\/media?parent=572"}],"wp:term":[{"taxonomy":"product_brand","embeddable":true,"href":"https:\/\/cagland.com\/sv\/wp-json\/wp\/v2\/product_brand?post=572"},{"taxonomy":"product_cat","embeddable":true,"href":"https:\/\/cagland.com\/sv\/wp-json\/wp\/v2\/product_cat?post=572"},{"taxonomy":"product_tag","embeddable":true,"href":"https:\/\/cagland.com\/sv\/wp-json\/wp\/v2\/product_tag?post=572"}],"curies":[{"name":"wp","href":"https:\/\/api.w.org\/{rel}","templated":true}]}}