{"id":564,"date":"2022-06-01T21:21:52","date_gmt":"2022-06-01T13:21:52","guid":{"rendered":"https:\/\/cagland.com\/?post_type=product&#038;p=564"},"modified":"2023-04-26T22:02:30","modified_gmt":"2023-04-26T14:02:30","slug":"nylon-ul-approved-cable-glands-pg-metric-npt-g","status":"publish","type":"product","link":"https:\/\/cagland.com\/sv\/product\/nylon-ul-approved-cable-glands-pg-metric-npt-g\/","title":{"rendered":"DM kabelgenomf\u00f6ring"},"content":{"rendered":"","protected":false},"excerpt":{"rendered":"<p>DM kabelgenomf\u00f6ringar \u00e4r en av <strong><a href=\"https:\/\/en.wikipedia.org\/wiki\/UL_(safety_organization)\" target=\"_blank\" rel=\"noopener\">UL godk\u00e4nd<\/a> kabelgenomf\u00f6ringar<\/strong>, de \u00e4r designade f\u00f6r att ge exceptionell prestanda och skydd f\u00f6r dina kablar och ledningar. Dessa <a href=\"https:\/\/cagland.com\/sv\/what-is-a-cable-gland-your-best-choice\/\" target=\"_blank\" rel=\"noopener\">kabelgenomf\u00f6ringar<\/a> tillverkas i v\u00e5r fabrik, som har UL-certifiering f\u00f6r metriska, PG, G och NPT kabelf\u00f6rskruvningar, vilket s\u00e4kerst\u00e4ller att de uppfyller strikta s\u00e4kerhets- och kvalitetsstandarder.<\/p>\n<p>En av de utm\u00e4rkande egenskaperna hos DM-kabelf\u00f6rskruvningar \u00e4r deras UL-explosionss\u00e4kra klassificering, vilket g\u00f6r dem idealiska f\u00f6r anv\u00e4ndning i farliga milj\u00f6er d\u00e4r brandfarliga gaser eller damm finns. Dessa UL-godk\u00e4nda kabelgenomf\u00f6ringar har testats noggrant f\u00f6r att s\u00e4kerst\u00e4lla att de t\u00e5l de tuffaste f\u00f6rh\u00e5llanden och ger tillf\u00f6rlitligt skydd mot explosioner.<\/p>\n<p>F\u00f6rutom deras explosionss\u00e4kra klassificering \u00e4r DM-kabelf\u00f6rskruvningar ocks\u00e5 h\u00e5llbara och dammt\u00e4ta, vilket ger utm\u00e4rkt skydd f\u00f6r dina kablar och ledningar. De \u00e4r konstruerade av h\u00f6gkvalitativa material som \u00e4r designade f\u00f6r att t\u00e5la tuffa milj\u00f6er, vilket s\u00e4kerst\u00e4ller att dina kablar alltid \u00e4r s\u00e4kra och s\u00e4kra.<\/p>\n<p>Trots deras imponerande egenskaper finns DM-kabelf\u00f6rskruvningar tillg\u00e4ngliga till ett \u00f6verkomligt pris, vilket g\u00f6r dem till ett utm\u00e4rkt val f\u00f6r f\u00f6retag som letar efter en kostnadseffektiv l\u00f6sning. De \u00e4r UL-godk\u00e4nda nylonkabelf\u00f6rskruvningar, vilket inneb\u00e4r att de uppfyller strikta s\u00e4kerhets- och kvalitetsstandarder som st\u00e4llts upp av Underwriters Laboratories.<\/p>\n<p>Slutligen \u00e4r DM-kabelf\u00f6rskruvningar gjorda av UL-godk\u00e4nd nylon PA66 PVC-nylon, vilket \u00e4r ett h\u00f6gkvalitativt material som \u00e4r k\u00e4nt f\u00f6r sin h\u00e5llbarhet och styrka. Detta s\u00e4kerst\u00e4ller att dina kablar och ledningar \u00e4r skyddade mot skador och s\u00e4kerst\u00e4ller l\u00e5ngsiktig tillf\u00f6rlitlighet f\u00f6r dina elinstallationer.<\/p>","protected":false},"featured_media":570,"template":"","meta":{"_kad_post_transparent":"default","_kad_post_title":"","_kad_post_layout":"default","_kad_post_sidebar_id":"","_kad_post_content_style":"default","_kad_post_vertical_padding":"default","_kad_post_feature":"","_kad_post_feature_position":"","_kad_post_header":false,"_kad_post_footer":false,"_kad_post_classname":""},"product_brand":[],"product_cat":[20,21],"product_tag":[537,533,535,536,166,538,532,534],"class_list":{"0":"post-564","1":"product","2":"type-product","3":"status-publish","4":"has-post-thumbnail","6":"product_cat-cable-gland","7":"product_cat-plastic-water-proof-cable-gland","8":"product_tag-best-price-ul-approved-nylon-cable-gland","9":"product_tag-cable-gland-certification","10":"product_tag-durable-and-dustproof-ul-approved-cable-gland","11":"product_tag-north-american-cable-glands","12":"product_tag-ul-approved-cable-glands","13":"product_tag-ul-approved-nylon-pa66-pvc-nylon-cable-gland","14":"product_tag-ul-csa-approved-products","15":"product_tag-ul-explosion-proof-cable-glands","17":"first","18":"instock","19":"shipping-taxable","20":"product-type-simple","21":"entry","22":"content-bg","23":"loop-entry"},"_links":{"self":[{"href":"https:\/\/cagland.com\/sv\/wp-json\/wp\/v2\/product\/564","targetHints":{"allow":["GET"]}}],"collection":[{"href":"https:\/\/cagland.com\/sv\/wp-json\/wp\/v2\/product"}],"about":[{"href":"https:\/\/cagland.com\/sv\/wp-json\/wp\/v2\/types\/product"}],"version-history":[{"count":0,"href":"https:\/\/cagland.com\/sv\/wp-json\/wp\/v2\/product\/564\/revisions"}],"wp:featuredmedia":[{"embeddable":true,"href":"https:\/\/cagland.com\/sv\/wp-json\/wp\/v2\/media\/570"}],"wp:attachment":[{"href":"https:\/\/cagland.com\/sv\/wp-json\/wp\/v2\/media?parent=564"}],"wp:term":[{"taxonomy":"product_brand","embeddable":true,"href":"https:\/\/cagland.com\/sv\/wp-json\/wp\/v2\/product_brand?post=564"},{"taxonomy":"product_cat","embeddable":true,"href":"https:\/\/cagland.com\/sv\/wp-json\/wp\/v2\/product_cat?post=564"},{"taxonomy":"product_tag","embeddable":true,"href":"https:\/\/cagland.com\/sv\/wp-json\/wp\/v2\/product_tag?post=564"}],"curies":[{"name":"wp","href":"https:\/\/api.w.org\/{rel}","templated":true}]}}