{"id":547,"date":"2022-06-01T20:32:44","date_gmt":"2022-06-01T12:32:44","guid":{"rendered":"https:\/\/cagland.com\/?post_type=product&#038;p=547"},"modified":"2023-04-26T20:37:56","modified_gmt":"2023-04-26T12:37:56","slug":"dual-abs-solar-cable-entry-gland-nylon-m25","status":"publish","type":"product","link":"https:\/\/cagland.com\/sv\/product\/dual-abs-solar-cable-entry-gland-nylon-m25\/","title":{"rendered":"SM kabelgenomf\u00f6ring"},"content":{"rendered":"","protected":false},"excerpt":{"rendered":"<p>A <a href=\"https:\/\/cagland.com\/sv\/what-is-a-cable-gland-your-best-choice\/\" target=\"_blank\" rel=\"noopener\"><strong>kabelgenomf\u00f6ring<\/strong><\/a> \u00e4r en viktig komponent som anv\u00e4nds f\u00f6r att ge en s\u00e4ker och p\u00e5litlig t\u00e4tning runt kablar n\u00e4r de passerar genom ett h\u00f6lje. Den \u00e4r utformad f\u00f6r att skydda kablar fr\u00e5n skador orsakade av milj\u00f6faktorer som fukt, damm och extrema temperaturer. Den st\u00f6rsta f\u00f6rdelen med kabelgenomf\u00f6ringar \u00e4r att de ger ett enkelt och effektivt s\u00e4tt att f\u00f6ra kablar genom v\u00e4ggar, tak eller andra barri\u00e4rer samtidigt som de bibeh\u00e5ller en vattent\u00e4t t\u00e4tning.<\/p>\n<p>I industriella till\u00e4mpningar anv\u00e4nds kabelgenomf\u00f6ringar vanligtvis f\u00f6r att skydda el-, data- och kommunikationskablar. Specifikt, f\u00f6r solenergiapplikationer, \u00e4r kabelgenomf\u00f6ringen f\u00f6r solenergi en specialiserad version som \u00e4r optimerad f\u00f6r anv\u00e4ndning med solceller (PV) kablar. Dessa k\u00f6rtlar har en unik design som m\u00f6jligg\u00f6r enkel installation, \u00e4ven i utmanande utomhusmilj\u00f6er. De \u00e4r viktiga komponenter som s\u00e4kerst\u00e4ller s\u00e4ker och p\u00e5litlig \u00f6verf\u00f6ring av kraft fr\u00e5n solpanelerna till v\u00e4xelriktaren och eln\u00e4tet.<\/p>\n<p>Kabelgenomf\u00f6ringens huvudkropp \u00e4r gjord av <a href=\"https:\/\/en.wikipedia.org\/wiki\/Electroless_nickel-phosphorus_plating\" target=\"_blank\" rel=\"noopener\">Nickelpl\u00e4terad m\u00e4ssing<\/a>, vilket ger utm\u00e4rkt korrosionsbest\u00e4ndighet och h\u00e5llbarhet. Kl\u00e4mbitarna \u00e4r gjorda av UL-godk\u00e4nd nylon PA, vilket \u00e4r ett starkt och l\u00e4tt material som st\u00e5r emot slag, n\u00f6tning och kemikalier. O-t\u00e4tningen \u00e4r gjord av nitrilbutadiengummi (NBR) och v\u00e4derbest\u00e4ndigt gummi (EPDM), vilket ger utm\u00e4rkta t\u00e4tnings- och v\u00e4derbest\u00e4ndighetsegenskaper.<\/p>\n<p>Kabelgenomf\u00f6ringen finns tillg\u00e4nglig i olika g\u00e4ngspecifikationer, inklusive Metrisk, PG, G och NPT, vilket g\u00f6r det enkelt att integrera med olika typer av kapslingar. Den t\u00e5l ett brett temperaturomr\u00e5de, fr\u00e5n -40\u00b0C till 100\u00b0C i statiskt tillst\u00e5nd, med momentan v\u00e4rmebest\u00e4ndighet upp till 120\u00b0C. I ett dynamiskt tillst\u00e5nd kan k\u00f6rteln tolerera temperaturer fr\u00e5n -20\u00b0C till 80\u00b0C, med momentan v\u00e4rmebest\u00e4ndighet upp till 100\u00b0C. Dessutom har kabelgenomf\u00f6ringen en skyddsniv\u00e5 IP68 vid anv\u00e4ndning av O-t\u00e4tning, vilket s\u00e4kerst\u00e4ller ett tillf\u00f6rlitligt skydd mot damm och vatten.<\/p>\n<p>Sammanfattningsvis \u00e4r kabelgenomf\u00f6ringen en kritisk komponent i alla industriella milj\u00f6er som kr\u00e4ver en s\u00e4ker och p\u00e5litlig t\u00e4tning runt kablar. Solcellskabelgenomf\u00f6ringen \u00e4r en specialiserad version optimerad f\u00f6r anv\u00e4ndning i solenergiapplikationer, med funktioner som en unik design, v\u00e4derbest\u00e4ndiga material och olika g\u00e4ngspecifikationer. Dess p\u00e5litliga t\u00e4tnings- och skyddsegenskaper g\u00f6r den till en viktig komponent f\u00f6r att s\u00e4kerst\u00e4lla s\u00e4ker och p\u00e5litlig kraft\u00f6verf\u00f6ring i solcellsinstallationer.<\/p>","protected":false},"featured_media":554,"template":"","meta":{"_kad_post_transparent":"default","_kad_post_title":"","_kad_post_layout":"default","_kad_post_sidebar_id":"","_kad_post_content_style":"default","_kad_post_vertical_padding":"default","_kad_post_feature":"","_kad_post_feature_position":"","_kad_post_header":false,"_kad_post_footer":false,"_kad_post_classname":""},"product_brand":[],"product_cat":[20,21],"product_tag":[544,540,546,541,542,547,545,539,543],"class_list":{"0":"post-547","1":"product","2":"type-product","3":"status-publish","4":"has-post-thumbnail","6":"product_cat-cable-gland","7":"product_cat-plastic-water-proof-cable-gland","8":"product_tag-abs-black-solar-cable-entry-gland","9":"product_tag-cable-entry-gland","10":"product_tag-cable-entry-gland-for-roof-plate","11":"product_tag-dual-gland-solar-cabling-entry-point","12":"product_tag-solar-cable-entry-gland","13":"product_tag-solar-single-cable-entry-gland","14":"product_tag-waterproof-double-cable-entry-gland","15":"product_tag-white-abs-solar-cable-entry","16":"product_tag-white-abs-solar-cable-entry-point","18":"first","19":"instock","20":"shipping-taxable","21":"product-type-simple","22":"entry","23":"content-bg","24":"loop-entry"},"_links":{"self":[{"href":"https:\/\/cagland.com\/sv\/wp-json\/wp\/v2\/product\/547","targetHints":{"allow":["GET"]}}],"collection":[{"href":"https:\/\/cagland.com\/sv\/wp-json\/wp\/v2\/product"}],"about":[{"href":"https:\/\/cagland.com\/sv\/wp-json\/wp\/v2\/types\/product"}],"version-history":[{"count":0,"href":"https:\/\/cagland.com\/sv\/wp-json\/wp\/v2\/product\/547\/revisions"}],"wp:featuredmedia":[{"embeddable":true,"href":"https:\/\/cagland.com\/sv\/wp-json\/wp\/v2\/media\/554"}],"wp:attachment":[{"href":"https:\/\/cagland.com\/sv\/wp-json\/wp\/v2\/media?parent=547"}],"wp:term":[{"taxonomy":"product_brand","embeddable":true,"href":"https:\/\/cagland.com\/sv\/wp-json\/wp\/v2\/product_brand?post=547"},{"taxonomy":"product_cat","embeddable":true,"href":"https:\/\/cagland.com\/sv\/wp-json\/wp\/v2\/product_cat?post=547"},{"taxonomy":"product_tag","embeddable":true,"href":"https:\/\/cagland.com\/sv\/wp-json\/wp\/v2\/product_tag?post=547"}],"curies":[{"name":"wp","href":"https:\/\/api.w.org\/{rel}","templated":true}]}}