{"id":519,"date":"2022-06-01T10:29:07","date_gmt":"2022-06-01T02:29:07","guid":{"rendered":"https:\/\/cagland.com\/?post_type=product&#038;p=519"},"modified":"2023-04-26T21:51:31","modified_gmt":"2023-04-26T13:51:31","slug":"pg7-cable-gland-best-nylon-ip68-waterproof","status":"publish","type":"product","link":"https:\/\/cagland.com\/sv\/product\/pg7-cable-gland-best-nylon-ip68-waterproof\/","title":{"rendered":"PG kabelgenomf\u00f6ring"},"content":{"rendered":"","protected":false},"excerpt":{"rendered":"<p>En PG <a href=\"https:\/\/cagland.com\/sv\/what-is-a-cable-gland-your-best-choice\/\" target=\"_blank\" rel=\"noopener\">kabelgenomf\u00f6ring<\/a> \u00e4r en enhet som anv\u00e4nds f\u00f6r att f\u00e4sta och s\u00e4kra en elkabel till en kapsling eller en utrustning. Termen &quot;PG&quot; st\u00e5r f\u00f6r &quot;<a href=\"https:\/\/de.wikipedia.org\/wiki\/Stahlpanzerrohrgewinde\" target=\"_blank\" rel=\"noopener\">PanzerGewinde<\/a>,\u201d som \u00e4r det tyska ordet f\u00f6r pansartr\u00e5d. Dessa genomf\u00f6ringar \u00e4r designade f\u00f6r att ge en s\u00e4ker och p\u00e5litlig anslutning, samt skydda kabeln fr\u00e5n damm, smuts och fukt.<\/p>\n<p>En av de vanligaste typerna av PG kabelgenomf\u00f6ring \u00e4r pg7 kabelf\u00f6rskruvning. Denna storlek anv\u00e4nds vanligtvis med mindre kablar, som de som finns i kontrollpaneler eller instrumenteringsapplikationer. Pg7-glanden har en g\u00e4ngad krage som skruvas p\u00e5 h\u00f6ljet eller utrustningen, samtidigt som den komprimerar en gummit\u00e4tning runt kabeln f\u00f6r att skapa en vattent\u00e4t t\u00e4tning.<\/p>\n<p>N\u00e4r du v\u00e4ljer en pg7 kabelgenomf\u00f6ring f\u00f6r din applikation \u00e4r det viktigt att ta h\u00e4nsyn till faktorer som materialkompatibilitet, temperaturomr\u00e5de och milj\u00f6f\u00f6rh\u00e5llanden. Du kan ocks\u00e5 beh\u00f6va v\u00e4lja mellan standard- eller EMC-versioner beroende p\u00e5 dina specifika krav. Sammantaget erbjuder PG kabelf\u00f6rskruvningar en enkel men effektiv l\u00f6sning f\u00f6r att s\u00e4kra dina kablar och skydda dem fr\u00e5n yttre element.<\/p>\n<p>V\u00e5r fabrik erbjuder OEM-service, <a href=\"https:\/\/en.wikipedia.org\/wiki\/Panzergewinde\" target=\"_blank\" rel=\"noopener\">PG kabelf\u00f6rskruvningar<\/a> \u00e4r gjorda av h\u00f6gkvalitativ nylon, PA6, PP, m\u00e4ssing, pvc och andra skr\u00e4ddarsydda material, dessa kabelf\u00f6rskruvningar t\u00e5l temperaturer fr\u00e5n -40 \u2103 till 100 \u2103 (med kortvarig anv\u00e4ndning upp till 120 \u2103). De finns i en rad anpassade f\u00e4rger, inklusive gr\u00e5, svart, vit, r\u00f6d och andra anpassade f\u00e4rger, vilket g\u00f6r det enkelt att matcha dina kabelgenomf\u00f6ringar till din utrustning eller maskin.<\/p>\n<p>PG kabelf\u00f6rskruvningar finns i olika storlekar och kan anpassas f\u00f6r att m\u00f6ta dina specifika krav.<\/p>","protected":false},"featured_media":526,"template":"","meta":{"_kad_post_transparent":"default","_kad_post_title":"","_kad_post_layout":"default","_kad_post_sidebar_id":"","_kad_post_content_style":"default","_kad_post_vertical_padding":"default","_kad_post_feature":"","_kad_post_feature_position":"","_kad_post_header":false,"_kad_post_footer":false,"_kad_post_classname":""},"product_brand":[],"product_cat":[20,21],"product_tag":[467,472,468,465,462,459,457,458,461,464,469,471,463,470,466,456,460,116,103,473],"class_list":{"0":"post-519","1":"product","2":"type-product","3":"status-publish","4":"has-post-thumbnail","6":"product_cat-cable-gland","7":"product_cat-plastic-water-proof-cable-gland","8":"product_tag-black-waterproof-connectors-pg7-cable-glands","9":"product_tag-brass-cable-gland-pg7","10":"product_tag-cable-gland-nylon-pg7","11":"product_tag-cable-glands-pg-thread-pg7","12":"product_tag-cable-glands-pg7-thread","13":"product_tag-pg-cable-gland","14":"product_tag-pg11-cable-gland","15":"product_tag-pg16-cable-gland","16":"product_tag-pg7-black-nylon-cable-glands","17":"product_tag-pg7-black-polyamide","18":"product_tag-pg7-brass-cable-gland","19":"product_tag-pg7-cable-gland-connector","20":"product_tag-pg7-ip68-waterproof-nylon-plastic-cable-gland","21":"product_tag-pg7-liquid-tight-cable-gland","22":"product_tag-pg7-nylon-cable-gands","23":"product_tag-pg7-nylon-waterproof-cable-glands","24":"product_tag-pg7-plastic-cable-gland","25":"product_tag-pg9-cable-gland","26":"product_tag-polymer-cable-gland-pg7-grey","27":"product_tag-pvc-cable-gland-pg7","29":"first","30":"instock","31":"featured","32":"shipping-taxable","33":"product-type-simple","34":"entry","35":"content-bg","36":"loop-entry"},"_links":{"self":[{"href":"https:\/\/cagland.com\/sv\/wp-json\/wp\/v2\/product\/519","targetHints":{"allow":["GET"]}}],"collection":[{"href":"https:\/\/cagland.com\/sv\/wp-json\/wp\/v2\/product"}],"about":[{"href":"https:\/\/cagland.com\/sv\/wp-json\/wp\/v2\/types\/product"}],"version-history":[{"count":0,"href":"https:\/\/cagland.com\/sv\/wp-json\/wp\/v2\/product\/519\/revisions"}],"wp:featuredmedia":[{"embeddable":true,"href":"https:\/\/cagland.com\/sv\/wp-json\/wp\/v2\/media\/526"}],"wp:attachment":[{"href":"https:\/\/cagland.com\/sv\/wp-json\/wp\/v2\/media?parent=519"}],"wp:term":[{"taxonomy":"product_brand","embeddable":true,"href":"https:\/\/cagland.com\/sv\/wp-json\/wp\/v2\/product_brand?post=519"},{"taxonomy":"product_cat","embeddable":true,"href":"https:\/\/cagland.com\/sv\/wp-json\/wp\/v2\/product_cat?post=519"},{"taxonomy":"product_tag","embeddable":true,"href":"https:\/\/cagland.com\/sv\/wp-json\/wp\/v2\/product_tag?post=519"}],"curies":[{"name":"wp","href":"https:\/\/api.w.org\/{rel}","templated":true}]}}