{"id":446,"date":"2022-05-24T23:21:59","date_gmt":"2022-05-24T15:21:59","guid":{"rendered":"https:\/\/cagland.com\/?post_type=product&#038;p=446"},"modified":"2023-04-26T22:08:56","modified_gmt":"2023-04-26T14:08:56","slug":"best-nylon-m20-cable-gland","status":"publish","type":"product","link":"https:\/\/cagland.com\/sv\/product\/best-nylon-m20-cable-gland\/","title":{"rendered":"Metrisk kabelgenomf\u00f6ring"},"content":{"rendered":"","protected":false},"excerpt":{"rendered":"<p>Ett m\u00e5tt <a href=\"https:\/\/cagland.com\/sv\/what-is-a-cable-gland-your-best-choice\/\">kabelgenomf\u00f6ring<\/a> \u00e4r en typ av kabelgenomf\u00f6ring som \u00e4r utformad f\u00f6r att s\u00e4kert ansluta och t\u00e4ta metriska kablar. En popul\u00e4r typ av metrisk kabelf\u00f6rskruvning \u00e4r M20 kabelf\u00f6rskruvning. Denna storlek anv\u00e4nds ofta i industriella till\u00e4mpningar som kr\u00e4ver en p\u00e5litlig och robust l\u00f6sning f\u00f6r kabelhantering. M20-kabelgenomf\u00f6ringen kan rymma kablar med diametrar fr\u00e5n 6 mm till 12 mm, vilket g\u00f6r den l\u00e4mplig f\u00f6r ett brett spektrum av applikationer.<\/p>\n<p>Metriska kablar \u00e4r kablar som f\u00f6ljer<a href=\"https:\/\/en.wikipedia.org\/wiki\/IEC_metric_screw_sized_connectors\" target=\"_blank\" rel=\"noopener\"> metrisk skruv<\/a> m\u00e4tsystem, som ofta anv\u00e4nds i Europa och m\u00e5nga andra delar av v\u00e4rlden. F\u00f6rdelen med att anv\u00e4nda metriska kablar \u00e4r att de \u00e4r standardiserade och enkelt kan bytas ut mellan olika l\u00e4nder och industrier.<\/p>\n<p>Metriska kabelgenomf\u00f6ringar finner breda industriella till\u00e4mpningar inom olika omr\u00e5den som tillverkning, bilindustri, flyg, telekommunikation och f\u00f6rnybar energi. De anv\u00e4nds f\u00f6r att skydda kablar fr\u00e5n fukt, damm och andra milj\u00f6risker, f\u00f6r att s\u00e4kerst\u00e4lla att de alltid \u00e4r s\u00e4kra och skyddade.<\/p>\n<p>Skr\u00e4ddarsydda metriska kabelf\u00f6rskruvningar finns i olika storlekar, former och material f\u00f6r att passa olika typer av kablar och applikationer. OEM-tillverkare tillverkar dessa kabelf\u00f6rskruvningar f\u00f6r att m\u00f6ta kundernas specifika behov och f\u00f6rse dem med p\u00e5litliga och l\u00e5ngvariga l\u00f6sningar f\u00f6r kabelhantering.<\/p>","protected":false},"featured_media":503,"template":"","meta":{"_kad_post_transparent":"default","_kad_post_title":"","_kad_post_layout":"default","_kad_post_sidebar_id":"","_kad_post_content_style":"default","_kad_post_vertical_padding":"default","_kad_post_feature":"","_kad_post_feature_position":"","_kad_post_header":false,"_kad_post_footer":false,"_kad_post_classname":""},"product_brand":[],"product_cat":[20,21],"product_tag":[496,502,501,499,500,509,36,503,508,45,44,46,498,504,497,506,507,505],"class_list":{"0":"post-446","1":"product","2":"type-product","3":"status-publish","4":"has-post-thumbnail","6":"product_cat-cable-gland","7":"product_cat-plastic-water-proof-cable-gland","8":"product_tag-black-nylon-cable-gland-m20-thread","9":"product_tag-cable-gland-gp-nylon-m20","10":"product_tag-cable-gland-metal-m20-thread","11":"product_tag-cable-glands-m20","12":"product_tag-gland-cable-nylon-m20x15mm","13":"product_tag-grey-m20-cable-gland","14":"product_tag-m20-cable-gland","15":"product_tag-m20-cable-glands","16":"product_tag-m20-explosion-proof-cable-gland","17":"product_tag-m20-plastic-cable-gland","18":"product_tag-m20-waterproof-cable-gland","19":"product_tag-m20-x-1-5-cable-glands","20":"product_tag-nylon-cable-gland-m20","21":"product_tag-nylon-gland-ip68-black-20mm","22":"product_tag-nylon-qc-gland-m20","23":"product_tag-plastic-cable-gland-m20","24":"product_tag-splashproof-m20-cable-gland","25":"product_tag-white-plastic-waterproof-cable-glands-m20","27":"first","28":"instock","29":"featured","30":"shipping-taxable","31":"product-type-simple","32":"entry","33":"content-bg","34":"loop-entry"},"_links":{"self":[{"href":"https:\/\/cagland.com\/sv\/wp-json\/wp\/v2\/product\/446","targetHints":{"allow":["GET"]}}],"collection":[{"href":"https:\/\/cagland.com\/sv\/wp-json\/wp\/v2\/product"}],"about":[{"href":"https:\/\/cagland.com\/sv\/wp-json\/wp\/v2\/types\/product"}],"version-history":[{"count":0,"href":"https:\/\/cagland.com\/sv\/wp-json\/wp\/v2\/product\/446\/revisions"}],"wp:featuredmedia":[{"embeddable":true,"href":"https:\/\/cagland.com\/sv\/wp-json\/wp\/v2\/media\/503"}],"wp:attachment":[{"href":"https:\/\/cagland.com\/sv\/wp-json\/wp\/v2\/media?parent=446"}],"wp:term":[{"taxonomy":"product_brand","embeddable":true,"href":"https:\/\/cagland.com\/sv\/wp-json\/wp\/v2\/product_brand?post=446"},{"taxonomy":"product_cat","embeddable":true,"href":"https:\/\/cagland.com\/sv\/wp-json\/wp\/v2\/product_cat?post=446"},{"taxonomy":"product_tag","embeddable":true,"href":"https:\/\/cagland.com\/sv\/wp-json\/wp\/v2\/product_tag?post=446"}],"curies":[{"name":"wp","href":"https:\/\/api.w.org\/{rel}","templated":true}]}}