{"id":660,"date":"2022-06-28T22:16:57","date_gmt":"2022-06-28T14:16:57","guid":{"rendered":"https:\/\/cagland.com\/?post_type=product&#038;p=660"},"modified":"2023-04-26T21:30:24","modified_gmt":"2023-04-26T13:30:24","slug":"round-plastic-junction-box","status":"publish","type":"product","link":"https:\/\/cagland.com\/pt\/product\/round-plastic-junction-box\/","title":{"rendered":"Caixa de jun\u00e7\u00e3o pl\u00e1stica redonda"},"content":{"rendered":"","protected":false},"excerpt":{"rendered":"<p>Uma caixa de jun\u00e7\u00e3o pl\u00e1stica redonda \u00e9 uma ferramenta vers\u00e1til e essencial para uma variedade de tarefas el\u00e9tricas. Esteja voc\u00ea conectando uma casa ou escrit\u00f3rio, instalando um eletrodom\u00e9stico ou passando um condu\u00edte pelas paredes e tetos, essas caixas podem ajud\u00e1-lo a concluir o trabalho com seguran\u00e7a e efici\u00eancia. A instala\u00e7\u00e3o de uma caixa de jun\u00e7\u00e3o pl\u00e1stica redonda requer o uso de um <a href=\"https:\/\/cagland.com\/pt\/what-is-a-cable-gland-your-best-choice\/\" target=\"_blank\" rel=\"noopener\">Prensa-cabo<\/a>; este \u00e9 um componente importante, pois garante que os cabos sejam conectados com seguran\u00e7a.<\/p>\n<p>A caixa de jun\u00e7\u00e3o redonda de pl\u00e1stico \u00e9 um gabinete el\u00e9trico dur\u00e1vel e vers\u00e1til projetado para uso externo. \u00c9 feito de alta qualidade <a href=\"https:\/\/en.wikipedia.org\/wiki\/Acrylonitrile_butadiene_styrene\" target=\"_blank\" rel=\"noopener\">Material ABS<\/a> e material Neoprene, IP65 \u00e0 prova d&#039;\u00e1gua com uma cor cinza e diferentes cores personalizadas.<\/p>\n<p>A faixa de temperatura de trabalho \u00e9 de -40\u00b0C~85\u00b0C. Est\u00e1 dispon\u00edvel em diferentes tamanhos para acomodar v\u00e1rios componentes el\u00e9tricos, tornando-o adequado para uma ampla gama de aplica\u00e7\u00f5es. Esta caixa de jun\u00e7\u00e3o el\u00e9trica externa \u00e9 perfeita para uso em jardins, p\u00e1tios, garagens e outras \u00e1reas externas. Ele tamb\u00e9m pode ser usado como uma caixa de jun\u00e7\u00e3o el\u00e9trica subterr\u00e2nea, permitindo que seja enterrado e escondido da vista. \u00c9 tamb\u00e9m uma caixa de jun\u00e7\u00e3o el\u00e9trica \u00e0 prova de intemp\u00e9ries e foi projetada para resistir a condi\u00e7\u00f5es clim\u00e1ticas adversas e proteger os componentes el\u00e9tricos dos elementos. \u00c9 uma solu\u00e7\u00e3o ideal para projetos de fia\u00e7\u00e3o externa, como instala\u00e7\u00f5es de ilumina\u00e7\u00e3o, sistemas de seguran\u00e7a e fontes de alimenta\u00e7\u00e3o.<\/p>\n<p>A caixa de jun\u00e7\u00e3o redonda de pl\u00e1stico \u00e9 uma solu\u00e7\u00e3o confi\u00e1vel e econ\u00f4mica para proteger componentes el\u00e9tricos em ambientes externos. Tamb\u00e9m \u00e9 adequado para aplica\u00e7\u00f5es internas onde a umidade ou a poeira podem ser uma preocupa\u00e7\u00e3o. No geral, esta caixa de jun\u00e7\u00e3o el\u00e9trica \u00e9 essencial para quem procura um gabinete de alta qualidade, resistente \u00e0s intemp\u00e9ries e dur\u00e1vel para seus equipamentos el\u00e9tricos.<\/p>","protected":false},"featured_media":664,"template":"","meta":{"_kad_post_transparent":"default","_kad_post_title":"","_kad_post_layout":"default","_kad_post_sidebar_id":"","_kad_post_content_style":"default","_kad_post_vertical_padding":"default","_kad_post_feature":"","_kad_post_feature_position":"","_kad_post_header":false,"_kad_post_footer":false,"_kad_post_classname":""},"product_brand":[],"product_cat":[30,31],"product_tag":[406,408,411,372,412,386,370,409,375,407,410,368,413],"class_list":{"0":"post-660","1":"product","2":"type-product","3":"status-publish","4":"has-post-thumbnail","6":"product_cat-junction-box","7":"product_cat-plastic-junction-box","8":"product_tag-bank-electrical-junction-box","9":"product_tag-electricity-junction-box","10":"product_tag-grey-plastic-junction-box","11":"product_tag-outdoor-junction-boxes","12":"product_tag-pastic-electrical-enclosures","13":"product_tag-plastic-adaptable-junction-boxes","14":"product_tag-plastic-electrical-boxes","15":"product_tag-plastic-enclosure-box","16":"product_tag-plastic-mini-junction-box","17":"product_tag-plastic-small-junction-box","18":"product_tag-premium-quality-junction-box","19":"product_tag-pvc-junction-box","20":"product_tag-thermoplastic-junction-box","22":"first","23":"instock","24":"featured","25":"shipping-taxable","26":"product-type-simple","27":"entry","28":"content-bg","29":"loop-entry"},"_links":{"self":[{"href":"https:\/\/cagland.com\/pt\/wp-json\/wp\/v2\/product\/660","targetHints":{"allow":["GET"]}}],"collection":[{"href":"https:\/\/cagland.com\/pt\/wp-json\/wp\/v2\/product"}],"about":[{"href":"https:\/\/cagland.com\/pt\/wp-json\/wp\/v2\/types\/product"}],"version-history":[{"count":0,"href":"https:\/\/cagland.com\/pt\/wp-json\/wp\/v2\/product\/660\/revisions"}],"wp:featuredmedia":[{"embeddable":true,"href":"https:\/\/cagland.com\/pt\/wp-json\/wp\/v2\/media\/664"}],"wp:attachment":[{"href":"https:\/\/cagland.com\/pt\/wp-json\/wp\/v2\/media?parent=660"}],"wp:term":[{"taxonomy":"product_brand","embeddable":true,"href":"https:\/\/cagland.com\/pt\/wp-json\/wp\/v2\/product_brand?post=660"},{"taxonomy":"product_cat","embeddable":true,"href":"https:\/\/cagland.com\/pt\/wp-json\/wp\/v2\/product_cat?post=660"},{"taxonomy":"product_tag","embeddable":true,"href":"https:\/\/cagland.com\/pt\/wp-json\/wp\/v2\/product_tag?post=660"}],"curies":[{"name":"wp","href":"https:\/\/api.w.org\/{rel}","templated":true}]}}