{"id":643,"date":"2022-06-27T09:06:48","date_gmt":"2022-06-27T01:06:48","guid":{"rendered":"https:\/\/cagland.com\/?post_type=product&#038;p=643"},"modified":"2023-04-26T21:23:04","modified_gmt":"2023-04-26T13:23:04","slug":"square-weatherproof-junction-box","status":"publish","type":"product","link":"https:\/\/cagland.com\/pt\/product\/square-weatherproof-junction-box\/","title":{"rendered":"Caixa de jun\u00e7\u00e3o quadrada \u00e0 prova de intemp\u00e9ries"},"content":{"rendered":"","protected":false},"excerpt":{"rendered":"<p>Voc\u00ea est\u00e1 procurando um confi\u00e1vel <strong>caixa de jun\u00e7\u00e3o \u00e0 prova de intemp\u00e9ries<\/strong> para garantir a seguran\u00e7a de seus cabos el\u00e9tricos? Uma caixa de jun\u00e7\u00e3o quadrada \u00e0 prova de intemp\u00e9ries \u00e9 a resposta. Este tipo de caixa de jun\u00e7\u00e3o tamb\u00e9m pode conectar um <a href=\"https:\/\/cagland.com\/pt\/what-is-a-cable-gland-your-best-choice\/\" target=\"_blank\" rel=\"noopener\">Prensa-cabo<\/a> que prende com seguran\u00e7a os cabos e os mant\u00e9m isolados. O formato quadrado facilita a instala\u00e7\u00e3o em espa\u00e7os apertados, tornando-o a escolha ideal para aplica\u00e7\u00f5es internas e externas.<\/p>\n<p>A caixa de jun\u00e7\u00e3o \u00e0 prova de intemp\u00e9ries \u00e9 feita de material ABS dur\u00e1vel e vem com um material de veda\u00e7\u00e3o feito de neoprene, tornando-a altamente resistente \u00e0 \u00e1gua, poeira e outros elementos externos. Est\u00e1 dispon\u00edvel em cinza, bem como em cores personaliz\u00e1veis, permitindo que se misture perfeitamente com qualquer ambiente.<\/p>\n<p>Com uma faixa de temperatura de trabalho de -40\u00b0C a 85\u00b0C, este<a href=\"https:\/\/en.wikipedia.org\/wiki\/Junction_box\" target=\"_blank\" rel=\"noopener\"> caixa de jun\u00e7\u00e3o<\/a> pode suportar temperaturas extremas, tornando-o adequado para uso em uma variedade de aplica\u00e7\u00f5es diferentes, incluindo projetos externos e externos.<\/p>\n<p>A caixa de jun\u00e7\u00e3o tem classifica\u00e7\u00e3o IP65, fornecendo prote\u00e7\u00e3o contra condi\u00e7\u00f5es clim\u00e1ticas adversas, como chuva, granizo e neve. Ele vem em tamanhos diferentes para acomodar v\u00e1rias necessidades de fia\u00e7\u00e3o, garantindo que todas as conex\u00f5es permane\u00e7am seguras e protegidas.<\/p>\n<p>Al\u00e9m do material ABS padr\u00e3o e veda\u00e7\u00e3o de neoprene, a caixa de jun\u00e7\u00e3o tamb\u00e9m est\u00e1 dispon\u00edvel em materiais personalizados, como PVC ou materiais \u00e0 prova de explos\u00e3o, tornando-a uma solu\u00e7\u00e3o vers\u00e1til para uma variedade de projetos diferentes.<\/p>\n<p>A caixa de jun\u00e7\u00e3o tem uma apar\u00eancia quadrada, proporcionando um acabamento elegante e profissional a qualquer projeto. Com sua constru\u00e7\u00e3o dur\u00e1vel, recursos personaliz\u00e1veis e design resistente a intemp\u00e9ries, a caixa de jun\u00e7\u00e3o \u00e0 prova de intemp\u00e9ries \u00e9 a solu\u00e7\u00e3o ideal para qualquer necessidade de fia\u00e7\u00e3o externa ou externa.<\/p>","protected":false},"featured_media":649,"template":"","meta":{"_kad_post_transparent":"default","_kad_post_title":"","_kad_post_layout":"default","_kad_post_sidebar_id":"","_kad_post_content_style":"default","_kad_post_vertical_padding":"default","_kad_post_feature":"","_kad_post_feature_position":"","_kad_post_header":false,"_kad_post_footer":false,"_kad_post_classname":""},"product_brand":[],"product_cat":[30,31],"product_tag":[423,424,417,425,415,420,426,385,414,422,416,418,419,421],"class_list":{"0":"post-643","1":"product","2":"type-product","3":"status-publish","4":"has-post-thumbnail","6":"product_cat-junction-box","7":"product_cat-plastic-junction-box","8":"product_tag-abs-waterproof-junction-boxes","9":"product_tag-adaptable-weatherproof-box","10":"product_tag-adaptable-weatherproof-junction-boxes","11":"product_tag-outdoor-adaptable-junction-boxes","12":"product_tag-outdoor-waterproof-junction-box","13":"product_tag-small-exterior-junction-box","14":"product_tag-small-square-junction-box","15":"product_tag-waterproof-junction-box","16":"product_tag-weatherproof-boxes","17":"product_tag-weatherproof-connection-box","18":"product_tag-weatherproof-electrical-junction-box","19":"product_tag-weatherproof-electrical-junction-boxes","20":"product_tag-weatherproof-exterior-junction-box","21":"product_tag-weatherproof-pvc-junction-box","23":"first","24":"instock","25":"featured","26":"shipping-taxable","27":"product-type-simple","28":"entry","29":"content-bg","30":"loop-entry"},"_links":{"self":[{"href":"https:\/\/cagland.com\/pt\/wp-json\/wp\/v2\/product\/643","targetHints":{"allow":["GET"]}}],"collection":[{"href":"https:\/\/cagland.com\/pt\/wp-json\/wp\/v2\/product"}],"about":[{"href":"https:\/\/cagland.com\/pt\/wp-json\/wp\/v2\/types\/product"}],"version-history":[{"count":0,"href":"https:\/\/cagland.com\/pt\/wp-json\/wp\/v2\/product\/643\/revisions"}],"wp:featuredmedia":[{"embeddable":true,"href":"https:\/\/cagland.com\/pt\/wp-json\/wp\/v2\/media\/649"}],"wp:attachment":[{"href":"https:\/\/cagland.com\/pt\/wp-json\/wp\/v2\/media?parent=643"}],"wp:term":[{"taxonomy":"product_brand","embeddable":true,"href":"https:\/\/cagland.com\/pt\/wp-json\/wp\/v2\/product_brand?post=643"},{"taxonomy":"product_cat","embeddable":true,"href":"https:\/\/cagland.com\/pt\/wp-json\/wp\/v2\/product_cat?post=643"},{"taxonomy":"product_tag","embeddable":true,"href":"https:\/\/cagland.com\/pt\/wp-json\/wp\/v2\/product_tag?post=643"}],"curies":[{"name":"wp","href":"https:\/\/api.w.org\/{rel}","templated":true}]}}