{"id":629,"date":"2022-06-15T14:04:05","date_gmt":"2022-06-15T06:04:05","guid":{"rendered":"https:\/\/cagland.com\/?post_type=product&#038;p=629"},"modified":"2023-04-26T21:05:54","modified_gmt":"2023-04-26T13:05:54","slug":"cable-gland-accessories-multiple-hole-bushings","status":"publish","type":"product","link":"https:\/\/cagland.com\/pt\/product\/cable-gland-accessories-multiple-hole-bushings\/","title":{"rendered":"Buchas de m\u00faltiplos furos"},"content":{"rendered":"","protected":false},"excerpt":{"rendered":"<p>Buchas de m\u00faltiplos furos s\u00e3o essenciais <strong>acess\u00f3rios de prensa-cabo<\/strong> que s\u00e3o comumente usados em uma variedade de aplica\u00e7\u00f5es industriais e comerciais. Eles s\u00e3o projetados para trabalhar com v\u00e1rios tipos de <a href=\"https:\/\/cagland.com\/pt\/what-is-a-cable-gland-your-best-choice\/\" target=\"_blank\" rel=\"noopener\">Prensa-cabos<\/a>, incluindo prensa-cabos m\u00e9tricos, PG, G e NPT, e pode acomodar v\u00e1rios cabos e fios de diferentes tamanhos e tipos.<\/p>\n<p>Essas buchas s\u00e3o feitas de materiais de alta qualidade, como <a href=\"https:\/\/en.wikipedia.org\/wiki\/Nylon\" target=\"_blank\" rel=\"noopener\">nylon<\/a>, borracha de silicone, materiais aprovados pela UL e materiais \u00e0 prova de explos\u00e3o, garantindo sua durabilidade e longevidade. Eles fornecem excelente resist\u00eancia ao impacto, abras\u00e3o e produtos qu\u00edmicos, tornando-os ideais para uso em ambientes hostis e exigentes.<\/p>\n<p>Al\u00e9m de sua compatibilidade com os prensa-cabos, as Buchas M\u00faltiplas tamb\u00e9m s\u00e3o acess\u00f3rios para prensa-cabos que fornecem uma veda\u00e7\u00e3o segura e confi\u00e1vel em torno de cabos e fios. Eles impedem a entrada de poeira, sujeira e umidade, garantindo que os cabos e fios estejam bem protegidos e bem administrados.<\/p>\n<p>As buchas de m\u00faltiplos orif\u00edcios s\u00e3o projetadas para operar em uma ampla faixa de temperaturas, variando de -40\u2103 a 105 \u2103 por um curto per\u00edodo de tempo a 120\u2103. Isso os torna adequados para uso em condi\u00e7\u00f5es extremas de temperatura, onde outros materiais podem falhar.<\/p>","protected":false},"featured_media":635,"template":"","meta":{"_kad_post_transparent":"default","_kad_post_title":"","_kad_post_layout":"default","_kad_post_sidebar_id":"","_kad_post_content_style":"default","_kad_post_vertical_padding":"default","_kad_post_feature":"","_kad_post_feature_position":"","_kad_post_header":false,"_kad_post_footer":false,"_kad_post_classname":""},"product_brand":[],"product_cat":[20,23],"product_tag":[529,526,524,528,527,530,525,531],"class_list":{"0":"post-629","1":"product","2":"type-product","3":"status-publish","4":"has-post-thumbnail","6":"product_cat-cable-gland","7":"product_cat-multi-hole-cable-gland","8":"product_tag-accessories-for-sealcon-cable-glands","9":"product_tag-cable-accessories-gland","10":"product_tag-cable-gland-accessories","11":"product_tag-cable-gland-and-connector-accessories","12":"product_tag-cable-gland-protective-hose-accessories","13":"product_tag-electrical-accessories-glands","14":"product_tag-explosion-proof-cable-gland-accessories","15":"product_tag-industrial-cable-glands-accessories","17":"first","18":"instock","19":"featured","20":"shipping-taxable","21":"product-type-simple","22":"entry","23":"content-bg","24":"loop-entry"},"_links":{"self":[{"href":"https:\/\/cagland.com\/pt\/wp-json\/wp\/v2\/product\/629","targetHints":{"allow":["GET"]}}],"collection":[{"href":"https:\/\/cagland.com\/pt\/wp-json\/wp\/v2\/product"}],"about":[{"href":"https:\/\/cagland.com\/pt\/wp-json\/wp\/v2\/types\/product"}],"version-history":[{"count":0,"href":"https:\/\/cagland.com\/pt\/wp-json\/wp\/v2\/product\/629\/revisions"}],"wp:featuredmedia":[{"embeddable":true,"href":"https:\/\/cagland.com\/pt\/wp-json\/wp\/v2\/media\/635"}],"wp:attachment":[{"href":"https:\/\/cagland.com\/pt\/wp-json\/wp\/v2\/media?parent=629"}],"wp:term":[{"taxonomy":"product_brand","embeddable":true,"href":"https:\/\/cagland.com\/pt\/wp-json\/wp\/v2\/product_brand?post=629"},{"taxonomy":"product_cat","embeddable":true,"href":"https:\/\/cagland.com\/pt\/wp-json\/wp\/v2\/product_cat?post=629"},{"taxonomy":"product_tag","embeddable":true,"href":"https:\/\/cagland.com\/pt\/wp-json\/wp\/v2\/product_tag?post=629"}],"curies":[{"name":"wp","href":"https:\/\/api.w.org\/{rel}","templated":true}]}}