{"id":619,"date":"2022-06-14T23:03:12","date_gmt":"2022-06-14T15:03:12","guid":{"rendered":"https:\/\/cagland.com\/?post_type=product&#038;p=619"},"modified":"2023-04-26T21:02:09","modified_gmt":"2023-04-26T13:02:09","slug":"multi-hole-waterproof-cable-gland","status":"publish","type":"product","link":"https:\/\/cagland.com\/pt\/product\/multi-hole-waterproof-cable-gland\/","title":{"rendered":"Prensa-cabo \u00e0 prova d&#039;\u00e1gua de v\u00e1rios orif\u00edcios"},"content":{"rendered":"","protected":false},"excerpt":{"rendered":"<p>O <strong>prensa-cabo \u00e0 prova d&#039;\u00e1gua multifuros<\/strong> foi projetado para operar em uma ampla faixa de temperaturas, de -40 \u2103 a 100 \u2103, com um limite de temperatura de curto prazo de 120 \u2103. Tem v\u00e1rias cores cinza<span class=\"s1\">, <\/span>preto<span class=\"s1\">, branco e<\/span> vermelho.<\/p>\n<p>O multifuro \u00e0 prova d&#039;\u00e1gua <a href=\"https:\/\/cagland.com\/pt\/what-is-a-cable-gland-your-best-choice\/\" target=\"_blank\" rel=\"noopener\">Prensa-cabo<\/a> \u00e9 um prensa-cabo vers\u00e1til e de alta qualidade projetado para aplica\u00e7\u00f5es industriais. Com seu recurso multifuros, ele pode acomodar v\u00e1rios cabos ou fios, tornando-o ideal para uso em sistemas complexos que requerem v\u00e1rias conex\u00f5es. Isso \u00e9 <a href=\"https:\/\/en.wikipedia.org\/wiki\/IP_code\" target=\"_blank\" rel=\"noopener\">Classifica\u00e7\u00e3o \u00e0 prova d&#039;\u00e1gua IP68<\/a> garante que possa resistir a ambientes hostis, como os encontrados em aplica\u00e7\u00f5es mar\u00edtimas, externas ou subterr\u00e2neas.<\/p>\n<p>Este prensa-cabo \u00e9 altamente personaliz\u00e1vel, permitindo que seja adaptado para atender aos requisitos espec\u00edficos da aplica\u00e7\u00e3o. Ele vem com a op\u00e7\u00e3o de etiquetas OEM, facilitando a identifica\u00e7\u00e3o e o rastreamento de cabos, fios ou outros componentes do sistema. Al\u00e9m disso, \u00e9 feito de materiais dur\u00e1veis, como Nylon, Nylon PA6 e PP, tornando-o forte e duradouro.<\/p>\n<p>No geral, o prensa-cabo \u00e0 prova d&#039;\u00e1gua multifuros \u00e9 uma excelente escolha para qualquer aplica\u00e7\u00e3o industrial que exija v\u00e1rias conex\u00f5es de cabo em ambientes agressivos. Seu design personaliz\u00e1vel, materiais de alta qualidade e classifica\u00e7\u00e3o \u00e0 prova d&#039;\u00e1gua o tornam uma solu\u00e7\u00e3o confi\u00e1vel e dur\u00e1vel para uma ampla gama de aplica\u00e7\u00f5es.<\/p>","protected":false},"featured_media":625,"template":"","meta":{"_kad_post_transparent":"default","_kad_post_title":"","_kad_post_layout":"default","_kad_post_sidebar_id":"","_kad_post_content_style":"default","_kad_post_vertical_padding":"default","_kad_post_feature":"","_kad_post_feature_position":"","_kad_post_header":false,"_kad_post_footer":false,"_kad_post_classname":""},"product_brand":[],"product_cat":[20,23],"product_tag":[435,433,434,437,431,165,427,440,428,432,436,439,441,438,430,159,429],"class_list":{"0":"post-619","1":"product","2":"type-product","3":"status-publish","4":"has-post-thumbnail","6":"product_cat-cable-gland","7":"product_cat-multi-hole-cable-gland","8":"product_tag-black-nylon-waterproof-cable-connector","9":"product_tag-cable-gland-waterproof-connector","10":"product_tag-industrial-waterproof-cable-glands","11":"product_tag-ip68-water-proof-nylon-cable-gland","12":"product_tag-ip68-waterproof-cable-glands","13":"product_tag-ip68-ip67-cable-glands","14":"product_tag-multi-hole-waterproof-cable-gland","15":"product_tag-nylon-ip68-cable-gland","16":"product_tag-nylon-plastic-waterproof-adjustable-cable-gland","17":"product_tag-nylon-waterproof-cable-gland","18":"product_tag-outing-lighting-waterproof-cable-glands","19":"product_tag-pvc-waterproof-cable-gland","20":"product_tag-waterproof-black-nylon-cable-gland","21":"product_tag-waterproof-cable-connectors","22":"product_tag-waterproof-cable-gland","23":"product_tag-waterproof-cable-gland-connector","24":"product_tag-waterproof-cable-glands","26":"first","27":"instock","28":"shipping-taxable","29":"product-type-simple","30":"entry","31":"content-bg","32":"loop-entry"},"_links":{"self":[{"href":"https:\/\/cagland.com\/pt\/wp-json\/wp\/v2\/product\/619","targetHints":{"allow":["GET"]}}],"collection":[{"href":"https:\/\/cagland.com\/pt\/wp-json\/wp\/v2\/product"}],"about":[{"href":"https:\/\/cagland.com\/pt\/wp-json\/wp\/v2\/types\/product"}],"version-history":[{"count":0,"href":"https:\/\/cagland.com\/pt\/wp-json\/wp\/v2\/product\/619\/revisions"}],"wp:featuredmedia":[{"embeddable":true,"href":"https:\/\/cagland.com\/pt\/wp-json\/wp\/v2\/media\/625"}],"wp:attachment":[{"href":"https:\/\/cagland.com\/pt\/wp-json\/wp\/v2\/media?parent=619"}],"wp:term":[{"taxonomy":"product_brand","embeddable":true,"href":"https:\/\/cagland.com\/pt\/wp-json\/wp\/v2\/product_brand?post=619"},{"taxonomy":"product_cat","embeddable":true,"href":"https:\/\/cagland.com\/pt\/wp-json\/wp\/v2\/product_cat?post=619"},{"taxonomy":"product_tag","embeddable":true,"href":"https:\/\/cagland.com\/pt\/wp-json\/wp\/v2\/product_tag?post=619"}],"curies":[{"name":"wp","href":"https:\/\/api.w.org\/{rel}","templated":true}]}}