{"id":602,"date":"2022-06-14T21:59:32","date_gmt":"2022-06-14T13:59:32","guid":{"rendered":"https:\/\/cagland.com\/?post_type=product&#038;p=602"},"modified":"2023-04-29T22:39:19","modified_gmt":"2023-04-29T14:39:19","slug":"waterproof-stainless-steel-cable-gland","status":"publish","type":"product","link":"https:\/\/cagland.com\/pt\/product\/waterproof-stainless-steel-cable-gland\/","title":{"rendered":"Prensa-cabo de a\u00e7o inoxid\u00e1vel"},"content":{"rendered":"","protected":false},"excerpt":{"rendered":"<p>O <strong>Prensa-cabo de a\u00e7o inoxid\u00e1vel<\/strong> \u00e9 uma solu\u00e7\u00e3o dur\u00e1vel e confi\u00e1vel para fixar e proteger cabos n\u00e3o blindados em ambientes hostis. \u00c9 constru\u00eddo com material de a\u00e7o inoxid\u00e1vel de alta qualidade, o que garante excelente resist\u00eancia \u00e0 corros\u00e3o e ferrugem, tornando-o ideal para uso em aplica\u00e7\u00f5es externas e mar\u00edtimas.<\/p>\n<p>Esta gl\u00e2ndula \u00e0 prova de intemp\u00e9ries possui uma rosca m\u00e9trica, permitindo f\u00e1cil instala\u00e7\u00e3o e um ajuste seguro. Ele \u00e9 projetado para suportar varia\u00e7\u00f5es extremas de temperatura, com uma faixa de trabalho de -40 \u2103 a 105 \u2103 e exposi\u00e7\u00e3o de curta dura\u00e7\u00e3o a temperaturas de at\u00e9 160 \u2103, tornando-o adequado para uso em v\u00e1rios ambientes industriais e comerciais.<\/p>\n<p>Este a\u00e7o inoxid\u00e1vel met\u00e1lico <a href=\"https:\/\/cagland.com\/pt\/what-is-a-cable-gland-your-best-choice\/\" target=\"_blank\" rel=\"noopener\">cabo de a\u00e7o<\/a> a gaxeta \u00e9 um componente essencial para instala\u00e7\u00f5es el\u00e9tricas que requerem uma conex\u00e3o segura e robusta. Sua constru\u00e7\u00e3o robusta e design \u00e0 prova de intemp\u00e9ries o tornam ideal para uso em ambientes agressivos onde a prote\u00e7\u00e3o contra umidade, poeira e outros elementos \u00e9 cr\u00edtica.<\/p>\n<p>Em resumo, o prensa-cabo de a\u00e7o inoxid\u00e1vel \u00e9 um prensa-cabo confi\u00e1vel e robusto, perfeito para uso em ambientes externos e mar\u00edtimos. Com sua alta qualidade <a href=\"https:\/\/en.wikipedia.org\/wiki\/Stainless_steel\" target=\"_blank\" rel=\"noopener\">a\u00e7o inoxid\u00e1vel<\/a> constru\u00e7\u00e3o, design \u00e0 prova de intemp\u00e9ries e excelente resist\u00eancia \u00e0 temperatura, fornece uma solu\u00e7\u00e3o duradoura e segura para qualquer instala\u00e7\u00e3o de cabo n\u00e3o blindado.<\/p>\n<p>&nbsp;<\/p>","protected":false},"featured_media":607,"template":"","meta":{"_kad_post_transparent":"default","_kad_post_title":"","_kad_post_layout":"default","_kad_post_sidebar_id":"","_kad_post_content_style":"default","_kad_post_vertical_padding":"default","_kad_post_feature":"","_kad_post_feature_position":"","_kad_post_header":false,"_kad_post_footer":false,"_kad_post_classname":""},"product_brand":[],"product_cat":[20,22],"product_tag":[518,300,516,517],"class_list":{"0":"post-602","1":"product","2":"type-product","3":"status-publish","4":"has-post-thumbnail","6":"product_cat-cable-gland","7":"product_cat-metal-water-proof-cable-gand","8":"product_tag-metallic-stainless-steel-cable-gland","9":"product_tag-stainless-steel-cable-gland-metric-thread","10":"product_tag-stainless-steel-cable-glands","11":"product_tag-weatherproof-unarmoured-stainless-steel-cable-gland","13":"first","14":"instock","15":"shipping-taxable","16":"product-type-simple","17":"entry","18":"content-bg","19":"loop-entry"},"_links":{"self":[{"href":"https:\/\/cagland.com\/pt\/wp-json\/wp\/v2\/product\/602","targetHints":{"allow":["GET"]}}],"collection":[{"href":"https:\/\/cagland.com\/pt\/wp-json\/wp\/v2\/product"}],"about":[{"href":"https:\/\/cagland.com\/pt\/wp-json\/wp\/v2\/types\/product"}],"version-history":[{"count":0,"href":"https:\/\/cagland.com\/pt\/wp-json\/wp\/v2\/product\/602\/revisions"}],"wp:featuredmedia":[{"embeddable":true,"href":"https:\/\/cagland.com\/pt\/wp-json\/wp\/v2\/media\/607"}],"wp:attachment":[{"href":"https:\/\/cagland.com\/pt\/wp-json\/wp\/v2\/media?parent=602"}],"wp:term":[{"taxonomy":"product_brand","embeddable":true,"href":"https:\/\/cagland.com\/pt\/wp-json\/wp\/v2\/product_brand?post=602"},{"taxonomy":"product_cat","embeddable":true,"href":"https:\/\/cagland.com\/pt\/wp-json\/wp\/v2\/product_cat?post=602"},{"taxonomy":"product_tag","embeddable":true,"href":"https:\/\/cagland.com\/pt\/wp-json\/wp\/v2\/product_tag?post=602"}],"curies":[{"name":"wp","href":"https:\/\/api.w.org\/{rel}","templated":true}]}}