{"id":590,"date":"2022-06-09T23:26:49","date_gmt":"2022-06-09T15:26:49","guid":{"rendered":"https:\/\/cagland.com\/?post_type=product&#038;p=590"},"modified":"2023-04-26T20:53:38","modified_gmt":"2023-04-26T12:53:38","slug":"explosive-atmosphere-cable-gland-for-safety","status":"publish","type":"product","link":"https:\/\/cagland.com\/pt\/product\/explosive-atmosphere-cable-gland-for-safety\/","title":{"rendered":"Prensa-cabo de lat\u00e3o"},"content":{"rendered":"","protected":false},"excerpt":{"rendered":"<p>O prensa-cabo de lat\u00e3o \u00e9 o <strong>prensa-cabo para atmosfera explosiva<\/strong>, o <a href=\"https:\/\/cagland.com\/pt\/what-is-a-cable-gland-your-best-choice\/\" target=\"_blank\" rel=\"noopener\">Prensa-cabo<\/a> tamb\u00e9m \u00e9 conhecido como um<a href=\"https:\/\/en.wikipedia.org\/wiki\/Explosion_protection\" target=\"_blank\" rel=\"noopener\"> a prova de explos\u00e3o<\/a> ou prensa-cabo \u00e0 prova de chamas, indicando sua capacidade de resistir a ambientes extremos.<\/p>\n<p>\u00c9 um acess\u00f3rio indispens\u00e1vel para qualquer ambiente onde a seguran\u00e7a seja uma preocupa\u00e7\u00e3o devido \u00e0 presen\u00e7a de atmosferas explosivas. Este prensa-cabo foi especialmente projetado para fornecer uma passagem segura para cabos que passam por \u00e1reas explosivas sem causar nenhum perigo potencial.<\/p>\n<p>O corpo principal do prensa-cabo \u00e9 feito de lat\u00e3o niquelado, o que garante uma constru\u00e7\u00e3o robusta e dur\u00e1vel que pode suportar ambientes agressivos. As pe\u00e7as da bra\u00e7adeira s\u00e3o feitas de nylon PA aprovado pela UL, que \u00e9 um material altamente flex\u00edvel e forte que garante uma fixa\u00e7\u00e3o segura nos cabos.<\/p>\n<p>A veda\u00e7\u00e3o em O do prensa-cabo \u00e9 feita de borracha de nitrilo butadieno (NBR) e borracha resistente a intemp\u00e9ries (EPDM), conhecidas por sua alta resist\u00eancia a intemp\u00e9ries, abras\u00e3o e temperaturas extremas. Isso garante que a gl\u00e2ndula possa suportar uma ampla gama de temperaturas, de -40 \u2103 a 105 \u2103 por um curto per\u00edodo de tempo e at\u00e9 160 \u2103 por breves per\u00edodos.<\/p>\n<p>O prensa-cabo vem com v\u00e1rias especifica\u00e7\u00f5es de rosca, incluindo M\u00e9trico, PG, G e NPT, facilitando a instala\u00e7\u00e3o em v\u00e1rias aplica\u00e7\u00f5es. Al\u00e9m disso, o prensa-cabo possui uma classe de prote\u00e7\u00e3o IP68 usando veda\u00e7\u00e3o O, garantindo que resista \u00e0 entrada de \u00e1gua e poeira mesmo nos ambientes mais hostis. No geral, este prensa-cabo de lat\u00e3o \u00e9 uma escolha confi\u00e1vel e segura para qualquer aplica\u00e7\u00e3o que exija uma veda\u00e7\u00e3o de cabo segura e confi\u00e1vel.<\/p>","protected":false},"featured_media":593,"template":"","meta":{"_kad_post_transparent":"default","_kad_post_title":"","_kad_post_layout":"default","_kad_post_sidebar_id":"","_kad_post_content_style":"default","_kad_post_vertical_padding":"default","_kad_post_feature":"","_kad_post_feature_position":"","_kad_post_header":false,"_kad_post_footer":false,"_kad_post_classname":""},"product_brand":[],"product_cat":[20,22],"product_tag":[213,512,511,513,514,201,510,218,515],"class_list":{"0":"post-590","1":"product","2":"type-product","3":"status-publish","4":"has-post-thumbnail","6":"product_cat-cable-gland","7":"product_cat-metal-water-proof-cable-gand","8":"product_tag-cable-glands-for-explosive-atmosphere","9":"product_tag-cable-glands-for-hazardous-locations","10":"product_tag-explosition-proof-cable-gland","11":"product_tag-explosition-proof-cable-gland-for-hazardous-locations","12":"product_tag-explosive-atmosphere-barrier-cable-gland","13":"product_tag-explosive-atmosphere-cable-gland","14":"product_tag-flameproof-cable-gland","15":"product_tag-hazardous-area-cable-glands","16":"product_tag-industrial-and-hazardous-area-cable-glands","18":"first","19":"instock","20":"featured","21":"shipping-taxable","22":"product-type-simple","23":"entry","24":"content-bg","25":"loop-entry"},"_links":{"self":[{"href":"https:\/\/cagland.com\/pt\/wp-json\/wp\/v2\/product\/590","targetHints":{"allow":["GET"]}}],"collection":[{"href":"https:\/\/cagland.com\/pt\/wp-json\/wp\/v2\/product"}],"about":[{"href":"https:\/\/cagland.com\/pt\/wp-json\/wp\/v2\/types\/product"}],"version-history":[{"count":0,"href":"https:\/\/cagland.com\/pt\/wp-json\/wp\/v2\/product\/590\/revisions"}],"wp:featuredmedia":[{"embeddable":true,"href":"https:\/\/cagland.com\/pt\/wp-json\/wp\/v2\/media\/593"}],"wp:attachment":[{"href":"https:\/\/cagland.com\/pt\/wp-json\/wp\/v2\/media?parent=590"}],"wp:term":[{"taxonomy":"product_brand","embeddable":true,"href":"https:\/\/cagland.com\/pt\/wp-json\/wp\/v2\/product_brand?post=590"},{"taxonomy":"product_cat","embeddable":true,"href":"https:\/\/cagland.com\/pt\/wp-json\/wp\/v2\/product_cat?post=590"},{"taxonomy":"product_tag","embeddable":true,"href":"https:\/\/cagland.com\/pt\/wp-json\/wp\/v2\/product_tag?post=590"}],"curies":[{"name":"wp","href":"https:\/\/api.w.org\/{rel}","templated":true}]}}