{"id":582,"date":"2022-06-09T22:34:37","date_gmt":"2022-06-09T14:34:37","guid":{"rendered":"https:\/\/cagland.com\/?post_type=product&#038;p=582"},"modified":"2023-04-26T20:50:15","modified_gmt":"2023-04-26T12:50:15","slug":"pg9-nylon-grey-ip68-strain-relief-cable-gland","status":"publish","type":"product","link":"https:\/\/cagland.com\/pt\/product\/pg9-nylon-grey-ip68-strain-relief-cable-gland\/","title":{"rendered":"Prensa-cabos flex\u00edveis em espiral"},"content":{"rendered":"","protected":false},"excerpt":{"rendered":"<p>A <a href=\"https:\/\/en.wikipedia.org\/wiki\/Cable_management\" target=\"_blank\" rel=\"noopener\"><strong>prensa-cabo de al\u00edvio de tens\u00e3o<\/strong><\/a> \u00e9 um tipo de conector projetado para prender e proteger os cabos que passam por um painel ou gabinete. O <a href=\"https:\/\/cagland.com\/pt\/what-is-a-cable-gland-your-best-choice\/\" target=\"_blank\" rel=\"noopener\">Prensa-cabo<\/a> apresenta um prensa-cabo de n\u00e1ilon em forma de espiral e conectores de al\u00edvio de tens\u00e3o que ajudam a evitar danos ao cabo por dobra ou pux\u00e3o.<\/p>\n<p>Esses prensa-cabos v\u00eam em diferentes especifica\u00e7\u00f5es de rosca, incluindo M\u00e9trico, PG, G e NPT, tornando-os adequados para uma ampla gama de aplica\u00e7\u00f5es. Eles tamb\u00e9m s\u00e3o projetados para trabalhar em ambientes agressivos, com uma faixa de temperatura de trabalho de -40\u00b0C a 100\u00b0C em estado est\u00e1tico e -20\u00b0C a 80\u00b0C em estado din\u00e2mico. Al\u00e9m disso, a sobreposta oferece resist\u00eancia instant\u00e2nea ao calor de at\u00e9 120\u00b0C.<\/p>\n<p>O corpo principal do prensa-cabo de al\u00edvio de tens\u00e3o \u00e9 feito de lat\u00e3o niquelado, enquanto as pe\u00e7as da bra\u00e7adeira s\u00e3o feitas de nylon PA aprovado pela UL. O O-sealing \u00e9 feito de borracha de nitrilo butadieno (NBR) e borracha de desgaste (EPDM), proporcionando um alto n\u00edvel de prote\u00e7\u00e3o contra \u00e1gua, poeira e outros fatores ambientais. Com grau de prote\u00e7\u00e3o IP68, o prensa-cabo \u00e9 altamente resistente \u00e0 umidade e pode ser utilizado em locais \u00famidos ou \u00famidos.<\/p>\n<p>O prensa-cabo de nylon com al\u00edvio de tens\u00e3o \u00e9 uma maneira confi\u00e1vel e eficiente de prender os cabos e proteg\u00ea-los contra danos. \u00c9 f\u00e1cil de instalar e fornece uma veda\u00e7\u00e3o herm\u00e9tica que ajuda a evitar a entrada de umidade no gabinete. No geral, o prensa-cabo com al\u00edvio de tens\u00e3o \u00e9 um componente essencial para qualquer aplica\u00e7\u00e3o el\u00e9trica ou eletr\u00f4nica em que os cabos precisem ser protegidos de ambientes agressivos ou poss\u00edveis danos.<\/p>\n<p>&nbsp;<\/p>","protected":false},"featured_media":584,"template":"","meta":{"_kad_post_transparent":"default","_kad_post_title":"","_kad_post_layout":"default","_kad_post_sidebar_id":"","_kad_post_content_style":"default","_kad_post_vertical_padding":"default","_kad_post_feature":"","_kad_post_feature_position":"","_kad_post_header":false,"_kad_post_footer":false,"_kad_post_classname":""},"product_brand":[],"product_cat":[20,21],"product_tag":[554,552,553,555,248,550,548,551,549],"class_list":{"0":"post-582","1":"product","2":"type-product","3":"status-publish","4":"has-post-thumbnail","6":"product_cat-cable-gland","7":"product_cat-plastic-water-proof-cable-gland","8":"product_tag-cable-gland-plastic-with-strain-relief","9":"product_tag-cable-gland-spiral-strain-relief","10":"product_tag-gland-with-strain-relief","11":"product_tag-npt-srain-relief-cable-glands","12":"product_tag-nylon-cable-gland-spiral","13":"product_tag-strain-relief","14":"product_tag-strain-relief-cable-gland","15":"product_tag-strain-relief-connectors","16":"product_tag-strain-relief-nylon-cable-gland","18":"first","19":"instock","20":"featured","21":"shipping-taxable","22":"product-type-simple","23":"entry","24":"content-bg","25":"loop-entry"},"_links":{"self":[{"href":"https:\/\/cagland.com\/pt\/wp-json\/wp\/v2\/product\/582","targetHints":{"allow":["GET"]}}],"collection":[{"href":"https:\/\/cagland.com\/pt\/wp-json\/wp\/v2\/product"}],"about":[{"href":"https:\/\/cagland.com\/pt\/wp-json\/wp\/v2\/types\/product"}],"version-history":[{"count":0,"href":"https:\/\/cagland.com\/pt\/wp-json\/wp\/v2\/product\/582\/revisions"}],"wp:featuredmedia":[{"embeddable":true,"href":"https:\/\/cagland.com\/pt\/wp-json\/wp\/v2\/media\/584"}],"wp:attachment":[{"href":"https:\/\/cagland.com\/pt\/wp-json\/wp\/v2\/media?parent=582"}],"wp:term":[{"taxonomy":"product_brand","embeddable":true,"href":"https:\/\/cagland.com\/pt\/wp-json\/wp\/v2\/product_brand?post=582"},{"taxonomy":"product_cat","embeddable":true,"href":"https:\/\/cagland.com\/pt\/wp-json\/wp\/v2\/product_cat?post=582"},{"taxonomy":"product_tag","embeddable":true,"href":"https:\/\/cagland.com\/pt\/wp-json\/wp\/v2\/product_tag?post=582"}],"curies":[{"name":"wp","href":"https:\/\/api.w.org\/{rel}","templated":true}]}}