{"id":572,"date":"2022-06-01T22:12:52","date_gmt":"2022-06-01T14:12:52","guid":{"rendered":"https:\/\/cagland.com\/?post_type=product&#038;p=572"},"modified":"2023-04-26T22:04:37","modified_gmt":"2023-04-26T14:04:37","slug":"best-nylon-waterproof-cable-gland-connector","status":"publish","type":"product","link":"https:\/\/cagland.com\/pt\/product\/best-nylon-waterproof-cable-gland-connector\/","title":{"rendered":"Prensa-cabo S-PG"},"content":{"rendered":"","protected":false},"excerpt":{"rendered":"<p>o S-PG <a href=\"https:\/\/cagland.com\/pt\/what-is-a-cable-gland-your-best-choice\/\" target=\"_blank\" rel=\"noopener\">Prensa-cabo<\/a> \u00e9 dur\u00e1vel e confi\u00e1vel <strong>conector do prensa-cabo<\/strong> projetado para ambientes externos e agressivos. Sua classifica\u00e7\u00e3o IP68 \u00e0 prova d&#039;\u00e1gua de nylon garante que ele esteja protegido contra poeira, \u00e1gua e outros elementos que possam causar danos ao cabo.<\/p>\n<p>Uma das principais caracter\u00edsticas deste prensa-cabo \u00e9 a capacidade de usar uma chave menor, o que economiza espa\u00e7o e facilita a instala\u00e7\u00e3o. Sua constru\u00e7\u00e3o em a\u00e7o inoxid\u00e1vel garante que seja forte e dur\u00e1vel, enquanto suas pe\u00e7as de fixa\u00e7\u00e3o s\u00e3o feitas de nylon PA aprovado pela UL, que oferece prote\u00e7\u00e3o adicional contra a corros\u00e3o.<\/p>\n<p>O prensa-cabo S-PG vem equipado com veda\u00e7\u00e3o em O feita de<a href=\"https:\/\/en.wikipedia.org\/wiki\/Nitrile_rubber\" target=\"_blank\" rel=\"noopener\"> borracha de nitrilo butadieno<\/a> (NBR) e borracha resistente \u00e0s intemp\u00e9ries (EPDM) para fornecer uma veda\u00e7\u00e3o confi\u00e1vel e firme contra umidade e outros fatores ambientais. Est\u00e1 dispon\u00edvel em v\u00e1rias especifica\u00e7\u00f5es de rosca, incluindo M\u00e9trico, PG, G e NPT, para atender a uma ampla variedade de tamanhos de cabos.<\/p>\n<p>Com uma faixa de temperatura de trabalho de -40 \u2103 a 105 \u2103 (por um curto per\u00edodo de tempo at\u00e9 120 \u2103), este prensa-cabo \u00e9 adequado para uso em temperaturas extremas. Sua classe de prote\u00e7\u00e3o IP68, gra\u00e7as ao O-sealing, o torna ideal para uso em ambientes hostis onde a prote\u00e7\u00e3o contra \u00e1gua e poeira \u00e9 obrigat\u00f3ria.<\/p>\n<p>No geral, o prensa-cabo S-PG \u00e9 um conector de prensa-cabo vers\u00e1til e confi\u00e1vel que oferece excelente prote\u00e7\u00e3o contra os elementos, al\u00e9m de ser f\u00e1cil de instalar e usar.<\/p>","protected":false},"featured_media":580,"template":"","meta":{"_kad_post_transparent":"default","_kad_post_title":"","_kad_post_layout":"default","_kad_post_sidebar_id":"","_kad_post_content_style":"default","_kad_post_vertical_padding":"default","_kad_post_feature":"","_kad_post_feature_position":"","_kad_post_header":false,"_kad_post_footer":false,"_kad_post_classname":""},"product_brand":[],"product_cat":[20,21],"product_tag":[157,521,520,519,522,523],"class_list":{"0":"post-572","1":"product","2":"type-product","3":"status-publish","4":"has-post-thumbnail","6":"product_cat-cable-gland","7":"product_cat-plastic-water-proof-cable-gland","8":"product_tag-cable-gland-connector","9":"product_tag-cable-gland-connectors","10":"product_tag-cable-gland-for-connector","11":"product_tag-cable-gland-plugs","12":"product_tag-cable-glands-for-cables-with-connectors","13":"product_tag-waterproof-cable-gland-connectors","15":"first","16":"instock","17":"featured","18":"shipping-taxable","19":"product-type-simple","20":"entry","21":"content-bg","22":"loop-entry"},"_links":{"self":[{"href":"https:\/\/cagland.com\/pt\/wp-json\/wp\/v2\/product\/572","targetHints":{"allow":["GET"]}}],"collection":[{"href":"https:\/\/cagland.com\/pt\/wp-json\/wp\/v2\/product"}],"about":[{"href":"https:\/\/cagland.com\/pt\/wp-json\/wp\/v2\/types\/product"}],"version-history":[{"count":0,"href":"https:\/\/cagland.com\/pt\/wp-json\/wp\/v2\/product\/572\/revisions"}],"wp:featuredmedia":[{"embeddable":true,"href":"https:\/\/cagland.com\/pt\/wp-json\/wp\/v2\/media\/580"}],"wp:attachment":[{"href":"https:\/\/cagland.com\/pt\/wp-json\/wp\/v2\/media?parent=572"}],"wp:term":[{"taxonomy":"product_brand","embeddable":true,"href":"https:\/\/cagland.com\/pt\/wp-json\/wp\/v2\/product_brand?post=572"},{"taxonomy":"product_cat","embeddable":true,"href":"https:\/\/cagland.com\/pt\/wp-json\/wp\/v2\/product_cat?post=572"},{"taxonomy":"product_tag","embeddable":true,"href":"https:\/\/cagland.com\/pt\/wp-json\/wp\/v2\/product_tag?post=572"}],"curies":[{"name":"wp","href":"https:\/\/api.w.org\/{rel}","templated":true}]}}