{"id":564,"date":"2022-06-01T21:21:52","date_gmt":"2022-06-01T13:21:52","guid":{"rendered":"https:\/\/cagland.com\/?post_type=product&#038;p=564"},"modified":"2023-04-26T22:02:30","modified_gmt":"2023-04-26T14:02:30","slug":"nylon-ul-approved-cable-glands-pg-metric-npt-g","status":"publish","type":"product","link":"https:\/\/cagland.com\/pt\/product\/nylon-ul-approved-cable-glands-pg-metric-npt-g\/","title":{"rendered":"prensa-cabo DM"},"content":{"rendered":"","protected":false},"excerpt":{"rendered":"<p>Os prensa-cabos DM s\u00e3o um dos <strong><a href=\"https:\/\/en.wikipedia.org\/wiki\/UL_(safety_organization)\" target=\"_blank\" rel=\"noopener\">UL aprovado<\/a> Prensa-cabos<\/strong>, eles s\u00e3o projetados para fornecer desempenho e prote\u00e7\u00e3o excepcionais para seus cabos e fios. Esses <a href=\"https:\/\/cagland.com\/pt\/what-is-a-cable-gland-your-best-choice\/\" target=\"_blank\" rel=\"noopener\">Prensa-cabos<\/a> s\u00e3o fabricados em nossa f\u00e1brica, que possui certifica\u00e7\u00e3o UL para prensa-cabos M\u00e9trico, PG, G e NPT, garantindo que atendam a r\u00edgidos padr\u00f5es de seguran\u00e7a e qualidade.<\/p>\n<p>Uma das caracter\u00edsticas de destaque dos prensa-cabos DM \u00e9 sua classifica\u00e7\u00e3o UL \u00e0 prova de explos\u00e3o, o que os torna ideais para uso em ambientes perigosos onde gases ou poeira inflam\u00e1veis est\u00e3o presentes. Esses prensa-cabos aprovados pela UL foram rigorosamente testados para garantir que possam suportar as condi\u00e7\u00f5es mais dif\u00edceis e fornecer prote\u00e7\u00e3o confi\u00e1vel contra explos\u00f5es.<\/p>\n<p>Al\u00e9m de sua classifica\u00e7\u00e3o \u00e0 prova de explos\u00e3o, os prensa-cabos DM tamb\u00e9m s\u00e3o dur\u00e1veis e \u00e0 prova de poeira, proporcionando excelente prote\u00e7\u00e3o para seus cabos e fios. Eles s\u00e3o constru\u00eddos com materiais de alta qualidade projetados para resistir a ambientes agressivos, garantindo que seus cabos permane\u00e7am seguros e protegidos o tempo todo.<\/p>\n<p>Apesar de suas caracter\u00edsticas impressionantes, os prensa-cabos DM est\u00e3o dispon\u00edveis a um pre\u00e7o acess\u00edvel, tornando-os uma excelente escolha para empresas que procuram uma solu\u00e7\u00e3o econ\u00f4mica. Eles s\u00e3o prensa-cabos de nylon aprovados pela UL, o que significa que atendem aos r\u00edgidos padr\u00f5es de seguran\u00e7a e qualidade estabelecidos pelos Underwriters Laboratories.<\/p>\n<p>Finalmente, os prensa-cabos DM s\u00e3o feitos de nylon PA66 PVC aprovado pela UL, que \u00e9 um material de alta qualidade conhecido por sua durabilidade e resist\u00eancia. Isso garante que seus cabos e fios sejam protegidos contra danos e garante confiabilidade a longo prazo para suas instala\u00e7\u00f5es el\u00e9tricas.<\/p>","protected":false},"featured_media":570,"template":"","meta":{"_kad_post_transparent":"default","_kad_post_title":"","_kad_post_layout":"default","_kad_post_sidebar_id":"","_kad_post_content_style":"default","_kad_post_vertical_padding":"default","_kad_post_feature":"","_kad_post_feature_position":"","_kad_post_header":false,"_kad_post_footer":false,"_kad_post_classname":""},"product_brand":[],"product_cat":[20,21],"product_tag":[537,533,535,536,166,538,532,534],"class_list":{"0":"post-564","1":"product","2":"type-product","3":"status-publish","4":"has-post-thumbnail","6":"product_cat-cable-gland","7":"product_cat-plastic-water-proof-cable-gland","8":"product_tag-best-price-ul-approved-nylon-cable-gland","9":"product_tag-cable-gland-certification","10":"product_tag-durable-and-dustproof-ul-approved-cable-gland","11":"product_tag-north-american-cable-glands","12":"product_tag-ul-approved-cable-glands","13":"product_tag-ul-approved-nylon-pa66-pvc-nylon-cable-gland","14":"product_tag-ul-csa-approved-products","15":"product_tag-ul-explosion-proof-cable-glands","17":"first","18":"instock","19":"shipping-taxable","20":"product-type-simple","21":"entry","22":"content-bg","23":"loop-entry"},"_links":{"self":[{"href":"https:\/\/cagland.com\/pt\/wp-json\/wp\/v2\/product\/564","targetHints":{"allow":["GET"]}}],"collection":[{"href":"https:\/\/cagland.com\/pt\/wp-json\/wp\/v2\/product"}],"about":[{"href":"https:\/\/cagland.com\/pt\/wp-json\/wp\/v2\/types\/product"}],"version-history":[{"count":0,"href":"https:\/\/cagland.com\/pt\/wp-json\/wp\/v2\/product\/564\/revisions"}],"wp:featuredmedia":[{"embeddable":true,"href":"https:\/\/cagland.com\/pt\/wp-json\/wp\/v2\/media\/570"}],"wp:attachment":[{"href":"https:\/\/cagland.com\/pt\/wp-json\/wp\/v2\/media?parent=564"}],"wp:term":[{"taxonomy":"product_brand","embeddable":true,"href":"https:\/\/cagland.com\/pt\/wp-json\/wp\/v2\/product_brand?post=564"},{"taxonomy":"product_cat","embeddable":true,"href":"https:\/\/cagland.com\/pt\/wp-json\/wp\/v2\/product_cat?post=564"},{"taxonomy":"product_tag","embeddable":true,"href":"https:\/\/cagland.com\/pt\/wp-json\/wp\/v2\/product_tag?post=564"}],"curies":[{"name":"wp","href":"https:\/\/api.w.org\/{rel}","templated":true}]}}