{"id":547,"date":"2022-06-01T20:32:44","date_gmt":"2022-06-01T12:32:44","guid":{"rendered":"https:\/\/cagland.com\/?post_type=product&#038;p=547"},"modified":"2023-04-26T20:37:56","modified_gmt":"2023-04-26T12:37:56","slug":"dual-abs-solar-cable-entry-gland-nylon-m25","status":"publish","type":"product","link":"https:\/\/cagland.com\/pt\/product\/dual-abs-solar-cable-entry-gland-nylon-m25\/","title":{"rendered":"Prensa-cabo SM"},"content":{"rendered":"","protected":false},"excerpt":{"rendered":"<p>A <a href=\"https:\/\/cagland.com\/pt\/what-is-a-cable-gland-your-best-choice\/\" target=\"_blank\" rel=\"noopener\"><strong>bucim de entrada de cabo<\/strong><\/a> \u00e9 um componente vital usado para fornecer uma veda\u00e7\u00e3o segura e confi\u00e1vel ao redor dos cabos conforme eles passam por um gabinete. Ele foi projetado para proteger os cabos contra danos causados por fatores ambientais, como umidade, poeira e temperaturas extremas. A principal vantagem dos prensa-cabos \u00e9 que eles fornecem uma maneira simples e eficiente de passar cabos atrav\u00e9s de paredes, tetos ou outras barreiras, mantendo uma veda\u00e7\u00e3o \u00e0 prova d&#039;\u00e1gua.<\/p>\n<p>Em aplica\u00e7\u00f5es industriais, os prensa-cabos s\u00e3o comumente usados para proteger cabos el\u00e9tricos, de dados e de comunica\u00e7\u00e3o. Especificamente, para aplica\u00e7\u00f5es solares, o bucim de entrada de cabo solar \u00e9 uma vers\u00e3o especializada otimizada para uso com cabos solares fotovoltaicos (PV). Essas gl\u00e2ndulas apresentam um design exclusivo que permite f\u00e1cil instala\u00e7\u00e3o, mesmo em ambientes externos desafiadores. S\u00e3o componentes essenciais que garantem a transmiss\u00e3o segura e confi\u00e1vel de energia dos pain\u00e9is solares para o inversor e rede el\u00e9trica.<\/p>\n<p>O corpo principal do prensa-cabo \u00e9 feito de <a href=\"https:\/\/en.wikipedia.org\/wiki\/Electroless_nickel-phosphorus_plating\" target=\"_blank\" rel=\"noopener\">lat\u00e3o niquelado<\/a>, que oferece excelente resist\u00eancia \u00e0 corros\u00e3o e durabilidade. As pe\u00e7as da bra\u00e7adeira s\u00e3o feitas de nylon PA aprovado pela UL, que \u00e9 um material forte e leve que resiste a impactos, abras\u00e3o e produtos qu\u00edmicos. O O-sealing \u00e9 feito de borracha de nitrilo butadieno (NBR) e borracha de desgaste (EPDM), proporcionando excelentes propriedades de veda\u00e7\u00e3o e resist\u00eancia \u00e0s intemp\u00e9ries.<\/p>\n<p>O prensa-cabo est\u00e1 dispon\u00edvel em v\u00e1rias especifica\u00e7\u00f5es de rosca, incluindo M\u00e9trico, PG, G e NPT, facilitando a integra\u00e7\u00e3o com diferentes tipos de gabinetes. Pode suportar uma ampla gama de temperaturas, de -40\u00b0C a 100\u00b0C em estado est\u00e1tico, com resist\u00eancia instant\u00e2nea ao calor de at\u00e9 120\u00b0C. Em estado din\u00e2mico, a gaxeta pode tolerar temperaturas que variam de -20\u00b0C a 80\u00b0C, com resist\u00eancia instant\u00e2nea ao calor de at\u00e9 100\u00b0C. Al\u00e9m disso, o prensa-cabo possui um n\u00edvel de prote\u00e7\u00e3o IP68 ao usar veda\u00e7\u00e3o O, garantindo prote\u00e7\u00e3o confi\u00e1vel contra entrada de poeira e \u00e1gua.<\/p>\n<p>Em resumo, o prensa-cabos \u00e9 um componente cr\u00edtico em qualquer ambiente industrial que exija uma veda\u00e7\u00e3o segura e confi\u00e1vel ao redor dos cabos. O bucim de entrada de cabo solar \u00e9 uma vers\u00e3o especializada otimizada para uso em aplica\u00e7\u00f5es solares, com recursos como design exclusivo, materiais resistentes a intemp\u00e9ries e v\u00e1rias especifica\u00e7\u00f5es de rosca. Suas propriedades confi\u00e1veis de veda\u00e7\u00e3o e prote\u00e7\u00e3o o tornam um componente essencial para garantir a transmiss\u00e3o segura e confi\u00e1vel de energia em instala\u00e7\u00f5es solares.<\/p>","protected":false},"featured_media":554,"template":"","meta":{"_kad_post_transparent":"default","_kad_post_title":"","_kad_post_layout":"default","_kad_post_sidebar_id":"","_kad_post_content_style":"default","_kad_post_vertical_padding":"default","_kad_post_feature":"","_kad_post_feature_position":"","_kad_post_header":false,"_kad_post_footer":false,"_kad_post_classname":""},"product_brand":[],"product_cat":[20,21],"product_tag":[544,540,546,541,542,547,545,539,543],"class_list":{"0":"post-547","1":"product","2":"type-product","3":"status-publish","4":"has-post-thumbnail","6":"product_cat-cable-gland","7":"product_cat-plastic-water-proof-cable-gland","8":"product_tag-abs-black-solar-cable-entry-gland","9":"product_tag-cable-entry-gland","10":"product_tag-cable-entry-gland-for-roof-plate","11":"product_tag-dual-gland-solar-cabling-entry-point","12":"product_tag-solar-cable-entry-gland","13":"product_tag-solar-single-cable-entry-gland","14":"product_tag-waterproof-double-cable-entry-gland","15":"product_tag-white-abs-solar-cable-entry","16":"product_tag-white-abs-solar-cable-entry-point","18":"first","19":"instock","20":"shipping-taxable","21":"product-type-simple","22":"entry","23":"content-bg","24":"loop-entry"},"_links":{"self":[{"href":"https:\/\/cagland.com\/pt\/wp-json\/wp\/v2\/product\/547","targetHints":{"allow":["GET"]}}],"collection":[{"href":"https:\/\/cagland.com\/pt\/wp-json\/wp\/v2\/product"}],"about":[{"href":"https:\/\/cagland.com\/pt\/wp-json\/wp\/v2\/types\/product"}],"version-history":[{"count":0,"href":"https:\/\/cagland.com\/pt\/wp-json\/wp\/v2\/product\/547\/revisions"}],"wp:featuredmedia":[{"embeddable":true,"href":"https:\/\/cagland.com\/pt\/wp-json\/wp\/v2\/media\/554"}],"wp:attachment":[{"href":"https:\/\/cagland.com\/pt\/wp-json\/wp\/v2\/media?parent=547"}],"wp:term":[{"taxonomy":"product_brand","embeddable":true,"href":"https:\/\/cagland.com\/pt\/wp-json\/wp\/v2\/product_brand?post=547"},{"taxonomy":"product_cat","embeddable":true,"href":"https:\/\/cagland.com\/pt\/wp-json\/wp\/v2\/product_cat?post=547"},{"taxonomy":"product_tag","embeddable":true,"href":"https:\/\/cagland.com\/pt\/wp-json\/wp\/v2\/product_tag?post=547"}],"curies":[{"name":"wp","href":"https:\/\/api.w.org\/{rel}","templated":true}]}}