{"id":538,"date":"2022-06-01T13:57:57","date_gmt":"2022-06-01T05:57:57","guid":{"rendered":"https:\/\/cagland.com\/?post_type=product&#038;p=538"},"modified":"2023-04-26T22:00:08","modified_gmt":"2023-04-26T14:00:08","slug":"plastic-cable-gland-g-type-cheapest","status":"publish","type":"product","link":"https:\/\/cagland.com\/pt\/product\/plastic-cable-gland-g-type-cheapest\/","title":{"rendered":"Prensa-cabo G"},"content":{"rendered":"","protected":false},"excerpt":{"rendered":"<p>Em termos de pl\u00e1stico tipo G <a href=\"https:\/\/cagland.com\/pt\/what-is-a-cable-gland-your-best-choice\/\" target=\"_blank\" rel=\"noopener\">Prensa-cabo<\/a>, No Unified Thread Standard, a letra G geralmente representa a especifica\u00e7\u00e3o do thread. Especificamente, o prensa-cabo de pl\u00e1stico tipo G \u00e9 frequentemente usado para descrever o tipo de rosca e seus par\u00e2metros, como passo e di\u00e2metro nominal. O significado de G pode variar um pouco dependendo do tipo de rosca, por isso \u00e9 necess\u00e1ria uma an\u00e1lise espec\u00edfica. Por exemplo, no Unified Gross Thread (UNC), G representa o rec\u00edproco da raz\u00e3o do di\u00e2metro nominal para o passo, enquanto no Unified Fine Thread (UNF), G representa o rec\u00edproco da raz\u00e3o do di\u00e2metro nominal para o passo menos 0,099.<\/p>\n<p>o tamanho do <a href=\"https:\/\/en.wikipedia.org\/wiki\/British_Standard_Pipe\" target=\"_blank\" rel=\"noopener\">fio G<\/a> \u00e9 designado por um n\u00famero que representa o di\u00e2metro da rosca em mil\u00edmetros. Por exemplo, um prensa-cabo G1\/2 tem um di\u00e2metro de rosca de 12,5 mm, enquanto um prensa-cabo G3\/4 tem um di\u00e2metro de rosca de 19 mm.<\/p>\n<p>A rosca G tem um \u00e2ngulo de rosca de 60 graus e uma forma cil\u00edndrica. Ele \u00e9 projetado para fornecer uma conex\u00e3o segura e confi\u00e1vel entre o prensa-cabo e o equipamento ou inv\u00f3lucro, bem como para evitar a entrada de poeira, \u00e1gua e outros contaminantes no inv\u00f3lucro.<\/p>","protected":false},"featured_media":540,"template":"","meta":{"_kad_post_transparent":"default","_kad_post_title":"","_kad_post_layout":"default","_kad_post_sidebar_id":"","_kad_post_content_style":"default","_kad_post_vertical_padding":"default","_kad_post_feature":"","_kad_post_feature_position":"","_kad_post_header":false,"_kad_post_footer":false,"_kad_post_classname":""},"product_brand":[],"product_cat":[20,21],"product_tag":[482,477,475,478,476,481,474,480,483,479],"class_list":{"0":"post-538","1":"product","2":"type-product","3":"status-publish","4":"has-post-thumbnail","6":"product_cat-cable-gland","7":"product_cat-plastic-water-proof-cable-gland","8":"product_tag-black-nylon-cable-gland","9":"product_tag-british-general-plastic-cable-gland","10":"product_tag-cable-gland-plastic","11":"product_tag-nylon-cable-gands","12":"product_tag-nylon-flexible-cable-gland","13":"product_tag-plastic-cable-gland-connector","14":"product_tag-plastic-cable-glands","15":"product_tag-polyamide-cable-gland","16":"product_tag-ul-nylon-cable-gland","17":"product_tag-wholesale-cable-glands","19":"first","20":"instock","21":"shipping-taxable","22":"product-type-simple","23":"entry","24":"content-bg","25":"loop-entry"},"_links":{"self":[{"href":"https:\/\/cagland.com\/pt\/wp-json\/wp\/v2\/product\/538","targetHints":{"allow":["GET"]}}],"collection":[{"href":"https:\/\/cagland.com\/pt\/wp-json\/wp\/v2\/product"}],"about":[{"href":"https:\/\/cagland.com\/pt\/wp-json\/wp\/v2\/types\/product"}],"version-history":[{"count":0,"href":"https:\/\/cagland.com\/pt\/wp-json\/wp\/v2\/product\/538\/revisions"}],"wp:featuredmedia":[{"embeddable":true,"href":"https:\/\/cagland.com\/pt\/wp-json\/wp\/v2\/media\/540"}],"wp:attachment":[{"href":"https:\/\/cagland.com\/pt\/wp-json\/wp\/v2\/media?parent=538"}],"wp:term":[{"taxonomy":"product_brand","embeddable":true,"href":"https:\/\/cagland.com\/pt\/wp-json\/wp\/v2\/product_brand?post=538"},{"taxonomy":"product_cat","embeddable":true,"href":"https:\/\/cagland.com\/pt\/wp-json\/wp\/v2\/product_cat?post=538"},{"taxonomy":"product_tag","embeddable":true,"href":"https:\/\/cagland.com\/pt\/wp-json\/wp\/v2\/product_tag?post=538"}],"curies":[{"name":"wp","href":"https:\/\/api.w.org\/{rel}","templated":true}]}}