{"id":530,"date":"2022-06-01T12:30:24","date_gmt":"2022-06-01T04:30:24","guid":{"rendered":"https:\/\/cagland.com\/?post_type=product&#038;p=530"},"modified":"2023-04-26T21:51:12","modified_gmt":"2023-04-26T13:51:12","slug":"npt-cable-glands-thread-types-best-nylon","status":"publish","type":"product","link":"https:\/\/cagland.com\/pt\/product\/npt-cable-glands-thread-types-best-nylon\/","title":{"rendered":"Prensa-cabo NPT"},"content":{"rendered":"","protected":false},"excerpt":{"rendered":"<p>Um <strong>prensa cabo NPT<\/strong> \u00e9 um tipo de <a href=\"https:\/\/cagland.com\/pt\/what-is-a-cable-gland-your-best-choice\/\" target=\"_blank\" rel=\"noopener\">Prensa-cabo<\/a> usado para proteger e vedar cabos el\u00e9tricos que passam por um gabinete ou painel. O termo \u201cNPT\u201d significa National Pipe Taper, que se refere ao padr\u00e3o americano para roscas c\u00f4nicas usadas em tubos e conex\u00f5es. Esses prensa-cabos s\u00e3o projetados com uma rosca c\u00f4nica que permite que sejam facilmente aparafusados em gabinetes ou pain\u00e9is com roscas correspondentes.<\/p>\n<p>Os prensa-cabos NPT s\u00e3o feitos de materiais de alta qualidade, como Nylon e Nylon PA6 PP, esses prensa-cabos podem suportar temperaturas de trabalho que variam de -40\u2103 a 100\u2103, com toler\u00e2ncias de temperatura de curto prazo de at\u00e9 120\u2103. Eles s\u00e3o uma classifica\u00e7\u00e3o \u00e0 prova d&#039;\u00e1gua IP68, esses prensa-cabos s\u00e3o capazes de proteger seus cabos e equipamentos dos ambientes mais hostis.<\/p>\n<p>Uma das principais caracter\u00edsticas do <a href=\"https:\/\/en.wikipedia.org\/wiki\/National_pipe_thread\" target=\"_blank\" rel=\"noopener\">Cabo de rosca NPT<\/a> gl\u00e2ndulas \u00e9 a sua personaliza\u00e7\u00e3o. Esses prensa-cabos podem ser personalizados para atender \u00e0s suas necessidades espec\u00edficas, incluindo o tamanho e a forma do ponto de entrada do cabo, o tipo de rosca e o n\u00famero de pontos de entrada. Al\u00e9m disso, eles podem ser produzidos em uma variedade de cores, incluindo cinza, preto, branco e vermelho.<\/p>\n<p>Para personalizar ainda mais esses prensa-cabos, eles tamb\u00e9m podem ser rotulados com etiquetas OEM, permitindo que voc\u00ea promova sua marca e mantenha a marca consistente em todo o seu equipamento. No geral, os prensa-cabos de rosca NPT s\u00e3o uma excelente escolha para quem procura uma solu\u00e7\u00e3o personaliz\u00e1vel, \u00e0 prova d&#039;\u00e1gua e de n\u00edvel industrial para gerenciamento de cabos.<\/p>","protected":false},"featured_media":537,"template":"","meta":{"_kad_post_transparent":"default","_kad_post_title":"","_kad_post_layout":"default","_kad_post_sidebar_id":"","_kad_post_content_style":"default","_kad_post_vertical_padding":"default","_kad_post_feature":"","_kad_post_feature_position":"","_kad_post_header":false,"_kad_post_footer":false,"_kad_post_classname":""},"product_brand":[],"product_cat":[20,21],"product_tag":[449,452,443,448,455,453,445,127,125,447],"class_list":{"0":"post-530","1":"product","2":"type-product","3":"status-publish","4":"has-post-thumbnail","6":"product_cat-cable-gland","7":"product_cat-plastic-water-proof-cable-gland","8":"product_tag-cable-gland-with-npt-threads","9":"product_tag-explosion-proof-cable-gland-npt-thread","10":"product_tag-npt-cable-gland","11":"product_tag-npt-nylon-cable-glands","12":"product_tag-npt-standard-cable-glands","13":"product_tag-npt-strain-relief-cable-glands","14":"product_tag-npt-thread-cable-gland","15":"product_tag-npt-thread-cable-glands","16":"product_tag-npt-thread-glands","17":"product_tag-npt-thread-type-cable-gland","19":"first","20":"instock","21":"shipping-taxable","22":"product-type-simple","23":"entry","24":"content-bg","25":"loop-entry"},"_links":{"self":[{"href":"https:\/\/cagland.com\/pt\/wp-json\/wp\/v2\/product\/530","targetHints":{"allow":["GET"]}}],"collection":[{"href":"https:\/\/cagland.com\/pt\/wp-json\/wp\/v2\/product"}],"about":[{"href":"https:\/\/cagland.com\/pt\/wp-json\/wp\/v2\/types\/product"}],"version-history":[{"count":0,"href":"https:\/\/cagland.com\/pt\/wp-json\/wp\/v2\/product\/530\/revisions"}],"wp:featuredmedia":[{"embeddable":true,"href":"https:\/\/cagland.com\/pt\/wp-json\/wp\/v2\/media\/537"}],"wp:attachment":[{"href":"https:\/\/cagland.com\/pt\/wp-json\/wp\/v2\/media?parent=530"}],"wp:term":[{"taxonomy":"product_brand","embeddable":true,"href":"https:\/\/cagland.com\/pt\/wp-json\/wp\/v2\/product_brand?post=530"},{"taxonomy":"product_cat","embeddable":true,"href":"https:\/\/cagland.com\/pt\/wp-json\/wp\/v2\/product_cat?post=530"},{"taxonomy":"product_tag","embeddable":true,"href":"https:\/\/cagland.com\/pt\/wp-json\/wp\/v2\/product_tag?post=530"}],"curies":[{"name":"wp","href":"https:\/\/api.w.org\/{rel}","templated":true}]}}