{"id":519,"date":"2022-06-01T10:29:07","date_gmt":"2022-06-01T02:29:07","guid":{"rendered":"https:\/\/cagland.com\/?post_type=product&#038;p=519"},"modified":"2023-04-26T21:51:31","modified_gmt":"2023-04-26T13:51:31","slug":"pg7-cable-gland-best-nylon-ip68-waterproof","status":"publish","type":"product","link":"https:\/\/cagland.com\/pt\/product\/pg7-cable-gland-best-nylon-ip68-waterproof\/","title":{"rendered":"Prensa-cabo PG"},"content":{"rendered":"","protected":false},"excerpt":{"rendered":"<p>um PG <a href=\"https:\/\/cagland.com\/pt\/what-is-a-cable-gland-your-best-choice\/\" target=\"_blank\" rel=\"noopener\">Prensa-cabo<\/a> \u00e9 um dispositivo usado para conectar e prender um cabo el\u00e9trico a um gabinete ou pe\u00e7a de equipamento. O termo \u201cPG\u201d significa \u201c<a href=\"https:\/\/de.wikipedia.org\/wiki\/Stahlpanzerrohrgewinde\" target=\"_blank\" rel=\"noopener\">Panzer Gewinde<\/a>\u201d, que \u00e9 a palavra alem\u00e3 para fio blindado. Esses prensa-cabos s\u00e3o projetados para fornecer uma conex\u00e3o segura e confi\u00e1vel, al\u00e9m de proteger o cabo contra poeira, sujeira e umidade.<\/p>\n<p>Um dos tipos mais comuns de prensa-cabo PG \u00e9 o prensa-cabo pg7. Esse tamanho \u00e9 normalmente usado com cabos menores, como os encontrados em pain\u00e9is de controle ou aplica\u00e7\u00f5es de instrumenta\u00e7\u00e3o. O bucim pg7 possui um colar rosqueado que \u00e9 aparafusado no inv\u00f3lucro ou no equipamento, ao mesmo tempo em que comprime uma veda\u00e7\u00e3o de borracha ao redor do cabo para criar uma veda\u00e7\u00e3o \u00e0 prova d&#039;\u00e1gua.<\/p>\n<p>Ao selecionar um prensa-cabo pg7 para sua aplica\u00e7\u00e3o, \u00e9 importante considerar fatores como compatibilidade de material, faixa de temperatura e condi\u00e7\u00f5es ambientais. Voc\u00ea tamb\u00e9m pode precisar escolher entre as vers\u00f5es padr\u00e3o ou EMC, dependendo de seus requisitos espec\u00edficos. No geral, os prensa-cabos PG oferecem uma solu\u00e7\u00e3o simples, por\u00e9m eficaz, para prender seus cabos e proteg\u00ea-los de elementos externos.<\/p>\n<p>Nossa f\u00e1brica oferece servi\u00e7o oem, <a href=\"https:\/\/en.wikipedia.org\/wiki\/Panzergewinde\" target=\"_blank\" rel=\"noopener\">prensa-cabos PG<\/a> s\u00e3o feitos de nylon de alta qualidade, PA6, PP, lat\u00e3o, pvc e outros materiais personalizados, esses prensa-cabos podem suportar temperaturas variando de -40\u2103 a 100\u2103 (com uso de curto prazo de at\u00e9 120\u2103). Eles est\u00e3o dispon\u00edveis em uma variedade de cores personalizadas, incluindo cinza, preto, branco, vermelho e outras cores personalizadas, facilitando a correspond\u00eancia de seus prensa-cabos com seu equipamento ou maquin\u00e1rio.<\/p>\n<p>Os prensa-cabos PG est\u00e3o dispon\u00edveis em v\u00e1rios tamanhos e podem ser personalizados para atender \u00e0s suas necessidades espec\u00edficas.<\/p>","protected":false},"featured_media":526,"template":"","meta":{"_kad_post_transparent":"default","_kad_post_title":"","_kad_post_layout":"default","_kad_post_sidebar_id":"","_kad_post_content_style":"default","_kad_post_vertical_padding":"default","_kad_post_feature":"","_kad_post_feature_position":"","_kad_post_header":false,"_kad_post_footer":false,"_kad_post_classname":""},"product_brand":[],"product_cat":[20,21],"product_tag":[467,472,468,465,462,459,457,458,461,464,469,471,463,470,466,456,460,116,103,473],"class_list":{"0":"post-519","1":"product","2":"type-product","3":"status-publish","4":"has-post-thumbnail","6":"product_cat-cable-gland","7":"product_cat-plastic-water-proof-cable-gland","8":"product_tag-black-waterproof-connectors-pg7-cable-glands","9":"product_tag-brass-cable-gland-pg7","10":"product_tag-cable-gland-nylon-pg7","11":"product_tag-cable-glands-pg-thread-pg7","12":"product_tag-cable-glands-pg7-thread","13":"product_tag-pg-cable-gland","14":"product_tag-pg11-cable-gland","15":"product_tag-pg16-cable-gland","16":"product_tag-pg7-black-nylon-cable-glands","17":"product_tag-pg7-black-polyamide","18":"product_tag-pg7-brass-cable-gland","19":"product_tag-pg7-cable-gland-connector","20":"product_tag-pg7-ip68-waterproof-nylon-plastic-cable-gland","21":"product_tag-pg7-liquid-tight-cable-gland","22":"product_tag-pg7-nylon-cable-gands","23":"product_tag-pg7-nylon-waterproof-cable-glands","24":"product_tag-pg7-plastic-cable-gland","25":"product_tag-pg9-cable-gland","26":"product_tag-polymer-cable-gland-pg7-grey","27":"product_tag-pvc-cable-gland-pg7","29":"first","30":"instock","31":"featured","32":"shipping-taxable","33":"product-type-simple","34":"entry","35":"content-bg","36":"loop-entry"},"_links":{"self":[{"href":"https:\/\/cagland.com\/pt\/wp-json\/wp\/v2\/product\/519","targetHints":{"allow":["GET"]}}],"collection":[{"href":"https:\/\/cagland.com\/pt\/wp-json\/wp\/v2\/product"}],"about":[{"href":"https:\/\/cagland.com\/pt\/wp-json\/wp\/v2\/types\/product"}],"version-history":[{"count":0,"href":"https:\/\/cagland.com\/pt\/wp-json\/wp\/v2\/product\/519\/revisions"}],"wp:featuredmedia":[{"embeddable":true,"href":"https:\/\/cagland.com\/pt\/wp-json\/wp\/v2\/media\/526"}],"wp:attachment":[{"href":"https:\/\/cagland.com\/pt\/wp-json\/wp\/v2\/media?parent=519"}],"wp:term":[{"taxonomy":"product_brand","embeddable":true,"href":"https:\/\/cagland.com\/pt\/wp-json\/wp\/v2\/product_brand?post=519"},{"taxonomy":"product_cat","embeddable":true,"href":"https:\/\/cagland.com\/pt\/wp-json\/wp\/v2\/product_cat?post=519"},{"taxonomy":"product_tag","embeddable":true,"href":"https:\/\/cagland.com\/pt\/wp-json\/wp\/v2\/product_tag?post=519"}],"curies":[{"name":"wp","href":"https:\/\/api.w.org\/{rel}","templated":true}]}}