{"id":446,"date":"2022-05-24T23:21:59","date_gmt":"2022-05-24T15:21:59","guid":{"rendered":"https:\/\/cagland.com\/?post_type=product&#038;p=446"},"modified":"2023-04-26T22:08:56","modified_gmt":"2023-04-26T14:08:56","slug":"best-nylon-m20-cable-gland","status":"publish","type":"product","link":"https:\/\/cagland.com\/pt\/product\/best-nylon-m20-cable-gland\/","title":{"rendered":"Prensa de Cabo M\u00e9trica"},"content":{"rendered":"","protected":false},"excerpt":{"rendered":"<p>Uma m\u00e9trica <a href=\"https:\/\/cagland.com\/pt\/what-is-a-cable-gland-your-best-choice\/\">Prensa-cabo<\/a> \u00e9 um tipo de prensa-cabo projetado para conectar e vedar com seguran\u00e7a cabos m\u00e9tricos. Um tipo popular de prensa-cabo m\u00e9trico \u00e9 o prensa-cabo M20. Esse tamanho \u00e9 comumente usado em aplica\u00e7\u00f5es industriais que exigem uma solu\u00e7\u00e3o confi\u00e1vel e robusta para gerenciamento de cabos. O prensa-cabo M20 pode acomodar cabos com di\u00e2metros variando de 6 mm a 12 mm, tornando-o adequado para uma ampla gama de aplica\u00e7\u00f5es.<\/p>\n<p>Cabos m\u00e9tricos s\u00e3o cabos que seguem o<a href=\"https:\/\/en.wikipedia.org\/wiki\/IEC_metric_screw_sized_connectors\" target=\"_blank\" rel=\"noopener\"> parafuso m\u00e9trico<\/a> sistema de medi\u00e7\u00e3o, que \u00e9 comumente usado na Europa e em muitas outras partes do mundo. A vantagem de usar cabos m\u00e9tricos \u00e9 que eles s\u00e3o padronizados e podem ser facilmente intercambiados entre diferentes pa\u00edses e ind\u00fastrias.<\/p>\n<p>Os prensa-cabos m\u00e9tricos encontram amplas aplica\u00e7\u00f5es industriais em v\u00e1rios campos, como manufatura, automotivo, aeroespacial, telecomunica\u00e7\u00f5es e energia renov\u00e1vel. Eles s\u00e3o usados para proteger os cabos contra umidade, poeira e outros riscos ambientais, garantindo que permane\u00e7am seguros e protegidos o tempo todo.<\/p>\n<p>Os prensa-cabos m\u00e9tricos personalizados est\u00e3o dispon\u00edveis em diferentes tamanhos, formas e materiais para atender a v\u00e1rios tipos de cabos e aplica\u00e7\u00f5es. Os fabricantes OEM produzem esses prensa-cabos para atender \u00e0s necessidades espec\u00edficas dos clientes e fornecer solu\u00e7\u00f5es confi\u00e1veis e duradouras para gerenciamento de cabos.<\/p>","protected":false},"featured_media":503,"template":"","meta":{"_kad_post_transparent":"default","_kad_post_title":"","_kad_post_layout":"default","_kad_post_sidebar_id":"","_kad_post_content_style":"default","_kad_post_vertical_padding":"default","_kad_post_feature":"","_kad_post_feature_position":"","_kad_post_header":false,"_kad_post_footer":false,"_kad_post_classname":""},"product_brand":[],"product_cat":[20,21],"product_tag":[496,502,501,499,500,509,36,503,508,45,44,46,498,504,497,506,507,505],"class_list":{"0":"post-446","1":"product","2":"type-product","3":"status-publish","4":"has-post-thumbnail","6":"product_cat-cable-gland","7":"product_cat-plastic-water-proof-cable-gland","8":"product_tag-black-nylon-cable-gland-m20-thread","9":"product_tag-cable-gland-gp-nylon-m20","10":"product_tag-cable-gland-metal-m20-thread","11":"product_tag-cable-glands-m20","12":"product_tag-gland-cable-nylon-m20x15mm","13":"product_tag-grey-m20-cable-gland","14":"product_tag-m20-cable-gland","15":"product_tag-m20-cable-glands","16":"product_tag-m20-explosion-proof-cable-gland","17":"product_tag-m20-plastic-cable-gland","18":"product_tag-m20-waterproof-cable-gland","19":"product_tag-m20-x-1-5-cable-glands","20":"product_tag-nylon-cable-gland-m20","21":"product_tag-nylon-gland-ip68-black-20mm","22":"product_tag-nylon-qc-gland-m20","23":"product_tag-plastic-cable-gland-m20","24":"product_tag-splashproof-m20-cable-gland","25":"product_tag-white-plastic-waterproof-cable-glands-m20","27":"first","28":"instock","29":"featured","30":"shipping-taxable","31":"product-type-simple","32":"entry","33":"content-bg","34":"loop-entry"},"_links":{"self":[{"href":"https:\/\/cagland.com\/pt\/wp-json\/wp\/v2\/product\/446","targetHints":{"allow":["GET"]}}],"collection":[{"href":"https:\/\/cagland.com\/pt\/wp-json\/wp\/v2\/product"}],"about":[{"href":"https:\/\/cagland.com\/pt\/wp-json\/wp\/v2\/types\/product"}],"version-history":[{"count":0,"href":"https:\/\/cagland.com\/pt\/wp-json\/wp\/v2\/product\/446\/revisions"}],"wp:featuredmedia":[{"embeddable":true,"href":"https:\/\/cagland.com\/pt\/wp-json\/wp\/v2\/media\/503"}],"wp:attachment":[{"href":"https:\/\/cagland.com\/pt\/wp-json\/wp\/v2\/media?parent=446"}],"wp:term":[{"taxonomy":"product_brand","embeddable":true,"href":"https:\/\/cagland.com\/pt\/wp-json\/wp\/v2\/product_brand?post=446"},{"taxonomy":"product_cat","embeddable":true,"href":"https:\/\/cagland.com\/pt\/wp-json\/wp\/v2\/product_cat?post=446"},{"taxonomy":"product_tag","embeddable":true,"href":"https:\/\/cagland.com\/pt\/wp-json\/wp\/v2\/product_tag?post=446"}],"curies":[{"name":"wp","href":"https:\/\/api.w.org\/{rel}","templated":true}]}}