{"id":590,"date":"2022-06-09T23:26:49","date_gmt":"2022-06-09T15:26:49","guid":{"rendered":"https:\/\/cagland.com\/?post_type=product&#038;p=590"},"modified":"2023-04-26T20:53:38","modified_gmt":"2023-04-26T12:53:38","slug":"explosive-atmosphere-cable-gland-for-safety","status":"publish","type":"product","link":"https:\/\/cagland.com\/it\/product\/explosive-atmosphere-cable-gland-for-safety\/","title":{"rendered":"Pressacavo in ottone"},"content":{"rendered":"","protected":false},"excerpt":{"rendered":"<p>Il pressacavo in ottone \u00e8 il <strong>pressacavo per atmosfera esplosiva<\/strong>, IL <a href=\"https:\/\/cagland.com\/it\/what-is-a-cable-gland-your-best-choice\/\" target=\"_blank\" rel=\"noopener\">passacavo<\/a> \u00e8 anche conosciuto come an<a href=\"https:\/\/en.wikipedia.org\/wiki\/Explosion_protection\" target=\"_blank\" rel=\"noopener\"> a prova di esplosione<\/a> o pressacavo antideflagrante, che indica la sua capacit\u00e0 di resistere ad ambienti estremi.<\/p>\n<p>\u00c8 un accessorio indispensabile per qualsiasi ambiente in cui la sicurezza \u00e8 un problema a causa della presenza di atmosfere esplosive. Questo pressacavo \u00e8 appositamente progettato per fornire un passaggio sicuro per i cavi che attraversano aree esplosive senza causare potenziali pericoli.<\/p>\n<p>Il corpo principale del pressacavo \u00e8 realizzato in ottone nichelato, che garantisce una costruzione robusta e duratura in grado di resistere ad ambienti difficili. I morsetti sono realizzati in nylon PA approvato UL, un materiale altamente flessibile e resistente che garantisce una presa sicura sui cavi.<\/p>\n<p>La guarnizione a O del pressacavo \u00e8 realizzata in gomma nitrile butadiene (NBR) e gomma resistente agli agenti atmosferici (EPDM), note per la loro elevata resistenza agli agenti atmosferici, all&#039;abrasione e alle temperature estreme. Ci\u00f2 garantisce che il pressacavo possa resistere a un&#039;ampia gamma di temperature, da -40 \u2103 a 105 \u2103 per un breve periodo e fino a 160 \u2103 per brevi periodi.<\/p>\n<p>Il pressacavo viene fornito con pi\u00f9 specifiche di filettatura, tra cui metrico, PG, G e NPT, che ne facilitano l&#039;installazione in varie applicazioni. Inoltre, il pressacavo ha una classe di protezione IP68 che utilizza la guarnizione O, assicurando che possa resistere all&#039;ingresso di acqua e polvere anche negli ambienti pi\u00f9 difficili. Nel complesso, questo pressacavo in ottone \u00e8 una scelta affidabile e sicura per qualsiasi applicazione che richieda una tenuta del cavo sicura e affidabile.<\/p>","protected":false},"featured_media":593,"template":"","meta":{"_kad_post_transparent":"default","_kad_post_title":"","_kad_post_layout":"default","_kad_post_sidebar_id":"","_kad_post_content_style":"default","_kad_post_vertical_padding":"default","_kad_post_feature":"","_kad_post_feature_position":"","_kad_post_header":false,"_kad_post_footer":false,"_kad_post_classname":""},"product_brand":[],"product_cat":[20,22],"product_tag":[213,512,511,513,514,201,510,218,515],"class_list":{"0":"post-590","1":"product","2":"type-product","3":"status-publish","4":"has-post-thumbnail","6":"product_cat-cable-gland","7":"product_cat-metal-water-proof-cable-gand","8":"product_tag-cable-glands-for-explosive-atmosphere","9":"product_tag-cable-glands-for-hazardous-locations","10":"product_tag-explosition-proof-cable-gland","11":"product_tag-explosition-proof-cable-gland-for-hazardous-locations","12":"product_tag-explosive-atmosphere-barrier-cable-gland","13":"product_tag-explosive-atmosphere-cable-gland","14":"product_tag-flameproof-cable-gland","15":"product_tag-hazardous-area-cable-glands","16":"product_tag-industrial-and-hazardous-area-cable-glands","18":"first","19":"instock","20":"featured","21":"shipping-taxable","22":"product-type-simple","23":"entry","24":"content-bg","25":"loop-entry"},"_links":{"self":[{"href":"https:\/\/cagland.com\/it\/wp-json\/wp\/v2\/product\/590","targetHints":{"allow":["GET"]}}],"collection":[{"href":"https:\/\/cagland.com\/it\/wp-json\/wp\/v2\/product"}],"about":[{"href":"https:\/\/cagland.com\/it\/wp-json\/wp\/v2\/types\/product"}],"version-history":[{"count":0,"href":"https:\/\/cagland.com\/it\/wp-json\/wp\/v2\/product\/590\/revisions"}],"wp:featuredmedia":[{"embeddable":true,"href":"https:\/\/cagland.com\/it\/wp-json\/wp\/v2\/media\/593"}],"wp:attachment":[{"href":"https:\/\/cagland.com\/it\/wp-json\/wp\/v2\/media?parent=590"}],"wp:term":[{"taxonomy":"product_brand","embeddable":true,"href":"https:\/\/cagland.com\/it\/wp-json\/wp\/v2\/product_brand?post=590"},{"taxonomy":"product_cat","embeddable":true,"href":"https:\/\/cagland.com\/it\/wp-json\/wp\/v2\/product_cat?post=590"},{"taxonomy":"product_tag","embeddable":true,"href":"https:\/\/cagland.com\/it\/wp-json\/wp\/v2\/product_tag?post=590"}],"curies":[{"name":"wp","href":"https:\/\/api.w.org\/{rel}","templated":true}]}}