{"id":547,"date":"2022-06-01T20:32:44","date_gmt":"2022-06-01T12:32:44","guid":{"rendered":"https:\/\/cagland.com\/?post_type=product&#038;p=547"},"modified":"2023-04-26T20:37:56","modified_gmt":"2023-04-26T12:37:56","slug":"dual-abs-solar-cable-entry-gland-nylon-m25","status":"publish","type":"product","link":"https:\/\/cagland.com\/it\/product\/dual-abs-solar-cable-entry-gland-nylon-m25\/","title":{"rendered":"Pressacavo SM"},"content":{"rendered":"","protected":false},"excerpt":{"rendered":"<p>UN <a href=\"https:\/\/cagland.com\/it\/what-is-a-cable-gland-your-best-choice\/\" target=\"_blank\" rel=\"noopener\"><strong>pressacavo ingresso cavo<\/strong><\/a> \u00e8 un componente vitale utilizzato per fornire una tenuta sicura e affidabile attorno ai cavi mentre passano attraverso un involucro. \u00c8 progettato per proteggere i cavi dai danni causati da fattori ambientali quali umidit\u00e0, polvere e temperature estreme. Il vantaggio principale dei pressacavi \u00e8 che forniscono un modo semplice ed efficiente per far passare i cavi attraverso pareti, soffitti o altre barriere mantenendo una tenuta stagna.<\/p>\n<p>Nelle applicazioni industriali, i pressacavi sono comunemente usati per proteggere cavi elettrici, dati e di comunicazione. In particolare, per le applicazioni solari, il pressacavo solare \u00e8 una versione specializzata ottimizzata per l&#039;uso con cavi solari fotovoltaici (PV). Questi pressacavi presentano un design unico che consente una facile installazione, anche in ambienti esterni difficili. Sono componenti essenziali che garantiscono la trasmissione sicura e affidabile dell&#039;energia dai pannelli solari all&#039;inverter e alla rete elettrica.<\/p>\n<p>Il corpo principale del pressacavo \u00e8 costituito da <a href=\"https:\/\/en.wikipedia.org\/wiki\/Electroless_nickel-phosphorus_plating\" target=\"_blank\" rel=\"noopener\">Ottone placcato al nickel<\/a>, che fornisce un&#039;eccellente resistenza alla corrosione e durata. I morsetti sono realizzati in nylon PA approvato UL, un materiale resistente e leggero che resiste a urti, abrasioni e agenti chimici. La guarnizione O \u00e8 realizzata in gomma nitrile butadiene (NBR) e gomma resistente agli agenti atmosferici (EPDM), fornendo eccellenti propriet\u00e0 di tenuta e resistenza agli agenti atmosferici.<\/p>\n<p>Il pressacavo \u00e8 disponibile in varie specifiche di filettatura, tra cui metrico, PG, G e NPT, facilitando l&#039;integrazione con diversi tipi di custodie. Pu\u00f2 sopportare un ampio range di temperature, da -40\u00b0C a 100\u00b0C in stato statico, con resistenza al calore istantaneo fino a 120\u00b0C. In uno stato dinamico, la ghiandola pu\u00f2 tollerare temperature che vanno da -20\u00b0C a 80\u00b0C, con resistenza al calore istantaneo fino a 100\u00b0C. Inoltre, il pressacavo ha un livello di protezione IP68 quando si utilizza la guarnizione O, garantendo una protezione affidabile contro l&#039;ingresso di polvere e acqua.<\/p>\n<p>In sintesi, il pressacavo \u00e8 un componente critico in qualsiasi ambiente industriale che richieda una tenuta sicura e affidabile attorno ai cavi. Il pressacavo solare \u00e8 una versione specializzata ottimizzata per l&#039;uso in applicazioni solari, con caratteristiche come un design unico, materiali resistenti agli agenti atmosferici e varie specifiche di filettatura. Le sue affidabili propriet\u00e0 di tenuta e protezione lo rendono un componente essenziale per garantire la trasmissione sicura e affidabile dell&#039;energia negli impianti solari.<\/p>","protected":false},"featured_media":554,"template":"","meta":{"_kad_post_transparent":"default","_kad_post_title":"","_kad_post_layout":"default","_kad_post_sidebar_id":"","_kad_post_content_style":"default","_kad_post_vertical_padding":"default","_kad_post_feature":"","_kad_post_feature_position":"","_kad_post_header":false,"_kad_post_footer":false,"_kad_post_classname":""},"product_brand":[],"product_cat":[20,21],"product_tag":[544,540,546,541,542,547,545,539,543],"class_list":{"0":"post-547","1":"product","2":"type-product","3":"status-publish","4":"has-post-thumbnail","6":"product_cat-cable-gland","7":"product_cat-plastic-water-proof-cable-gland","8":"product_tag-abs-black-solar-cable-entry-gland","9":"product_tag-cable-entry-gland","10":"product_tag-cable-entry-gland-for-roof-plate","11":"product_tag-dual-gland-solar-cabling-entry-point","12":"product_tag-solar-cable-entry-gland","13":"product_tag-solar-single-cable-entry-gland","14":"product_tag-waterproof-double-cable-entry-gland","15":"product_tag-white-abs-solar-cable-entry","16":"product_tag-white-abs-solar-cable-entry-point","18":"first","19":"instock","20":"shipping-taxable","21":"product-type-simple","22":"entry","23":"content-bg","24":"loop-entry"},"_links":{"self":[{"href":"https:\/\/cagland.com\/it\/wp-json\/wp\/v2\/product\/547","targetHints":{"allow":["GET"]}}],"collection":[{"href":"https:\/\/cagland.com\/it\/wp-json\/wp\/v2\/product"}],"about":[{"href":"https:\/\/cagland.com\/it\/wp-json\/wp\/v2\/types\/product"}],"version-history":[{"count":0,"href":"https:\/\/cagland.com\/it\/wp-json\/wp\/v2\/product\/547\/revisions"}],"wp:featuredmedia":[{"embeddable":true,"href":"https:\/\/cagland.com\/it\/wp-json\/wp\/v2\/media\/554"}],"wp:attachment":[{"href":"https:\/\/cagland.com\/it\/wp-json\/wp\/v2\/media?parent=547"}],"wp:term":[{"taxonomy":"product_brand","embeddable":true,"href":"https:\/\/cagland.com\/it\/wp-json\/wp\/v2\/product_brand?post=547"},{"taxonomy":"product_cat","embeddable":true,"href":"https:\/\/cagland.com\/it\/wp-json\/wp\/v2\/product_cat?post=547"},{"taxonomy":"product_tag","embeddable":true,"href":"https:\/\/cagland.com\/it\/wp-json\/wp\/v2\/product_tag?post=547"}],"curies":[{"name":"wp","href":"https:\/\/api.w.org\/{rel}","templated":true}]}}