{"id":519,"date":"2022-06-01T10:29:07","date_gmt":"2022-06-01T02:29:07","guid":{"rendered":"https:\/\/cagland.com\/?post_type=product&#038;p=519"},"modified":"2023-04-26T21:51:31","modified_gmt":"2023-04-26T13:51:31","slug":"pg7-cable-gland-best-nylon-ip68-waterproof","status":"publish","type":"product","link":"https:\/\/cagland.com\/it\/product\/pg7-cable-gland-best-nylon-ip68-waterproof\/","title":{"rendered":"Pressacavo PG"},"content":{"rendered":"","protected":false},"excerpt":{"rendered":"<p>Un P.G <a href=\"https:\/\/cagland.com\/it\/what-is-a-cable-gland-your-best-choice\/\" target=\"_blank\" rel=\"noopener\">passacavo<\/a> \u00e8 un dispositivo utilizzato per collegare e fissare un cavo elettrico a un involucro o a un&#039;apparecchiatura. Il termine \u201cPG\u201d sta per \u201c<a href=\"https:\/\/de.wikipedia.org\/wiki\/Stahlpanzerrohrgewinde\" target=\"_blank\" rel=\"noopener\">PanzerGewinde<\/a>\u201d, che \u00e8 la parola tedesca per filo armato. Questi pressacavi sono progettati per fornire una connessione sicura e affidabile, oltre a proteggere il cavo da polvere, sporco e umidit\u00e0.<\/p>\n<p>Uno dei tipi pi\u00f9 comuni di pressacavi PG \u00e8 il pressacavo pg7. Questa dimensione viene generalmente utilizzata con cavi pi\u00f9 piccoli, come quelli che si trovano nei pannelli di controllo o nelle applicazioni di strumentazione. Il pressacavo pg7 \u00e8 dotato di un collare filettato che si avvita sulla custodia o sull&#039;apparecchiatura, comprimendo anche una guarnizione in gomma attorno al cavo per creare una tenuta impermeabile.<\/p>\n<p>Quando si seleziona un pressacavo pg7 per la propria applicazione, \u00e8 importante considerare fattori come la compatibilit\u00e0 dei materiali, l&#039;intervallo di temperatura e le condizioni ambientali. Potrebbe anche essere necessario scegliere tra versioni standard o EMC a seconda dei requisiti specifici. Nel complesso, i pressacavi PG offrono una soluzione semplice ma efficace per fissare i cavi e proteggerli dagli elementi esterni.<\/p>\n<p>La nostra fabbrica offre il servizio OEM, <a href=\"https:\/\/en.wikipedia.org\/wiki\/Panzergewinde\" target=\"_blank\" rel=\"noopener\">Pressacavi PG<\/a> sono realizzati in nylon di alta qualit\u00e0, PA6, PP, ottone, pvc e altri materiali personalizzati, questi pressacavi possono resistere a temperature che vanno da -40 \u2103 a 100 \u2103 (con utilizzo a breve termine fino a 120 \u2103). Sono disponibili in una gamma di colori personalizzati, tra cui grigio, nero, bianco, rosso e altri colori personalizzati, semplificando l&#039;abbinamento dei pressacavi alle apparecchiature o ai macchinari.<\/p>\n<p>I pressacavi PG sono disponibili in varie dimensioni e possono essere personalizzati per soddisfare le vostre esigenze specifiche.<\/p>","protected":false},"featured_media":526,"template":"","meta":{"_kad_post_transparent":"default","_kad_post_title":"","_kad_post_layout":"default","_kad_post_sidebar_id":"","_kad_post_content_style":"default","_kad_post_vertical_padding":"default","_kad_post_feature":"","_kad_post_feature_position":"","_kad_post_header":false,"_kad_post_footer":false,"_kad_post_classname":""},"product_brand":[],"product_cat":[20,21],"product_tag":[467,472,468,465,462,459,457,458,461,464,469,471,463,470,466,456,460,116,103,473],"class_list":{"0":"post-519","1":"product","2":"type-product","3":"status-publish","4":"has-post-thumbnail","6":"product_cat-cable-gland","7":"product_cat-plastic-water-proof-cable-gland","8":"product_tag-black-waterproof-connectors-pg7-cable-glands","9":"product_tag-brass-cable-gland-pg7","10":"product_tag-cable-gland-nylon-pg7","11":"product_tag-cable-glands-pg-thread-pg7","12":"product_tag-cable-glands-pg7-thread","13":"product_tag-pg-cable-gland","14":"product_tag-pg11-cable-gland","15":"product_tag-pg16-cable-gland","16":"product_tag-pg7-black-nylon-cable-glands","17":"product_tag-pg7-black-polyamide","18":"product_tag-pg7-brass-cable-gland","19":"product_tag-pg7-cable-gland-connector","20":"product_tag-pg7-ip68-waterproof-nylon-plastic-cable-gland","21":"product_tag-pg7-liquid-tight-cable-gland","22":"product_tag-pg7-nylon-cable-gands","23":"product_tag-pg7-nylon-waterproof-cable-glands","24":"product_tag-pg7-plastic-cable-gland","25":"product_tag-pg9-cable-gland","26":"product_tag-polymer-cable-gland-pg7-grey","27":"product_tag-pvc-cable-gland-pg7","29":"first","30":"instock","31":"featured","32":"shipping-taxable","33":"product-type-simple","34":"entry","35":"content-bg","36":"loop-entry"},"_links":{"self":[{"href":"https:\/\/cagland.com\/it\/wp-json\/wp\/v2\/product\/519","targetHints":{"allow":["GET"]}}],"collection":[{"href":"https:\/\/cagland.com\/it\/wp-json\/wp\/v2\/product"}],"about":[{"href":"https:\/\/cagland.com\/it\/wp-json\/wp\/v2\/types\/product"}],"version-history":[{"count":0,"href":"https:\/\/cagland.com\/it\/wp-json\/wp\/v2\/product\/519\/revisions"}],"wp:featuredmedia":[{"embeddable":true,"href":"https:\/\/cagland.com\/it\/wp-json\/wp\/v2\/media\/526"}],"wp:attachment":[{"href":"https:\/\/cagland.com\/it\/wp-json\/wp\/v2\/media?parent=519"}],"wp:term":[{"taxonomy":"product_brand","embeddable":true,"href":"https:\/\/cagland.com\/it\/wp-json\/wp\/v2\/product_brand?post=519"},{"taxonomy":"product_cat","embeddable":true,"href":"https:\/\/cagland.com\/it\/wp-json\/wp\/v2\/product_cat?post=519"},{"taxonomy":"product_tag","embeddable":true,"href":"https:\/\/cagland.com\/it\/wp-json\/wp\/v2\/product_tag?post=519"}],"curies":[{"name":"wp","href":"https:\/\/api.w.org\/{rel}","templated":true}]}}