{"id":643,"date":"2022-06-27T09:06:48","date_gmt":"2022-06-27T01:06:48","guid":{"rendered":"https:\/\/cagland.com\/?post_type=product&#038;p=643"},"modified":"2023-04-26T21:23:04","modified_gmt":"2023-04-26T13:23:04","slug":"square-weatherproof-junction-box","status":"publish","type":"product","link":"https:\/\/cagland.com\/fr\/product\/square-weatherproof-junction-box\/","title":{"rendered":"Bo\u00eete de jonction carr\u00e9e \u00e9tanche"},"content":{"rendered":"","protected":false},"excerpt":{"rendered":"<p>Vous recherchez une entreprise fiable <strong>bo\u00eete de jonction \u00e9tanche<\/strong> assurer la s\u00e9curit\u00e9 de vos c\u00e2bles \u00e9lectriques ? Une bo\u00eete de jonction carr\u00e9e \u00e9tanche est la solution. Ce type de bo\u00eete de jonction peut \u00e9galement connecter un <a href=\"https:\/\/cagland.com\/fr\/what-is-a-cable-gland-your-best-choice\/\" target=\"_blank\" rel=\"noopener\">presse-\u00e9toupe<\/a> qui attache solidement les c\u00e2bles et les maintient isol\u00e9s. La forme carr\u00e9e facilite l&#039;installation dans les espaces restreints, ce qui en fait un choix id\u00e9al pour les applications int\u00e9rieures et ext\u00e9rieures.<\/p>\n<p>La bo\u00eete de jonction r\u00e9sistante aux intemp\u00e9ries est fabriqu\u00e9e en mat\u00e9riau ABS durable et est livr\u00e9e avec un mat\u00e9riau d&#039;\u00e9tanch\u00e9it\u00e9 en n\u00e9opr\u00e8ne, ce qui la rend tr\u00e8s r\u00e9sistante \u00e0 l&#039;eau, \u00e0 la poussi\u00e8re et aux autres \u00e9l\u00e9ments ext\u00e9rieurs. Il est disponible en gris ainsi que dans des couleurs personnalisables, ce qui lui permet de se fondre parfaitement dans n&#039;importe quel environnement.<\/p>\n<p>Avec une plage de temp\u00e9rature de fonctionnement de -40\u00b0C \u00e0 85\u00b0C, ce<a href=\"https:\/\/en.wikipedia.org\/wiki\/Junction_box\" target=\"_blank\" rel=\"noopener\"> Bo\u00eete de d\u00e9rivation<\/a> peut r\u00e9sister \u00e0 des temp\u00e9ratures extr\u00eames, ce qui le rend appropri\u00e9 pour une utilisation dans une vari\u00e9t\u00e9 d&#039;applications diff\u00e9rentes, y compris des projets ext\u00e9rieurs et ext\u00e9rieurs.<\/p>\n<p>La bo\u00eete de jonction est class\u00e9e IP65, offrant une protection contre les conditions m\u00e9t\u00e9orologiques difficiles telles que la pluie, le gr\u00e9sil et la neige. Il est disponible en diff\u00e9rentes tailles pour r\u00e9pondre aux diff\u00e9rents besoins de c\u00e2blage, garantissant que toutes les connexions restent s\u00e9curis\u00e9es et prot\u00e9g\u00e9es.<\/p>\n<p>En plus du mat\u00e9riau ABS standard et du joint en n\u00e9opr\u00e8ne, la bo\u00eete de jonction est \u00e9galement disponible dans des mat\u00e9riaux personnalis\u00e9s tels que le PVC ou des mat\u00e9riaux antid\u00e9flagrants, ce qui en fait une solution polyvalente pour une gamme de projets diff\u00e9rents.<\/p>\n<p>La bo\u00eete de jonction a une apparence carr\u00e9e, offrant une finition \u00e9l\u00e9gante et professionnelle \u00e0 tout projet. Avec sa construction durable, ses fonctionnalit\u00e9s personnalisables et sa conception r\u00e9sistante aux intemp\u00e9ries, la bo\u00eete de jonction \u00e9tanche est la solution id\u00e9ale pour tous les besoins de c\u00e2blage ext\u00e9rieur ou ext\u00e9rieur.<\/p>","protected":false},"featured_media":649,"template":"","meta":{"_kad_post_transparent":"default","_kad_post_title":"","_kad_post_layout":"default","_kad_post_sidebar_id":"","_kad_post_content_style":"default","_kad_post_vertical_padding":"default","_kad_post_feature":"","_kad_post_feature_position":"","_kad_post_header":false,"_kad_post_footer":false,"_kad_post_classname":""},"product_brand":[],"product_cat":[30,31],"product_tag":[423,424,417,425,415,420,426,385,414,422,416,418,419,421],"class_list":{"0":"post-643","1":"product","2":"type-product","3":"status-publish","4":"has-post-thumbnail","6":"product_cat-junction-box","7":"product_cat-plastic-junction-box","8":"product_tag-abs-waterproof-junction-boxes","9":"product_tag-adaptable-weatherproof-box","10":"product_tag-adaptable-weatherproof-junction-boxes","11":"product_tag-outdoor-adaptable-junction-boxes","12":"product_tag-outdoor-waterproof-junction-box","13":"product_tag-small-exterior-junction-box","14":"product_tag-small-square-junction-box","15":"product_tag-waterproof-junction-box","16":"product_tag-weatherproof-boxes","17":"product_tag-weatherproof-connection-box","18":"product_tag-weatherproof-electrical-junction-box","19":"product_tag-weatherproof-electrical-junction-boxes","20":"product_tag-weatherproof-exterior-junction-box","21":"product_tag-weatherproof-pvc-junction-box","23":"first","24":"instock","25":"featured","26":"shipping-taxable","27":"product-type-simple","28":"entry","29":"content-bg","30":"loop-entry"},"_links":{"self":[{"href":"https:\/\/cagland.com\/fr\/wp-json\/wp\/v2\/product\/643","targetHints":{"allow":["GET"]}}],"collection":[{"href":"https:\/\/cagland.com\/fr\/wp-json\/wp\/v2\/product"}],"about":[{"href":"https:\/\/cagland.com\/fr\/wp-json\/wp\/v2\/types\/product"}],"version-history":[{"count":0,"href":"https:\/\/cagland.com\/fr\/wp-json\/wp\/v2\/product\/643\/revisions"}],"wp:featuredmedia":[{"embeddable":true,"href":"https:\/\/cagland.com\/fr\/wp-json\/wp\/v2\/media\/649"}],"wp:attachment":[{"href":"https:\/\/cagland.com\/fr\/wp-json\/wp\/v2\/media?parent=643"}],"wp:term":[{"taxonomy":"product_brand","embeddable":true,"href":"https:\/\/cagland.com\/fr\/wp-json\/wp\/v2\/product_brand?post=643"},{"taxonomy":"product_cat","embeddable":true,"href":"https:\/\/cagland.com\/fr\/wp-json\/wp\/v2\/product_cat?post=643"},{"taxonomy":"product_tag","embeddable":true,"href":"https:\/\/cagland.com\/fr\/wp-json\/wp\/v2\/product_tag?post=643"}],"curies":[{"name":"wp","href":"https:\/\/api.w.org\/{rel}","templated":true}]}}