{"id":629,"date":"2022-06-15T14:04:05","date_gmt":"2022-06-15T06:04:05","guid":{"rendered":"https:\/\/cagland.com\/?post_type=product&#038;p=629"},"modified":"2023-04-26T21:05:54","modified_gmt":"2023-04-26T13:05:54","slug":"cable-gland-accessories-multiple-hole-bushings","status":"publish","type":"product","link":"https:\/\/cagland.com\/fr\/product\/cable-gland-accessories-multiple-hole-bushings\/","title":{"rendered":"Douilles \u00e0 trous multiples"},"content":{"rendered":"","protected":false},"excerpt":{"rendered":"<p>Les bagues \u00e0 trous multiples sont essentielles <strong>accessoires de presse-\u00e9toupe<\/strong> qui sont couramment utilis\u00e9s dans une vari\u00e9t\u00e9 d&#039;applications industrielles et commerciales. Ils sont con\u00e7us pour fonctionner avec diff\u00e9rents types de <a href=\"https:\/\/cagland.com\/fr\/what-is-a-cable-gland-your-best-choice\/\" target=\"_blank\" rel=\"noopener\">presse-\u00e9toupes<\/a>, y compris les presse-\u00e9toupes m\u00e9triques, PG, G et NPT, et peut accueillir plusieurs c\u00e2bles et fils de diff\u00e9rentes tailles et types.<\/p>\n<p>Ces bagues sont faites de mat\u00e9riaux de haute qualit\u00e9 tels que <a href=\"https:\/\/en.wikipedia.org\/wiki\/Nylon\" target=\"_blank\" rel=\"noopener\">nylon<\/a>, caoutchouc de silicone, mat\u00e9riaux approuv\u00e9s UL et mat\u00e9riaux antid\u00e9flagrants, garantissant leur durabilit\u00e9 et leur long\u00e9vit\u00e9. Ils offrent une excellente r\u00e9sistance aux chocs, \u00e0 l&#039;abrasion et aux produits chimiques, ce qui les rend id\u00e9aux pour une utilisation dans des environnements difficiles et exigeants.<\/p>\n<p>En plus de leur compatibilit\u00e9 avec les presse-\u00e9toupes, les douilles \u00e0 trous multiples sont \u00e9galement des accessoires de presse-\u00e9toupe qui offrent une \u00e9tanch\u00e9it\u00e9 s\u00fbre et fiable autour des c\u00e2bles et des fils. Ils emp\u00eachent la p\u00e9n\u00e9tration de poussi\u00e8re, de salet\u00e9 et d&#039;humidit\u00e9, garantissant que les c\u00e2bles et les fils sont bien prot\u00e9g\u00e9s et bien g\u00e9r\u00e9s.<\/p>\n<p>Les douilles \u00e0 trous multiples sont con\u00e7ues pour fonctionner dans une large plage de temp\u00e9ratures, allant de -40 \u2103 \u00e0 105 \u2103 pendant une courte p\u00e9riode \u00e0 120 \u2103. Cela les rend adapt\u00e9s \u00e0 une utilisation dans des conditions de temp\u00e9rature extr\u00eames o\u00f9 d&#039;autres mat\u00e9riaux peuvent \u00e9chouer.<\/p>","protected":false},"featured_media":635,"template":"","meta":{"_kad_post_transparent":"default","_kad_post_title":"","_kad_post_layout":"default","_kad_post_sidebar_id":"","_kad_post_content_style":"default","_kad_post_vertical_padding":"default","_kad_post_feature":"","_kad_post_feature_position":"","_kad_post_header":false,"_kad_post_footer":false,"_kad_post_classname":""},"product_brand":[],"product_cat":[20,23],"product_tag":[529,526,524,528,527,530,525,531],"class_list":{"0":"post-629","1":"product","2":"type-product","3":"status-publish","4":"has-post-thumbnail","6":"product_cat-cable-gland","7":"product_cat-multi-hole-cable-gland","8":"product_tag-accessories-for-sealcon-cable-glands","9":"product_tag-cable-accessories-gland","10":"product_tag-cable-gland-accessories","11":"product_tag-cable-gland-and-connector-accessories","12":"product_tag-cable-gland-protective-hose-accessories","13":"product_tag-electrical-accessories-glands","14":"product_tag-explosion-proof-cable-gland-accessories","15":"product_tag-industrial-cable-glands-accessories","17":"first","18":"instock","19":"featured","20":"shipping-taxable","21":"product-type-simple","22":"entry","23":"content-bg","24":"loop-entry"},"_links":{"self":[{"href":"https:\/\/cagland.com\/fr\/wp-json\/wp\/v2\/product\/629","targetHints":{"allow":["GET"]}}],"collection":[{"href":"https:\/\/cagland.com\/fr\/wp-json\/wp\/v2\/product"}],"about":[{"href":"https:\/\/cagland.com\/fr\/wp-json\/wp\/v2\/types\/product"}],"version-history":[{"count":0,"href":"https:\/\/cagland.com\/fr\/wp-json\/wp\/v2\/product\/629\/revisions"}],"wp:featuredmedia":[{"embeddable":true,"href":"https:\/\/cagland.com\/fr\/wp-json\/wp\/v2\/media\/635"}],"wp:attachment":[{"href":"https:\/\/cagland.com\/fr\/wp-json\/wp\/v2\/media?parent=629"}],"wp:term":[{"taxonomy":"product_brand","embeddable":true,"href":"https:\/\/cagland.com\/fr\/wp-json\/wp\/v2\/product_brand?post=629"},{"taxonomy":"product_cat","embeddable":true,"href":"https:\/\/cagland.com\/fr\/wp-json\/wp\/v2\/product_cat?post=629"},{"taxonomy":"product_tag","embeddable":true,"href":"https:\/\/cagland.com\/fr\/wp-json\/wp\/v2\/product_tag?post=629"}],"curies":[{"name":"wp","href":"https:\/\/api.w.org\/{rel}","templated":true}]}}