{"id":619,"date":"2022-06-14T23:03:12","date_gmt":"2022-06-14T15:03:12","guid":{"rendered":"https:\/\/cagland.com\/?post_type=product&#038;p=619"},"modified":"2023-04-26T21:02:09","modified_gmt":"2023-04-26T13:02:09","slug":"multi-hole-waterproof-cable-gland","status":"publish","type":"product","link":"https:\/\/cagland.com\/fr\/product\/multi-hole-waterproof-cable-gland\/","title":{"rendered":"Presse-\u00e9toupe \u00e9tanche \u00e0 plusieurs trous"},"content":{"rendered":"","protected":false},"excerpt":{"rendered":"<p>Le <strong>presse-\u00e9toupe \u00e9tanche multi-trous<\/strong> est con\u00e7u pour fonctionner dans une large gamme de temp\u00e9ratures, de -40\u2103 \u00e0 100\u2103, avec une limite de temp\u00e9rature \u00e0 court terme de 120\u2103. Il a diff\u00e9rentes couleurs gris<span class=\"s1\">, <\/span>noir<span class=\"s1\">, blanc et<\/span> rouge.<\/p>\n<p>L&#039;\u00e9tanche multi-trous <a href=\"https:\/\/cagland.com\/fr\/what-is-a-cable-gland-your-best-choice\/\" target=\"_blank\" rel=\"noopener\">presse-\u00e9toupe<\/a> est un presse-\u00e9toupe de haute qualit\u00e9 et polyvalent con\u00e7u pour les applications industrielles. Gr\u00e2ce \u00e0 sa fonction multi-trous, il peut accueillir plusieurs c\u00e2bles ou fils, ce qui le rend id\u00e9al pour une utilisation dans des syst\u00e8mes complexes n\u00e9cessitant plusieurs connexions. C&#039;est <a href=\"https:\/\/en.wikipedia.org\/wiki\/IP_code\" target=\"_blank\" rel=\"noopener\">Indice d&#039;\u00e9tanch\u00e9it\u00e9 IP68<\/a> garantit qu&#039;il peut r\u00e9sister aux environnements difficiles, tels que ceux trouv\u00e9s dans les applications marines, ext\u00e9rieures ou souterraines.<\/p>\n<p>Ce presse-\u00e9toupe est hautement personnalisable, ce qui lui permet d&#039;\u00eatre adapt\u00e9 pour r\u00e9pondre aux exigences sp\u00e9cifiques de l&#039;application. Il est livr\u00e9 avec l&#039;option d&#039;\u00e9tiquettes OEM, ce qui facilite l&#039;identification et le suivi des c\u00e2bles, fils ou autres composants du syst\u00e8me. De plus, il est fabriqu\u00e9 \u00e0 partir de mat\u00e9riaux durables tels que le nylon, le nylon PA6 et le PP, ce qui le rend solide et durable.<\/p>\n<p>Dans l&#039;ensemble, le presse-\u00e9toupe \u00e9tanche multi-trous est un excellent choix pour toute application industrielle n\u00e9cessitant plusieurs connexions de c\u00e2bles dans des environnements difficiles. Sa conception personnalisable, ses mat\u00e9riaux de haute qualit\u00e9 et son indice d&#039;\u00e9tanch\u00e9it\u00e9 en font une solution fiable et durable pour une large gamme d&#039;applications.<\/p>","protected":false},"featured_media":625,"template":"","meta":{"_kad_post_transparent":"default","_kad_post_title":"","_kad_post_layout":"default","_kad_post_sidebar_id":"","_kad_post_content_style":"default","_kad_post_vertical_padding":"default","_kad_post_feature":"","_kad_post_feature_position":"","_kad_post_header":false,"_kad_post_footer":false,"_kad_post_classname":""},"product_brand":[],"product_cat":[20,23],"product_tag":[435,433,434,437,431,165,427,440,428,432,436,439,441,438,430,159,429],"class_list":{"0":"post-619","1":"product","2":"type-product","3":"status-publish","4":"has-post-thumbnail","6":"product_cat-cable-gland","7":"product_cat-multi-hole-cable-gland","8":"product_tag-black-nylon-waterproof-cable-connector","9":"product_tag-cable-gland-waterproof-connector","10":"product_tag-industrial-waterproof-cable-glands","11":"product_tag-ip68-water-proof-nylon-cable-gland","12":"product_tag-ip68-waterproof-cable-glands","13":"product_tag-ip68-ip67-cable-glands","14":"product_tag-multi-hole-waterproof-cable-gland","15":"product_tag-nylon-ip68-cable-gland","16":"product_tag-nylon-plastic-waterproof-adjustable-cable-gland","17":"product_tag-nylon-waterproof-cable-gland","18":"product_tag-outing-lighting-waterproof-cable-glands","19":"product_tag-pvc-waterproof-cable-gland","20":"product_tag-waterproof-black-nylon-cable-gland","21":"product_tag-waterproof-cable-connectors","22":"product_tag-waterproof-cable-gland","23":"product_tag-waterproof-cable-gland-connector","24":"product_tag-waterproof-cable-glands","26":"first","27":"instock","28":"shipping-taxable","29":"product-type-simple","30":"entry","31":"content-bg","32":"loop-entry"},"_links":{"self":[{"href":"https:\/\/cagland.com\/fr\/wp-json\/wp\/v2\/product\/619","targetHints":{"allow":["GET"]}}],"collection":[{"href":"https:\/\/cagland.com\/fr\/wp-json\/wp\/v2\/product"}],"about":[{"href":"https:\/\/cagland.com\/fr\/wp-json\/wp\/v2\/types\/product"}],"version-history":[{"count":0,"href":"https:\/\/cagland.com\/fr\/wp-json\/wp\/v2\/product\/619\/revisions"}],"wp:featuredmedia":[{"embeddable":true,"href":"https:\/\/cagland.com\/fr\/wp-json\/wp\/v2\/media\/625"}],"wp:attachment":[{"href":"https:\/\/cagland.com\/fr\/wp-json\/wp\/v2\/media?parent=619"}],"wp:term":[{"taxonomy":"product_brand","embeddable":true,"href":"https:\/\/cagland.com\/fr\/wp-json\/wp\/v2\/product_brand?post=619"},{"taxonomy":"product_cat","embeddable":true,"href":"https:\/\/cagland.com\/fr\/wp-json\/wp\/v2\/product_cat?post=619"},{"taxonomy":"product_tag","embeddable":true,"href":"https:\/\/cagland.com\/fr\/wp-json\/wp\/v2\/product_tag?post=619"}],"curies":[{"name":"wp","href":"https:\/\/api.w.org\/{rel}","templated":true}]}}