{"id":610,"date":"2022-06-14T22:40:02","date_gmt":"2022-06-14T14:40:02","guid":{"rendered":"https:\/\/cagland.com\/?post_type=product&#038;p=610"},"modified":"2023-04-26T22:07:12","modified_gmt":"2023-04-26T14:07:12","slug":"nylon-multi-hole-cable-gland-m20-3-hole-7mm","status":"publish","type":"product","link":"https:\/\/cagland.com\/fr\/product\/nylon-multi-hole-cable-gland-m20-3-hole-7mm\/","title":{"rendered":"Presse-\u00e9toupe multitrou"},"content":{"rendered":"","protected":false},"excerpt":{"rendered":"<p>Contrairement aux presse-\u00e9toupes traditionnels qui n&#039;ont g\u00e9n\u00e9ralement qu&#039;un seul trou, un <strong>presse-\u00e9toupe multitrou<\/strong> dispose de plusieurs trous, permettant le passage de plusieurs c\u00e2bles ou fils. Cette conception offre plusieurs avantages, notamment un gain de place, un gain de temps et une flexibilit\u00e9 accrue.<\/p>\n<p>Un multi-trous <a href=\"https:\/\/cagland.com\/fr\/what-is-a-cable-gland-your-best-choice\/\" target=\"_blank\" rel=\"noopener\">presse-\u00e9toupe<\/a> pr\u00e9sente plusieurs avantages par rapport \u00e0 un presse-\u00e9toupe monotrou :<\/p>\n<ul>\n<li><a href=\"https:\/\/en.wikipedia.org\/wiki\/Multicable\" target=\"_blank\" rel=\"noopener\">Plusieurs c\u00e2bles<\/a> peut passer par un seul presse-\u00e9toupe, ce qui r\u00e9duit le nombre de presse-\u00e9toupes n\u00e9cessaires, et donc un gain de place et de temps d&#039;installation.<\/li>\n<li>Les presse-\u00e9toupes multi-trous sont plus polyvalents et peuvent accueillir des c\u00e2bles de diff\u00e9rentes tailles et types, ce qui peut \u00eatre utile lorsqu&#039;il s&#039;agit d&#039;une vari\u00e9t\u00e9 de c\u00e2bles.<\/li>\n<li>Les presse-\u00e9toupes \u00e0 plusieurs trous peuvent \u00eatre utilis\u00e9s pour cr\u00e9er un syst\u00e8me d&#039;acheminement des c\u00e2bles plus organis\u00e9 et plus soign\u00e9, r\u00e9duisant ainsi les risques d&#039;enchev\u00eatrement ou d&#039;encombrement des c\u00e2bles.<\/li>\n<li>Ils offrent une meilleure d\u00e9charge de traction, r\u00e9partissant uniform\u00e9ment le poids des c\u00e2bles et r\u00e9duisant le risque d&#039;endommagement des c\u00e2bles ou du presse-\u00e9toupe lui-m\u00eame.<\/li>\n<\/ul>","protected":false},"featured_media":614,"template":"","meta":{"_kad_post_transparent":"default","_kad_post_title":"","_kad_post_layout":"default","_kad_post_sidebar_id":"","_kad_post_content_style":"default","_kad_post_vertical_padding":"default","_kad_post_feature":"","_kad_post_feature_position":"","_kad_post_header":false,"_kad_post_footer":false,"_kad_post_classname":""},"product_brand":[],"product_cat":[20,23],"product_tag":[484,305,488,328,322,490,310,494,316,306,487,489,495,556,323,492],"class_list":{"0":"post-610","1":"product","2":"type-product","3":"status-publish","4":"has-post-thumbnail","6":"product_cat-cable-gland","7":"product_cat-multi-hole-cable-gland","8":"product_tag-cable-gland-multi-hole","9":"product_tag-multi-cable-gland-waterproof-connectors","10":"product_tag-multi-hole-gland","11":"product_tag-multi-hole-solar-cable-gland","12":"product_tag-multi-hole-metal-cable-gland","13":"product_tag-multi-hole-nylon-cable-gland","14":"product_tag-multi-passage-cable-gland","15":"product_tag-multiple-cable-gland","16":"product_tag-multiple-entry-brass-cable-gland","17":"product_tag-multiple-hole-cable-glands","18":"product_tag-nylon-multi-hole","19":"product_tag-nylon-multi-hole-cable-gland","20":"product_tag-waterproof-multi-hole-electrical-cable-gland","21":"product_tag-waterproof-multi-hole-entry-cable-glands","22":"product_tag-waterproof-multi-hole-cable-glands","23":"product_tag-waterproof-multi-hole-nylon-cable-glands","25":"first","26":"instock","27":"shipping-taxable","28":"product-type-simple","29":"entry","30":"content-bg","31":"loop-entry"},"_links":{"self":[{"href":"https:\/\/cagland.com\/fr\/wp-json\/wp\/v2\/product\/610","targetHints":{"allow":["GET"]}}],"collection":[{"href":"https:\/\/cagland.com\/fr\/wp-json\/wp\/v2\/product"}],"about":[{"href":"https:\/\/cagland.com\/fr\/wp-json\/wp\/v2\/types\/product"}],"version-history":[{"count":0,"href":"https:\/\/cagland.com\/fr\/wp-json\/wp\/v2\/product\/610\/revisions"}],"wp:featuredmedia":[{"embeddable":true,"href":"https:\/\/cagland.com\/fr\/wp-json\/wp\/v2\/media\/614"}],"wp:attachment":[{"href":"https:\/\/cagland.com\/fr\/wp-json\/wp\/v2\/media?parent=610"}],"wp:term":[{"taxonomy":"product_brand","embeddable":true,"href":"https:\/\/cagland.com\/fr\/wp-json\/wp\/v2\/product_brand?post=610"},{"taxonomy":"product_cat","embeddable":true,"href":"https:\/\/cagland.com\/fr\/wp-json\/wp\/v2\/product_cat?post=610"},{"taxonomy":"product_tag","embeddable":true,"href":"https:\/\/cagland.com\/fr\/wp-json\/wp\/v2\/product_tag?post=610"}],"curies":[{"name":"wp","href":"https:\/\/api.w.org\/{rel}","templated":true}]}}