{"id":590,"date":"2022-06-09T23:26:49","date_gmt":"2022-06-09T15:26:49","guid":{"rendered":"https:\/\/cagland.com\/?post_type=product&#038;p=590"},"modified":"2023-04-26T20:53:38","modified_gmt":"2023-04-26T12:53:38","slug":"explosive-atmosphere-cable-gland-for-safety","status":"publish","type":"product","link":"https:\/\/cagland.com\/fr\/product\/explosive-atmosphere-cable-gland-for-safety\/","title":{"rendered":"Presse-\u00e9toupe en laiton"},"content":{"rendered":"","protected":false},"excerpt":{"rendered":"<p>Le presse-\u00e9toupe en laiton est le <strong>presse-\u00e9toupe atmosph\u00e8re explosive<\/strong>, le <a href=\"https:\/\/cagland.com\/fr\/what-is-a-cable-gland-your-best-choice\/\" target=\"_blank\" rel=\"noopener\">presse-\u00e9toupe<\/a> est aussi connu comme un<a href=\"https:\/\/en.wikipedia.org\/wiki\/Explosion_protection\" target=\"_blank\" rel=\"noopener\"> antid\u00e9flagrant<\/a> ou presse-\u00e9toupe antid\u00e9flagrant, indiquant sa capacit\u00e9 \u00e0 r\u00e9sister aux environnements extr\u00eames.<\/p>\n<p>C&#039;est un accessoire indispensable pour tout environnement o\u00f9 la s\u00e9curit\u00e9 est une pr\u00e9occupation en raison de la pr\u00e9sence d&#039;atmosph\u00e8res explosives. Ce presse-\u00e9toupe est sp\u00e9cialement con\u00e7u pour fournir un passage s\u00fbr pour les c\u00e2bles qui traversent des zones explosives sans causer de dangers potentiels.<\/p>\n<p>Le corps principal du presse-\u00e9toupe est en laiton nickel\u00e9, ce qui garantit une construction robuste et durable capable de r\u00e9sister aux environnements difficiles. Les pi\u00e8ces de serrage sont fabriqu\u00e9es en nylon PA approuv\u00e9 UL, qui est un mat\u00e9riau tr\u00e8s flexible et solide qui assure une prise s\u00fbre sur les c\u00e2bles.<\/p>\n<p>Le joint torique du presse-\u00e9toupe est compos\u00e9 de caoutchouc nitrile butadi\u00e8ne (NBR) et de caoutchouc r\u00e9sistant aux intemp\u00e9ries (EPDM), connus pour leur haute r\u00e9sistance aux intemp\u00e9ries, \u00e0 l&#039;abrasion et aux temp\u00e9ratures extr\u00eames. Cela garantit que le presse-\u00e9toupe peut r\u00e9sister \u00e0 une large gamme de temp\u00e9ratures, de -40\u2103 \u00e0 105\u2103 pendant une courte p\u00e9riode, et jusqu&#039;\u00e0 160\u2103 pendant de br\u00e8ves p\u00e9riodes.<\/p>\n<p>Le presse-\u00e9toupe est livr\u00e9 avec plusieurs sp\u00e9cifications de filetage, notamment m\u00e9trique, PG, G et NPT, ce qui facilite son installation dans diverses applications. De plus, le presse-\u00e9toupe a une classe de protection IP68 utilisant un joint torique, garantissant qu&#039;il peut r\u00e9sister \u00e0 la p\u00e9n\u00e9tration d&#039;eau et de poussi\u00e8re m\u00eame dans les environnements les plus difficiles. Dans l&#039;ensemble, ce presse-\u00e9toupe en laiton est un choix fiable et s\u00fbr pour toute application n\u00e9cessitant un joint de c\u00e2ble s\u00fbr et fiable.<\/p>","protected":false},"featured_media":593,"template":"","meta":{"_kad_post_transparent":"default","_kad_post_title":"","_kad_post_layout":"default","_kad_post_sidebar_id":"","_kad_post_content_style":"default","_kad_post_vertical_padding":"default","_kad_post_feature":"","_kad_post_feature_position":"","_kad_post_header":false,"_kad_post_footer":false,"_kad_post_classname":""},"product_brand":[],"product_cat":[20,22],"product_tag":[213,512,511,513,514,201,510,218,515],"class_list":{"0":"post-590","1":"product","2":"type-product","3":"status-publish","4":"has-post-thumbnail","6":"product_cat-cable-gland","7":"product_cat-metal-water-proof-cable-gand","8":"product_tag-cable-glands-for-explosive-atmosphere","9":"product_tag-cable-glands-for-hazardous-locations","10":"product_tag-explosition-proof-cable-gland","11":"product_tag-explosition-proof-cable-gland-for-hazardous-locations","12":"product_tag-explosive-atmosphere-barrier-cable-gland","13":"product_tag-explosive-atmosphere-cable-gland","14":"product_tag-flameproof-cable-gland","15":"product_tag-hazardous-area-cable-glands","16":"product_tag-industrial-and-hazardous-area-cable-glands","18":"first","19":"instock","20":"featured","21":"shipping-taxable","22":"product-type-simple","23":"entry","24":"content-bg","25":"loop-entry"},"_links":{"self":[{"href":"https:\/\/cagland.com\/fr\/wp-json\/wp\/v2\/product\/590","targetHints":{"allow":["GET"]}}],"collection":[{"href":"https:\/\/cagland.com\/fr\/wp-json\/wp\/v2\/product"}],"about":[{"href":"https:\/\/cagland.com\/fr\/wp-json\/wp\/v2\/types\/product"}],"version-history":[{"count":0,"href":"https:\/\/cagland.com\/fr\/wp-json\/wp\/v2\/product\/590\/revisions"}],"wp:featuredmedia":[{"embeddable":true,"href":"https:\/\/cagland.com\/fr\/wp-json\/wp\/v2\/media\/593"}],"wp:attachment":[{"href":"https:\/\/cagland.com\/fr\/wp-json\/wp\/v2\/media?parent=590"}],"wp:term":[{"taxonomy":"product_brand","embeddable":true,"href":"https:\/\/cagland.com\/fr\/wp-json\/wp\/v2\/product_brand?post=590"},{"taxonomy":"product_cat","embeddable":true,"href":"https:\/\/cagland.com\/fr\/wp-json\/wp\/v2\/product_cat?post=590"},{"taxonomy":"product_tag","embeddable":true,"href":"https:\/\/cagland.com\/fr\/wp-json\/wp\/v2\/product_tag?post=590"}],"curies":[{"name":"wp","href":"https:\/\/api.w.org\/{rel}","templated":true}]}}