{"id":582,"date":"2022-06-09T22:34:37","date_gmt":"2022-06-09T14:34:37","guid":{"rendered":"https:\/\/cagland.com\/?post_type=product&#038;p=582"},"modified":"2023-04-26T20:50:15","modified_gmt":"2023-04-26T12:50:15","slug":"pg9-nylon-grey-ip68-strain-relief-cable-gland","status":"publish","type":"product","link":"https:\/\/cagland.com\/fr\/product\/pg9-nylon-grey-ip68-strain-relief-cable-gland\/","title":{"rendered":"Presse-\u00e9toupes Spiral Flex"},"content":{"rendered":"","protected":false},"excerpt":{"rendered":"<p>UN <a href=\"https:\/\/en.wikipedia.org\/wiki\/Cable_management\" target=\"_blank\" rel=\"noopener\"><strong>presse-\u00e9toupe anti-traction<\/strong><\/a> est un type de connecteur con\u00e7u pour s\u00e9curiser et prot\u00e9ger les c\u00e2bles qui traversent un panneau ou un bo\u00eetier. Le <a href=\"https:\/\/cagland.com\/fr\/what-is-a-cable-gland-your-best-choice\/\" target=\"_blank\" rel=\"noopener\">presse-\u00e9toupe<\/a> dispose d&#039;un presse-\u00e9toupe en nylon en forme de spirale et de connecteurs anti-traction qui aident \u00e0 pr\u00e9venir les dommages au c\u00e2ble dus \u00e0 la flexion ou \u00e0 la traction.<\/p>\n<p>Ces presse-\u00e9toupes sont disponibles dans diff\u00e9rentes sp\u00e9cifications de filetage, y compris m\u00e9trique, PG, G et NPT, ce qui les rend adapt\u00e9s \u00e0 une large gamme d&#039;applications. Ils sont \u00e9galement con\u00e7us pour fonctionner dans des environnements difficiles, avec une plage de temp\u00e9rature de fonctionnement de -40\u00b0C \u00e0 100\u00b0C en \u00e9tat statique, et de -20\u00b0C \u00e0 80\u00b0C en \u00e9tat dynamique. De plus, le presse-\u00e9toupe offre une r\u00e9sistance \u00e0 la chaleur instantan\u00e9e jusqu&#039;\u00e0 120\u00b0C.<\/p>\n<p>Le corps principal du presse-\u00e9toupe de d\u00e9charge de traction est en laiton nickel\u00e9, tandis que les pi\u00e8ces de serrage sont en nylon PA approuv\u00e9 UL. Le joint torique est compos\u00e9 de caoutchouc nitrile butadi\u00e8ne (NBR) et de caoutchouc r\u00e9sistant aux intemp\u00e9ries (EPDM), offrant un haut niveau de protection contre l&#039;eau, la poussi\u00e8re et d&#039;autres facteurs environnementaux. Avec un niveau de protection IP68, le presse-\u00e9toupe est tr\u00e8s r\u00e9sistant \u00e0 l&#039;humidit\u00e9 et peut \u00eatre utilis\u00e9 dans des endroits mouill\u00e9s ou humides.<\/p>\n<p>Le presse-\u00e9toupe en nylon anti-traction est un moyen fiable et efficace de fixer les c\u00e2bles et de les prot\u00e9ger contre les dommages. Il est facile \u00e0 installer et fournit un joint \u00e9tanche qui aide \u00e0 emp\u00eacher l&#039;humidit\u00e9 de p\u00e9n\u00e9trer dans l&#039;enceinte. Dans l&#039;ensemble, le presse-\u00e9toupe de d\u00e9charge de traction est un composant essentiel pour toute application \u00e9lectrique ou \u00e9lectronique o\u00f9 les c\u00e2bles doivent \u00eatre prot\u00e9g\u00e9s contre les environnements difficiles ou les dommages potentiels.<\/p>\n<p>&nbsp;<\/p>","protected":false},"featured_media":584,"template":"","meta":{"_kad_post_transparent":"default","_kad_post_title":"","_kad_post_layout":"default","_kad_post_sidebar_id":"","_kad_post_content_style":"default","_kad_post_vertical_padding":"default","_kad_post_feature":"","_kad_post_feature_position":"","_kad_post_header":false,"_kad_post_footer":false,"_kad_post_classname":""},"product_brand":[],"product_cat":[20,21],"product_tag":[554,552,553,555,248,550,548,551,549],"class_list":{"0":"post-582","1":"product","2":"type-product","3":"status-publish","4":"has-post-thumbnail","6":"product_cat-cable-gland","7":"product_cat-plastic-water-proof-cable-gland","8":"product_tag-cable-gland-plastic-with-strain-relief","9":"product_tag-cable-gland-spiral-strain-relief","10":"product_tag-gland-with-strain-relief","11":"product_tag-npt-srain-relief-cable-glands","12":"product_tag-nylon-cable-gland-spiral","13":"product_tag-strain-relief","14":"product_tag-strain-relief-cable-gland","15":"product_tag-strain-relief-connectors","16":"product_tag-strain-relief-nylon-cable-gland","18":"first","19":"instock","20":"featured","21":"shipping-taxable","22":"product-type-simple","23":"entry","24":"content-bg","25":"loop-entry"},"_links":{"self":[{"href":"https:\/\/cagland.com\/fr\/wp-json\/wp\/v2\/product\/582","targetHints":{"allow":["GET"]}}],"collection":[{"href":"https:\/\/cagland.com\/fr\/wp-json\/wp\/v2\/product"}],"about":[{"href":"https:\/\/cagland.com\/fr\/wp-json\/wp\/v2\/types\/product"}],"version-history":[{"count":0,"href":"https:\/\/cagland.com\/fr\/wp-json\/wp\/v2\/product\/582\/revisions"}],"wp:featuredmedia":[{"embeddable":true,"href":"https:\/\/cagland.com\/fr\/wp-json\/wp\/v2\/media\/584"}],"wp:attachment":[{"href":"https:\/\/cagland.com\/fr\/wp-json\/wp\/v2\/media?parent=582"}],"wp:term":[{"taxonomy":"product_brand","embeddable":true,"href":"https:\/\/cagland.com\/fr\/wp-json\/wp\/v2\/product_brand?post=582"},{"taxonomy":"product_cat","embeddable":true,"href":"https:\/\/cagland.com\/fr\/wp-json\/wp\/v2\/product_cat?post=582"},{"taxonomy":"product_tag","embeddable":true,"href":"https:\/\/cagland.com\/fr\/wp-json\/wp\/v2\/product_tag?post=582"}],"curies":[{"name":"wp","href":"https:\/\/api.w.org\/{rel}","templated":true}]}}