{"id":572,"date":"2022-06-01T22:12:52","date_gmt":"2022-06-01T14:12:52","guid":{"rendered":"https:\/\/cagland.com\/?post_type=product&#038;p=572"},"modified":"2023-04-26T22:04:37","modified_gmt":"2023-04-26T14:04:37","slug":"best-nylon-waterproof-cable-gland-connector","status":"publish","type":"product","link":"https:\/\/cagland.com\/fr\/product\/best-nylon-waterproof-cable-gland-connector\/","title":{"rendered":"Presse-\u00e9toupe S-PG"},"content":{"rendered":"","protected":false},"excerpt":{"rendered":"<p>Le S-PG <a href=\"https:\/\/cagland.com\/fr\/what-is-a-cable-gland-your-best-choice\/\" target=\"_blank\" rel=\"noopener\">Presse-\u00e9toupe<\/a> est un produit durable et fiable <strong>connecteur presse-\u00e9toupe<\/strong> con\u00e7u pour les environnements ext\u00e9rieurs et difficiles. Son indice d&#039;\u00e9tanch\u00e9it\u00e9 IP68 en nylon garantit qu&#039;il est prot\u00e9g\u00e9 contre la poussi\u00e8re, l&#039;eau et d&#039;autres \u00e9l\u00e9ments susceptibles d&#039;endommager le c\u00e2ble.<\/p>\n<p>L&#039;une des principales caract\u00e9ristiques de ce presse-\u00e9toupe est sa capacit\u00e9 \u00e0 utiliser une cl\u00e9 plus petite, ce qui permet d&#039;\u00e9conomiser de l&#039;espace et facilite l&#039;installation. Sa construction en acier inoxydable garantit sa solidit\u00e9 et sa durabilit\u00e9, tandis que ses pi\u00e8ces de serrage sont en nylon PA approuv\u00e9 UL, ce qui offre une protection suppl\u00e9mentaire contre la corrosion.<\/p>\n<p>Le presse-\u00e9toupe S-PG est \u00e9quip\u00e9 d&#039;un joint torique en<a href=\"https:\/\/en.wikipedia.org\/wiki\/Nitrile_rubber\" target=\"_blank\" rel=\"noopener\"> caoutchouc nitrile butadi\u00e8ne<\/a> (NBR) et caoutchouc r\u00e9sistant aux intemp\u00e9ries (EPDM) pour fournir une \u00e9tanch\u00e9it\u00e9 fiable et \u00e9tanche contre l&#039;humidit\u00e9 et d&#039;autres facteurs environnementaux. Il est disponible dans diverses sp\u00e9cifications de filetage, y compris m\u00e9trique, PG, G et NPT, pour s&#039;adapter \u00e0 une large gamme de tailles de c\u00e2bles.<\/p>\n<p>Avec une plage de temp\u00e9rature de fonctionnement de -40\u2103 \u00e0 105\u2103 (pour une courte p\u00e9riode jusqu&#039;\u00e0 120\u2103), ce presse-\u00e9toupe est adapt\u00e9 pour une utilisation \u00e0 des temp\u00e9ratures extr\u00eames. Son indice de protection IP68, gr\u00e2ce au joint torique, le rend id\u00e9al pour une utilisation dans des environnements difficiles o\u00f9 la protection contre l&#039;eau et la poussi\u00e8re est indispensable.<\/p>\n<p>Dans l&#039;ensemble, le presse-\u00e9toupe S-PG est un connecteur de presse-\u00e9toupe polyvalent et fiable qui offre une excellente protection contre les \u00e9l\u00e9ments tout en \u00e9tant facile \u00e0 installer et \u00e0 utiliser.<\/p>","protected":false},"featured_media":580,"template":"","meta":{"_kad_post_transparent":"default","_kad_post_title":"","_kad_post_layout":"default","_kad_post_sidebar_id":"","_kad_post_content_style":"default","_kad_post_vertical_padding":"default","_kad_post_feature":"","_kad_post_feature_position":"","_kad_post_header":false,"_kad_post_footer":false,"_kad_post_classname":""},"product_brand":[],"product_cat":[20,21],"product_tag":[157,521,520,519,522,523],"class_list":{"0":"post-572","1":"product","2":"type-product","3":"status-publish","4":"has-post-thumbnail","6":"product_cat-cable-gland","7":"product_cat-plastic-water-proof-cable-gland","8":"product_tag-cable-gland-connector","9":"product_tag-cable-gland-connectors","10":"product_tag-cable-gland-for-connector","11":"product_tag-cable-gland-plugs","12":"product_tag-cable-glands-for-cables-with-connectors","13":"product_tag-waterproof-cable-gland-connectors","15":"first","16":"instock","17":"featured","18":"shipping-taxable","19":"product-type-simple","20":"entry","21":"content-bg","22":"loop-entry"},"_links":{"self":[{"href":"https:\/\/cagland.com\/fr\/wp-json\/wp\/v2\/product\/572","targetHints":{"allow":["GET"]}}],"collection":[{"href":"https:\/\/cagland.com\/fr\/wp-json\/wp\/v2\/product"}],"about":[{"href":"https:\/\/cagland.com\/fr\/wp-json\/wp\/v2\/types\/product"}],"version-history":[{"count":0,"href":"https:\/\/cagland.com\/fr\/wp-json\/wp\/v2\/product\/572\/revisions"}],"wp:featuredmedia":[{"embeddable":true,"href":"https:\/\/cagland.com\/fr\/wp-json\/wp\/v2\/media\/580"}],"wp:attachment":[{"href":"https:\/\/cagland.com\/fr\/wp-json\/wp\/v2\/media?parent=572"}],"wp:term":[{"taxonomy":"product_brand","embeddable":true,"href":"https:\/\/cagland.com\/fr\/wp-json\/wp\/v2\/product_brand?post=572"},{"taxonomy":"product_cat","embeddable":true,"href":"https:\/\/cagland.com\/fr\/wp-json\/wp\/v2\/product_cat?post=572"},{"taxonomy":"product_tag","embeddable":true,"href":"https:\/\/cagland.com\/fr\/wp-json\/wp\/v2\/product_tag?post=572"}],"curies":[{"name":"wp","href":"https:\/\/api.w.org\/{rel}","templated":true}]}}