{"id":564,"date":"2022-06-01T21:21:52","date_gmt":"2022-06-01T13:21:52","guid":{"rendered":"https:\/\/cagland.com\/?post_type=product&#038;p=564"},"modified":"2023-04-26T22:02:30","modified_gmt":"2023-04-26T14:02:30","slug":"nylon-ul-approved-cable-glands-pg-metric-npt-g","status":"publish","type":"product","link":"https:\/\/cagland.com\/fr\/product\/nylon-ul-approved-cable-glands-pg-metric-npt-g\/","title":{"rendered":"Presse-\u00e9toupe DM"},"content":{"rendered":"","protected":false},"excerpt":{"rendered":"<p>Les presse-\u00e9toupes DM sont l&#039;un des <strong><a href=\"https:\/\/en.wikipedia.org\/wiki\/UL_(safety_organization)\" target=\"_blank\" rel=\"noopener\">Homologu\u00e9 UL<\/a> presse-\u00e9toupes<\/strong>, ils sont con\u00e7us pour offrir des performances et une protection exceptionnelles \u00e0 vos c\u00e2bles et fils. Ces <a href=\"https:\/\/cagland.com\/fr\/what-is-a-cable-gland-your-best-choice\/\" target=\"_blank\" rel=\"noopener\">presse-\u00e9toupes<\/a> sont fabriqu\u00e9s dans notre usine, qui poss\u00e8de la certification UL pour les presse-\u00e9toupes m\u00e9triques, PG, G et NPT, garantissant qu&#039;ils r\u00e9pondent \u00e0 des normes de s\u00e9curit\u00e9 et de qualit\u00e9 strictes.<\/p>\n<p>L&#039;une des caract\u00e9ristiques les plus remarquables des presse-\u00e9toupes DM est leur classification antid\u00e9flagrante UL, ce qui les rend id\u00e9ales pour une utilisation dans des environnements dangereux o\u00f9 des gaz ou des poussi\u00e8res inflammables sont pr\u00e9sents. Ces presse-\u00e9toupes homologu\u00e9s UL ont \u00e9t\u00e9 rigoureusement test\u00e9s pour s&#039;assurer qu&#039;ils peuvent r\u00e9sister aux conditions les plus difficiles et fournir une protection fiable contre les explosions.<\/p>\n<p>En plus de leur indice antid\u00e9flagrant, les presse-\u00e9toupes DM sont \u00e9galement durables et \u00e9tanches \u00e0 la poussi\u00e8re, offrant une excellente protection pour vos c\u00e2bles et fils. Ils sont construits \u00e0 partir de mat\u00e9riaux de haute qualit\u00e9 con\u00e7us pour r\u00e9sister aux environnements difficiles, garantissant que vos c\u00e2bles restent s\u00fbrs et s\u00e9curis\u00e9s \u00e0 tout moment.<\/p>\n<p>Malgr\u00e9 leurs caract\u00e9ristiques impressionnantes, les presse-\u00e9toupes DM sont disponibles \u00e0 un prix abordable, ce qui en fait un excellent choix pour les entreprises \u00e0 la recherche d&#039;une solution rentable. Ce sont des presse-\u00e9toupes en nylon homologu\u00e9s UL, ce qui signifie qu&#039;ils r\u00e9pondent aux normes de s\u00e9curit\u00e9 et de qualit\u00e9 strictes \u00e9tablies par Underwriters Laboratories.<\/p>\n<p>Enfin, les presse-\u00e9toupes DM sont fabriqu\u00e9s \u00e0 partir de nylon PVC PA66 approuv\u00e9 UL, un mat\u00e9riau de haute qualit\u00e9 reconnu pour sa durabilit\u00e9 et sa r\u00e9sistance. Cela garantit que vos c\u00e2bles et fils sont prot\u00e9g\u00e9s contre les dommages et garantit la fiabilit\u00e9 \u00e0 long terme de vos installations \u00e9lectriques.<\/p>","protected":false},"featured_media":570,"template":"","meta":{"_kad_post_transparent":"default","_kad_post_title":"","_kad_post_layout":"default","_kad_post_sidebar_id":"","_kad_post_content_style":"default","_kad_post_vertical_padding":"default","_kad_post_feature":"","_kad_post_feature_position":"","_kad_post_header":false,"_kad_post_footer":false,"_kad_post_classname":""},"product_brand":[],"product_cat":[20,21],"product_tag":[537,533,535,536,166,538,532,534],"class_list":{"0":"post-564","1":"product","2":"type-product","3":"status-publish","4":"has-post-thumbnail","6":"product_cat-cable-gland","7":"product_cat-plastic-water-proof-cable-gland","8":"product_tag-best-price-ul-approved-nylon-cable-gland","9":"product_tag-cable-gland-certification","10":"product_tag-durable-and-dustproof-ul-approved-cable-gland","11":"product_tag-north-american-cable-glands","12":"product_tag-ul-approved-cable-glands","13":"product_tag-ul-approved-nylon-pa66-pvc-nylon-cable-gland","14":"product_tag-ul-csa-approved-products","15":"product_tag-ul-explosion-proof-cable-glands","17":"first","18":"instock","19":"shipping-taxable","20":"product-type-simple","21":"entry","22":"content-bg","23":"loop-entry"},"_links":{"self":[{"href":"https:\/\/cagland.com\/fr\/wp-json\/wp\/v2\/product\/564","targetHints":{"allow":["GET"]}}],"collection":[{"href":"https:\/\/cagland.com\/fr\/wp-json\/wp\/v2\/product"}],"about":[{"href":"https:\/\/cagland.com\/fr\/wp-json\/wp\/v2\/types\/product"}],"version-history":[{"count":0,"href":"https:\/\/cagland.com\/fr\/wp-json\/wp\/v2\/product\/564\/revisions"}],"wp:featuredmedia":[{"embeddable":true,"href":"https:\/\/cagland.com\/fr\/wp-json\/wp\/v2\/media\/570"}],"wp:attachment":[{"href":"https:\/\/cagland.com\/fr\/wp-json\/wp\/v2\/media?parent=564"}],"wp:term":[{"taxonomy":"product_brand","embeddable":true,"href":"https:\/\/cagland.com\/fr\/wp-json\/wp\/v2\/product_brand?post=564"},{"taxonomy":"product_cat","embeddable":true,"href":"https:\/\/cagland.com\/fr\/wp-json\/wp\/v2\/product_cat?post=564"},{"taxonomy":"product_tag","embeddable":true,"href":"https:\/\/cagland.com\/fr\/wp-json\/wp\/v2\/product_tag?post=564"}],"curies":[{"name":"wp","href":"https:\/\/api.w.org\/{rel}","templated":true}]}}