{"id":547,"date":"2022-06-01T20:32:44","date_gmt":"2022-06-01T12:32:44","guid":{"rendered":"https:\/\/cagland.com\/?post_type=product&#038;p=547"},"modified":"2023-04-26T20:37:56","modified_gmt":"2023-04-26T12:37:56","slug":"dual-abs-solar-cable-entry-gland-nylon-m25","status":"publish","type":"product","link":"https:\/\/cagland.com\/fr\/product\/dual-abs-solar-cable-entry-gland-nylon-m25\/","title":{"rendered":"Presse-\u00e9toupe SM"},"content":{"rendered":"","protected":false},"excerpt":{"rendered":"<p>UN <a href=\"https:\/\/cagland.com\/fr\/what-is-a-cable-gland-your-best-choice\/\" target=\"_blank\" rel=\"noopener\"><strong>presse-\u00e9toupe d&#039;entr\u00e9e de c\u00e2ble<\/strong><\/a> est un composant essentiel utilis\u00e9 pour fournir une \u00e9tanch\u00e9it\u00e9 s\u00fbre et fiable autour des c\u00e2bles lorsqu&#039;ils traversent une enceinte. Il est con\u00e7u pour prot\u00e9ger les c\u00e2bles contre les dommages caus\u00e9s par des facteurs environnementaux tels que l&#039;humidit\u00e9, la poussi\u00e8re et les temp\u00e9ratures extr\u00eames. Le principal avantage des presse-\u00e9toupes d&#039;entr\u00e9e de c\u00e2bles est qu&#039;ils offrent un moyen simple et efficace de faire passer les c\u00e2bles \u00e0 travers les murs, les plafonds ou d&#039;autres barri\u00e8res tout en maintenant une \u00e9tanch\u00e9it\u00e9 \u00e0 l&#039;eau.<\/p>\n<p>Dans les applications industrielles, les presse-\u00e9toupes d&#039;entr\u00e9e de c\u00e2ble sont couramment utilis\u00e9s pour prot\u00e9ger les c\u00e2bles \u00e9lectriques, de donn\u00e9es et de communication. Plus pr\u00e9cis\u00e9ment, pour les applications solaires, le presse-\u00e9toupe d&#039;entr\u00e9e de c\u00e2ble solaire est une version sp\u00e9cialis\u00e9e optimis\u00e9e pour une utilisation avec des c\u00e2bles solaires photovolta\u00efques (PV). Ces presse-\u00e9toupes pr\u00e9sentent une conception unique qui permet une installation facile, m\u00eame dans des environnements ext\u00e9rieurs difficiles. Ce sont des composants essentiels qui assurent la transmission s\u00fbre et fiable de l&#039;\u00e9nergie des panneaux solaires \u00e0 l&#039;onduleur et au r\u00e9seau \u00e9lectrique.<\/p>\n<p>Le corps principal du presse-\u00e9toupe est compos\u00e9 de <a href=\"https:\/\/en.wikipedia.org\/wiki\/Electroless_nickel-phosphorus_plating\" target=\"_blank\" rel=\"noopener\">laiton nickel\u00e9<\/a>, qui offre une excellente r\u00e9sistance \u00e0 la corrosion et une grande durabilit\u00e9. Les pi\u00e8ces de serrage sont fabriqu\u00e9es en nylon PA approuv\u00e9 UL, qui est un mat\u00e9riau solide et l\u00e9ger qui r\u00e9siste aux chocs, \u00e0 l&#039;abrasion et aux produits chimiques. Le joint torique est compos\u00e9 de caoutchouc nitrile butadi\u00e8ne (NBR) et de caoutchouc r\u00e9sistant aux intemp\u00e9ries (EPDM), offrant d&#039;excellentes propri\u00e9t\u00e9s d&#039;\u00e9tanch\u00e9it\u00e9 et de r\u00e9sistance aux intemp\u00e9ries.<\/p>\n<p>Le presse-\u00e9toupe d&#039;entr\u00e9e de c\u00e2ble est disponible dans diverses sp\u00e9cifications de filetage, y compris m\u00e9trique, PG, G et NPT, ce qui facilite l&#039;int\u00e9gration avec diff\u00e9rents types de bo\u00eetiers. Il peut supporter une large gamme de temp\u00e9ratures, de -40\u00b0C \u00e0 100\u00b0C en \u00e9tat statique, avec une r\u00e9sistance \u00e0 la chaleur instantan\u00e9e jusqu&#039;\u00e0 120\u00b0C. Dans un \u00e9tat dynamique, le presse-\u00e9toupe peut tol\u00e9rer des temp\u00e9ratures allant de -20\u00b0C \u00e0 80\u00b0C, avec une r\u00e9sistance \u00e0 la chaleur instantan\u00e9e jusqu&#039;\u00e0 100\u00b0C. De plus, le presse-\u00e9toupe d&#039;entr\u00e9e de c\u00e2ble a un niveau de protection IP68 lors de l&#039;utilisation d&#039;un joint torique, assurant une protection fiable contre la p\u00e9n\u00e9tration de poussi\u00e8re et d&#039;eau.<\/p>\n<p>En r\u00e9sum\u00e9, le presse-\u00e9toupe d&#039;entr\u00e9e de c\u00e2ble est un composant essentiel dans tout environnement industriel qui n\u00e9cessite une \u00e9tanch\u00e9it\u00e9 s\u00fbre et fiable autour des c\u00e2bles. Le presse-\u00e9toupe d&#039;entr\u00e9e de c\u00e2ble solaire est une version sp\u00e9cialis\u00e9e optimis\u00e9e pour une utilisation dans les applications solaires, avec des caract\u00e9ristiques telles qu&#039;une conception unique, des mat\u00e9riaux r\u00e9sistants aux intemp\u00e9ries et diverses sp\u00e9cifications de filetage. Ses propri\u00e9t\u00e9s d&#039;\u00e9tanch\u00e9it\u00e9 et de protection fiables en font un composant essentiel pour assurer la transmission s\u00fbre et fiable de l&#039;\u00e9nergie dans les installations solaires.<\/p>","protected":false},"featured_media":554,"template":"","meta":{"_kad_post_transparent":"default","_kad_post_title":"","_kad_post_layout":"default","_kad_post_sidebar_id":"","_kad_post_content_style":"default","_kad_post_vertical_padding":"default","_kad_post_feature":"","_kad_post_feature_position":"","_kad_post_header":false,"_kad_post_footer":false,"_kad_post_classname":""},"product_brand":[],"product_cat":[20,21],"product_tag":[544,540,546,541,542,547,545,539,543],"class_list":{"0":"post-547","1":"product","2":"type-product","3":"status-publish","4":"has-post-thumbnail","6":"product_cat-cable-gland","7":"product_cat-plastic-water-proof-cable-gland","8":"product_tag-abs-black-solar-cable-entry-gland","9":"product_tag-cable-entry-gland","10":"product_tag-cable-entry-gland-for-roof-plate","11":"product_tag-dual-gland-solar-cabling-entry-point","12":"product_tag-solar-cable-entry-gland","13":"product_tag-solar-single-cable-entry-gland","14":"product_tag-waterproof-double-cable-entry-gland","15":"product_tag-white-abs-solar-cable-entry","16":"product_tag-white-abs-solar-cable-entry-point","18":"first","19":"instock","20":"shipping-taxable","21":"product-type-simple","22":"entry","23":"content-bg","24":"loop-entry"},"_links":{"self":[{"href":"https:\/\/cagland.com\/fr\/wp-json\/wp\/v2\/product\/547","targetHints":{"allow":["GET"]}}],"collection":[{"href":"https:\/\/cagland.com\/fr\/wp-json\/wp\/v2\/product"}],"about":[{"href":"https:\/\/cagland.com\/fr\/wp-json\/wp\/v2\/types\/product"}],"version-history":[{"count":0,"href":"https:\/\/cagland.com\/fr\/wp-json\/wp\/v2\/product\/547\/revisions"}],"wp:featuredmedia":[{"embeddable":true,"href":"https:\/\/cagland.com\/fr\/wp-json\/wp\/v2\/media\/554"}],"wp:attachment":[{"href":"https:\/\/cagland.com\/fr\/wp-json\/wp\/v2\/media?parent=547"}],"wp:term":[{"taxonomy":"product_brand","embeddable":true,"href":"https:\/\/cagland.com\/fr\/wp-json\/wp\/v2\/product_brand?post=547"},{"taxonomy":"product_cat","embeddable":true,"href":"https:\/\/cagland.com\/fr\/wp-json\/wp\/v2\/product_cat?post=547"},{"taxonomy":"product_tag","embeddable":true,"href":"https:\/\/cagland.com\/fr\/wp-json\/wp\/v2\/product_tag?post=547"}],"curies":[{"name":"wp","href":"https:\/\/api.w.org\/{rel}","templated":true}]}}