{"id":538,"date":"2022-06-01T13:57:57","date_gmt":"2022-06-01T05:57:57","guid":{"rendered":"https:\/\/cagland.com\/?post_type=product&#038;p=538"},"modified":"2023-04-26T22:00:08","modified_gmt":"2023-04-26T14:00:08","slug":"plastic-cable-gland-g-type-cheapest","status":"publish","type":"product","link":"https:\/\/cagland.com\/fr\/product\/plastic-cable-gland-g-type-cheapest\/","title":{"rendered":"G Presse-\u00e9toupe"},"content":{"rendered":"","protected":false},"excerpt":{"rendered":"<p>En termes de plastique de type G <a href=\"https:\/\/cagland.com\/fr\/what-is-a-cable-gland-your-best-choice\/\" target=\"_blank\" rel=\"noopener\">presse-\u00e9toupe<\/a>, Dans le Unified Thread Standard, la lettre G repr\u00e9sente g\u00e9n\u00e9ralement la sp\u00e9cification du thread. Plus pr\u00e9cis\u00e9ment, le presse-\u00e9toupe en plastique de type G est souvent utilis\u00e9 pour d\u00e9crire le type de filetage et ses param\u00e8tres, tels que le pas et le diam\u00e8tre nominal. La signification de G peut varier l\u00e9g\u00e8rement selon le type de fil, une analyse sp\u00e9cifique est donc n\u00e9cessaire. Par exemple, dans le filetage grossier unifi\u00e9 (UNC), G repr\u00e9sente l&#039;inverse du rapport du diam\u00e8tre nominal au pas, tandis que dans le filetage fin unifi\u00e9 (UNF), G repr\u00e9sente l&#039;inverse du rapport du diam\u00e8tre nominal au pas moins 0,099.<\/p>\n<p>La taille du <a href=\"https:\/\/en.wikipedia.org\/wiki\/British_Standard_Pipe\" target=\"_blank\" rel=\"noopener\">Fil G<\/a> est d\u00e9sign\u00e9 par un nombre qui repr\u00e9sente le diam\u00e8tre du filetage en millim\u00e8tres. Par exemple, un presse-\u00e9toupe G1\/2 a un diam\u00e8tre de filetage de 12,5 mm, tandis qu&#039;un presse-\u00e9toupe G3\/4 a un diam\u00e8tre de filetage de 19 mm.<\/p>\n<p>Le filetage G a un angle de filetage de 60 degr\u00e9s et une forme cylindrique. Il est con\u00e7u pour fournir une connexion s\u00fbre et fiable entre le presse-\u00e9toupe et l&#039;\u00e9quipement ou le bo\u00eetier, ainsi que pour emp\u00eacher la poussi\u00e8re, l&#039;eau et d&#039;autres contaminants de p\u00e9n\u00e9trer dans le bo\u00eetier.<\/p>","protected":false},"featured_media":540,"template":"","meta":{"_kad_post_transparent":"default","_kad_post_title":"","_kad_post_layout":"default","_kad_post_sidebar_id":"","_kad_post_content_style":"default","_kad_post_vertical_padding":"default","_kad_post_feature":"","_kad_post_feature_position":"","_kad_post_header":false,"_kad_post_footer":false,"_kad_post_classname":""},"product_brand":[],"product_cat":[20,21],"product_tag":[482,477,475,478,476,481,474,480,483,479],"class_list":{"0":"post-538","1":"product","2":"type-product","3":"status-publish","4":"has-post-thumbnail","6":"product_cat-cable-gland","7":"product_cat-plastic-water-proof-cable-gland","8":"product_tag-black-nylon-cable-gland","9":"product_tag-british-general-plastic-cable-gland","10":"product_tag-cable-gland-plastic","11":"product_tag-nylon-cable-gands","12":"product_tag-nylon-flexible-cable-gland","13":"product_tag-plastic-cable-gland-connector","14":"product_tag-plastic-cable-glands","15":"product_tag-polyamide-cable-gland","16":"product_tag-ul-nylon-cable-gland","17":"product_tag-wholesale-cable-glands","19":"first","20":"instock","21":"shipping-taxable","22":"product-type-simple","23":"entry","24":"content-bg","25":"loop-entry"},"_links":{"self":[{"href":"https:\/\/cagland.com\/fr\/wp-json\/wp\/v2\/product\/538","targetHints":{"allow":["GET"]}}],"collection":[{"href":"https:\/\/cagland.com\/fr\/wp-json\/wp\/v2\/product"}],"about":[{"href":"https:\/\/cagland.com\/fr\/wp-json\/wp\/v2\/types\/product"}],"version-history":[{"count":0,"href":"https:\/\/cagland.com\/fr\/wp-json\/wp\/v2\/product\/538\/revisions"}],"wp:featuredmedia":[{"embeddable":true,"href":"https:\/\/cagland.com\/fr\/wp-json\/wp\/v2\/media\/540"}],"wp:attachment":[{"href":"https:\/\/cagland.com\/fr\/wp-json\/wp\/v2\/media?parent=538"}],"wp:term":[{"taxonomy":"product_brand","embeddable":true,"href":"https:\/\/cagland.com\/fr\/wp-json\/wp\/v2\/product_brand?post=538"},{"taxonomy":"product_cat","embeddable":true,"href":"https:\/\/cagland.com\/fr\/wp-json\/wp\/v2\/product_cat?post=538"},{"taxonomy":"product_tag","embeddable":true,"href":"https:\/\/cagland.com\/fr\/wp-json\/wp\/v2\/product_tag?post=538"}],"curies":[{"name":"wp","href":"https:\/\/api.w.org\/{rel}","templated":true}]}}