{"id":530,"date":"2022-06-01T12:30:24","date_gmt":"2022-06-01T04:30:24","guid":{"rendered":"https:\/\/cagland.com\/?post_type=product&#038;p=530"},"modified":"2023-04-26T21:51:12","modified_gmt":"2023-04-26T13:51:12","slug":"npt-cable-glands-thread-types-best-nylon","status":"publish","type":"product","link":"https:\/\/cagland.com\/fr\/product\/npt-cable-glands-thread-types-best-nylon\/","title":{"rendered":"Presse-\u00e9toupe NPT"},"content":{"rendered":"","protected":false},"excerpt":{"rendered":"<p>Un <strong>Presse-\u00e9toupe NPT<\/strong> est un type de <a href=\"https:\/\/cagland.com\/fr\/what-is-a-cable-gland-your-best-choice\/\" target=\"_blank\" rel=\"noopener\">presse-\u00e9toupe<\/a> utilis\u00e9 pour s\u00e9curiser et sceller les c\u00e2bles \u00e9lectriques qui traversent une enceinte ou un panneau. Le terme \u00ab NPT \u00bb signifie National Pipe Taper, qui fait r\u00e9f\u00e9rence \u00e0 la norme am\u00e9ricaine pour les filetages coniques utilis\u00e9s sur les tuyaux et les raccords. Ces presse-\u00e9toupes sont con\u00e7us avec un filetage conique qui permet de les visser facilement dans des bo\u00eetiers ou des panneaux avec des filetages correspondants.<\/p>\n<p>Les presse-\u00e9toupes NPT sont fabriqu\u00e9s \u00e0 partir de mat\u00e9riaux de haute qualit\u00e9 tels que le nylon et le nylon PA6 PP, ces presse-\u00e9toupes peuvent r\u00e9sister \u00e0 des temp\u00e9ratures de travail allant de -40\u2103 \u00e0 100\u2103, avec des tol\u00e9rances de temp\u00e9rature \u00e0 court terme allant jusqu&#039;\u00e0 120\u2103. Ils sont \u00e9tanches IP68, ces presse-\u00e9toupes sont capables de prot\u00e9ger vos c\u00e2bles et \u00e9quipements des environnements les plus difficiles.<\/p>\n<p>L&#039;une des principales caract\u00e9ristiques de la <a href=\"https:\/\/en.wikipedia.org\/wiki\/National_pipe_thread\" target=\"_blank\" rel=\"noopener\">C\u00e2ble filet\u00e9 NPT<\/a> glandes est leur personnalisation. Ces presse-\u00e9toupes peuvent \u00eatre personnalis\u00e9s pour r\u00e9pondre \u00e0 vos besoins sp\u00e9cifiques, notamment la taille et la forme du point d&#039;entr\u00e9e du c\u00e2ble, le type de filetage et le nombre de points d&#039;entr\u00e9e. De plus, ils peuvent \u00eatre produits dans une vari\u00e9t\u00e9 de couleurs, y compris le gris, le noir, le blanc et le rouge.<\/p>\n<p>Pour personnaliser davantage ces presse-\u00e9toupes, ils peuvent \u00e9galement \u00eatre \u00e9tiquet\u00e9s avec des \u00e9tiquettes OEM, ce qui vous permet de promouvoir votre marque et de maintenir une image de marque coh\u00e9rente sur l&#039;ensemble de votre \u00e9quipement. Dans l&#039;ensemble, les presse-\u00e9toupes \u00e0 filetage NPT sont un excellent choix pour tous ceux qui recherchent une solution personnalisable, \u00e9tanche et de qualit\u00e9 industrielle pour la gestion des c\u00e2bles.<\/p>","protected":false},"featured_media":537,"template":"","meta":{"_kad_post_transparent":"default","_kad_post_title":"","_kad_post_layout":"default","_kad_post_sidebar_id":"","_kad_post_content_style":"default","_kad_post_vertical_padding":"default","_kad_post_feature":"","_kad_post_feature_position":"","_kad_post_header":false,"_kad_post_footer":false,"_kad_post_classname":""},"product_brand":[],"product_cat":[20,21],"product_tag":[449,452,443,448,455,453,445,127,125,447],"class_list":{"0":"post-530","1":"product","2":"type-product","3":"status-publish","4":"has-post-thumbnail","6":"product_cat-cable-gland","7":"product_cat-plastic-water-proof-cable-gland","8":"product_tag-cable-gland-with-npt-threads","9":"product_tag-explosion-proof-cable-gland-npt-thread","10":"product_tag-npt-cable-gland","11":"product_tag-npt-nylon-cable-glands","12":"product_tag-npt-standard-cable-glands","13":"product_tag-npt-strain-relief-cable-glands","14":"product_tag-npt-thread-cable-gland","15":"product_tag-npt-thread-cable-glands","16":"product_tag-npt-thread-glands","17":"product_tag-npt-thread-type-cable-gland","19":"first","20":"instock","21":"shipping-taxable","22":"product-type-simple","23":"entry","24":"content-bg","25":"loop-entry"},"_links":{"self":[{"href":"https:\/\/cagland.com\/fr\/wp-json\/wp\/v2\/product\/530","targetHints":{"allow":["GET"]}}],"collection":[{"href":"https:\/\/cagland.com\/fr\/wp-json\/wp\/v2\/product"}],"about":[{"href":"https:\/\/cagland.com\/fr\/wp-json\/wp\/v2\/types\/product"}],"version-history":[{"count":0,"href":"https:\/\/cagland.com\/fr\/wp-json\/wp\/v2\/product\/530\/revisions"}],"wp:featuredmedia":[{"embeddable":true,"href":"https:\/\/cagland.com\/fr\/wp-json\/wp\/v2\/media\/537"}],"wp:attachment":[{"href":"https:\/\/cagland.com\/fr\/wp-json\/wp\/v2\/media?parent=530"}],"wp:term":[{"taxonomy":"product_brand","embeddable":true,"href":"https:\/\/cagland.com\/fr\/wp-json\/wp\/v2\/product_brand?post=530"},{"taxonomy":"product_cat","embeddable":true,"href":"https:\/\/cagland.com\/fr\/wp-json\/wp\/v2\/product_cat?post=530"},{"taxonomy":"product_tag","embeddable":true,"href":"https:\/\/cagland.com\/fr\/wp-json\/wp\/v2\/product_tag?post=530"}],"curies":[{"name":"wp","href":"https:\/\/api.w.org\/{rel}","templated":true}]}}