{"id":519,"date":"2022-06-01T10:29:07","date_gmt":"2022-06-01T02:29:07","guid":{"rendered":"https:\/\/cagland.com\/?post_type=product&#038;p=519"},"modified":"2023-04-26T21:51:31","modified_gmt":"2023-04-26T13:51:31","slug":"pg7-cable-gland-best-nylon-ip68-waterproof","status":"publish","type":"product","link":"https:\/\/cagland.com\/fr\/product\/pg7-cable-gland-best-nylon-ip68-waterproof\/","title":{"rendered":"Presse-\u00e9toupe PG"},"content":{"rendered":"","protected":false},"excerpt":{"rendered":"<p>Un PG <a href=\"https:\/\/cagland.com\/fr\/what-is-a-cable-gland-your-best-choice\/\" target=\"_blank\" rel=\"noopener\">presse-\u00e9toupe<\/a> est un dispositif utilis\u00e9 pour attacher et fixer un c\u00e2ble \u00e9lectrique \u00e0 une enceinte ou \u00e0 une pi\u00e8ce d&#039;\u00e9quipement. Le terme &quot;PG&quot; signifie &quot;<a href=\"https:\/\/de.wikipedia.org\/wiki\/Stahlpanzerrohrgewinde\" target=\"_blank\" rel=\"noopener\">PanzerGewinde<\/a>\u00bb, qui est le mot allemand pour fil blind\u00e9. Ces presse-\u00e9toupes sont con\u00e7us pour fournir une connexion s\u00e9curis\u00e9e et fiable, ainsi que pour prot\u00e9ger le c\u00e2ble de la poussi\u00e8re, de la salet\u00e9 et de l&#039;humidit\u00e9.<\/p>\n<p>L&#039;un des types les plus courants de presse-\u00e9toupe PG est le presse-\u00e9toupe pg7. Cette taille est g\u00e9n\u00e9ralement utilis\u00e9e avec des c\u00e2bles plus petits, tels que ceux que l&#039;on trouve dans les panneaux de commande ou les applications d&#039;instrumentation. Le presse-\u00e9toupe pg7 comporte un collier filet\u00e9 qui se visse sur le bo\u00eetier ou l&#039;\u00e9quipement, tout en comprimant \u00e9galement un joint en caoutchouc autour du c\u00e2ble pour cr\u00e9er un joint \u00e9tanche.<\/p>\n<p>Lors de la s\u00e9lection d&#039;un presse-\u00e9toupe pg7 pour votre application, il est important de prendre en compte des facteurs tels que la compatibilit\u00e9 des mat\u00e9riaux, la plage de temp\u00e9rature et les conditions environnementales. Vous devrez peut-\u00eatre \u00e9galement choisir entre les versions standard ou CEM en fonction de vos besoins sp\u00e9cifiques. Globalement, les presse-\u00e9toupes PG offrent une solution simple mais efficace pour s\u00e9curiser vos c\u00e2bles et les prot\u00e9ger des \u00e9l\u00e9ments ext\u00e9rieurs.<\/p>\n<p>Notre usine offre un service OEM, <a href=\"https:\/\/en.wikipedia.org\/wiki\/Panzergewinde\" target=\"_blank\" rel=\"noopener\">Presse-\u00e9toupes PG<\/a> sont fabriqu\u00e9s \u00e0 partir de nylon, PA6, PP, laiton, pvc et autres mat\u00e9riaux personnalis\u00e9s de haute qualit\u00e9, ces presse-\u00e9toupes peuvent r\u00e9sister \u00e0 des temp\u00e9ratures allant de -40 \u2103 \u00e0 100 \u2103 (avec une utilisation \u00e0 court terme jusqu&#039;\u00e0 120 \u2103). Ils sont disponibles dans une gamme de couleurs personnalis\u00e9es, notamment le gris, le noir, le blanc, le rouge et d&#039;autres couleurs personnalis\u00e9es, ce qui facilite l&#039;adaptation de vos presse-\u00e9toupes \u00e0 votre \u00e9quipement ou \u00e0 vos machines.<\/p>\n<p>Les presse-\u00e9toupes PG sont disponibles en diff\u00e9rentes tailles et peuvent \u00eatre personnalis\u00e9s pour r\u00e9pondre \u00e0 vos besoins sp\u00e9cifiques.<\/p>","protected":false},"featured_media":526,"template":"","meta":{"_kad_post_transparent":"default","_kad_post_title":"","_kad_post_layout":"default","_kad_post_sidebar_id":"","_kad_post_content_style":"default","_kad_post_vertical_padding":"default","_kad_post_feature":"","_kad_post_feature_position":"","_kad_post_header":false,"_kad_post_footer":false,"_kad_post_classname":""},"product_brand":[],"product_cat":[20,21],"product_tag":[467,472,468,465,462,459,457,458,461,464,469,471,463,470,466,456,460,116,103,473],"class_list":{"0":"post-519","1":"product","2":"type-product","3":"status-publish","4":"has-post-thumbnail","6":"product_cat-cable-gland","7":"product_cat-plastic-water-proof-cable-gland","8":"product_tag-black-waterproof-connectors-pg7-cable-glands","9":"product_tag-brass-cable-gland-pg7","10":"product_tag-cable-gland-nylon-pg7","11":"product_tag-cable-glands-pg-thread-pg7","12":"product_tag-cable-glands-pg7-thread","13":"product_tag-pg-cable-gland","14":"product_tag-pg11-cable-gland","15":"product_tag-pg16-cable-gland","16":"product_tag-pg7-black-nylon-cable-glands","17":"product_tag-pg7-black-polyamide","18":"product_tag-pg7-brass-cable-gland","19":"product_tag-pg7-cable-gland-connector","20":"product_tag-pg7-ip68-waterproof-nylon-plastic-cable-gland","21":"product_tag-pg7-liquid-tight-cable-gland","22":"product_tag-pg7-nylon-cable-gands","23":"product_tag-pg7-nylon-waterproof-cable-glands","24":"product_tag-pg7-plastic-cable-gland","25":"product_tag-pg9-cable-gland","26":"product_tag-polymer-cable-gland-pg7-grey","27":"product_tag-pvc-cable-gland-pg7","29":"first","30":"instock","31":"featured","32":"shipping-taxable","33":"product-type-simple","34":"entry","35":"content-bg","36":"loop-entry"},"_links":{"self":[{"href":"https:\/\/cagland.com\/fr\/wp-json\/wp\/v2\/product\/519","targetHints":{"allow":["GET"]}}],"collection":[{"href":"https:\/\/cagland.com\/fr\/wp-json\/wp\/v2\/product"}],"about":[{"href":"https:\/\/cagland.com\/fr\/wp-json\/wp\/v2\/types\/product"}],"version-history":[{"count":0,"href":"https:\/\/cagland.com\/fr\/wp-json\/wp\/v2\/product\/519\/revisions"}],"wp:featuredmedia":[{"embeddable":true,"href":"https:\/\/cagland.com\/fr\/wp-json\/wp\/v2\/media\/526"}],"wp:attachment":[{"href":"https:\/\/cagland.com\/fr\/wp-json\/wp\/v2\/media?parent=519"}],"wp:term":[{"taxonomy":"product_brand","embeddable":true,"href":"https:\/\/cagland.com\/fr\/wp-json\/wp\/v2\/product_brand?post=519"},{"taxonomy":"product_cat","embeddable":true,"href":"https:\/\/cagland.com\/fr\/wp-json\/wp\/v2\/product_cat?post=519"},{"taxonomy":"product_tag","embeddable":true,"href":"https:\/\/cagland.com\/fr\/wp-json\/wp\/v2\/product_tag?post=519"}],"curies":[{"name":"wp","href":"https:\/\/api.w.org\/{rel}","templated":true}]}}