{"id":446,"date":"2022-05-24T23:21:59","date_gmt":"2022-05-24T15:21:59","guid":{"rendered":"https:\/\/cagland.com\/?post_type=product&#038;p=446"},"modified":"2023-04-26T22:08:56","modified_gmt":"2023-04-26T14:08:56","slug":"best-nylon-m20-cable-gland","status":"publish","type":"product","link":"https:\/\/cagland.com\/fr\/product\/best-nylon-m20-cable-gland\/","title":{"rendered":"Presse-\u00e9toupe m\u00e9trique"},"content":{"rendered":"","protected":false},"excerpt":{"rendered":"<p>Une m\u00e9trique <a href=\"https:\/\/cagland.com\/fr\/what-is-a-cable-gland-your-best-choice\/\">presse-\u00e9toupe<\/a> est un type de presse-\u00e9toupe con\u00e7u pour connecter et sceller en toute s\u00e9curit\u00e9 les c\u00e2bles m\u00e9triques. Un type populaire de presse-\u00e9toupe m\u00e9trique est le presse-\u00e9toupe M20. Cette taille est couramment utilis\u00e9e dans les applications industrielles qui n\u00e9cessitent une solution fiable et robuste pour la gestion des c\u00e2bles. Le presse-\u00e9toupe M20 peut accueillir des c\u00e2bles de diam\u00e8tres allant de 6 mm \u00e0 12 mm, ce qui le rend adapt\u00e9 \u00e0 une large gamme d&#039;applications.<\/p>\n<p>Les c\u00e2bles m\u00e9triques sont des c\u00e2bles qui suivent le<a href=\"https:\/\/en.wikipedia.org\/wiki\/IEC_metric_screw_sized_connectors\" target=\"_blank\" rel=\"noopener\"> vis m\u00e9trique<\/a> syst\u00e8me de mesure couramment utilis\u00e9 en Europe et dans de nombreuses autres parties du monde. L&#039;avantage d&#039;utiliser des c\u00e2bles m\u00e9triques est qu&#039;ils sont standardis\u00e9s et peuvent \u00eatre facilement \u00e9chang\u00e9s entre diff\u00e9rents pays et industries.<\/p>\n<p>Les presse-\u00e9toupes m\u00e9triques trouvent de nombreuses applications industrielles dans divers domaines tels que la fabrication, l&#039;automobile, l&#039;a\u00e9rospatiale, les t\u00e9l\u00e9communications et les \u00e9nergies renouvelables. Ils sont utilis\u00e9s pour prot\u00e9ger les c\u00e2bles de l&#039;humidit\u00e9, de la poussi\u00e8re et d&#039;autres risques environnementaux, en veillant \u00e0 ce qu&#039;ils restent s\u00e9curis\u00e9s et prot\u00e9g\u00e9s \u00e0 tout moment.<\/p>\n<p>Les presse-\u00e9toupes m\u00e9triques personnalis\u00e9s sont disponibles dans diff\u00e9rentes tailles, formes et mat\u00e9riaux pour s&#039;adapter \u00e0 divers types de c\u00e2bles et d&#039;applications. Les fabricants OEM produisent ces presse-\u00e9toupes pour r\u00e9pondre aux besoins sp\u00e9cifiques des clients et leur fournir des solutions fiables et durables pour la gestion des c\u00e2bles.<\/p>","protected":false},"featured_media":503,"template":"","meta":{"_kad_post_transparent":"default","_kad_post_title":"","_kad_post_layout":"default","_kad_post_sidebar_id":"","_kad_post_content_style":"default","_kad_post_vertical_padding":"default","_kad_post_feature":"","_kad_post_feature_position":"","_kad_post_header":false,"_kad_post_footer":false,"_kad_post_classname":""},"product_brand":[],"product_cat":[20,21],"product_tag":[496,502,501,499,500,509,36,503,508,45,44,46,498,504,497,506,507,505],"class_list":{"0":"post-446","1":"product","2":"type-product","3":"status-publish","4":"has-post-thumbnail","6":"product_cat-cable-gland","7":"product_cat-plastic-water-proof-cable-gland","8":"product_tag-black-nylon-cable-gland-m20-thread","9":"product_tag-cable-gland-gp-nylon-m20","10":"product_tag-cable-gland-metal-m20-thread","11":"product_tag-cable-glands-m20","12":"product_tag-gland-cable-nylon-m20x15mm","13":"product_tag-grey-m20-cable-gland","14":"product_tag-m20-cable-gland","15":"product_tag-m20-cable-glands","16":"product_tag-m20-explosion-proof-cable-gland","17":"product_tag-m20-plastic-cable-gland","18":"product_tag-m20-waterproof-cable-gland","19":"product_tag-m20-x-1-5-cable-glands","20":"product_tag-nylon-cable-gland-m20","21":"product_tag-nylon-gland-ip68-black-20mm","22":"product_tag-nylon-qc-gland-m20","23":"product_tag-plastic-cable-gland-m20","24":"product_tag-splashproof-m20-cable-gland","25":"product_tag-white-plastic-waterproof-cable-glands-m20","27":"first","28":"instock","29":"featured","30":"shipping-taxable","31":"product-type-simple","32":"entry","33":"content-bg","34":"loop-entry"},"_links":{"self":[{"href":"https:\/\/cagland.com\/fr\/wp-json\/wp\/v2\/product\/446","targetHints":{"allow":["GET"]}}],"collection":[{"href":"https:\/\/cagland.com\/fr\/wp-json\/wp\/v2\/product"}],"about":[{"href":"https:\/\/cagland.com\/fr\/wp-json\/wp\/v2\/types\/product"}],"version-history":[{"count":0,"href":"https:\/\/cagland.com\/fr\/wp-json\/wp\/v2\/product\/446\/revisions"}],"wp:featuredmedia":[{"embeddable":true,"href":"https:\/\/cagland.com\/fr\/wp-json\/wp\/v2\/media\/503"}],"wp:attachment":[{"href":"https:\/\/cagland.com\/fr\/wp-json\/wp\/v2\/media?parent=446"}],"wp:term":[{"taxonomy":"product_brand","embeddable":true,"href":"https:\/\/cagland.com\/fr\/wp-json\/wp\/v2\/product_brand?post=446"},{"taxonomy":"product_cat","embeddable":true,"href":"https:\/\/cagland.com\/fr\/wp-json\/wp\/v2\/product_cat?post=446"},{"taxonomy":"product_tag","embeddable":true,"href":"https:\/\/cagland.com\/fr\/wp-json\/wp\/v2\/product_tag?post=446"}],"curies":[{"name":"wp","href":"https:\/\/api.w.org\/{rel}","templated":true}]}}