{"id":660,"date":"2022-06-28T22:16:57","date_gmt":"2022-06-28T14:16:57","guid":{"rendered":"https:\/\/cagland.com\/?post_type=product&#038;p=660"},"modified":"2023-04-26T21:30:24","modified_gmt":"2023-04-26T13:30:24","slug":"round-plastic-junction-box","status":"publish","type":"product","link":"https:\/\/cagland.com\/es\/product\/round-plastic-junction-box\/","title":{"rendered":"Caja de conexiones de pl\u00e1stico redonda"},"content":{"rendered":"","protected":false},"excerpt":{"rendered":"<p>Una caja de conexiones de pl\u00e1stico redonda es una herramienta vers\u00e1til y esencial para una variedad de tareas el\u00e9ctricas. Ya sea que est\u00e9 cableando una casa u oficina, instalando un electrodom\u00e9stico o colocando conductos a trav\u00e9s de paredes y techos, estas cajas pueden ayudarlo a completar el trabajo de manera segura y eficiente. La instalaci\u00f3n de una caja de conexiones de pl\u00e1stico redonda requiere el uso de un <a href=\"https:\/\/cagland.com\/es\/what-is-a-cable-gland-your-best-choice\/\" target=\"_blank\" rel=\"noopener\">prensaestopas<\/a>; este es un componente importante ya que garantiza que los cables est\u00e9n conectados de forma segura.<\/p>\n<p>La caja de conexiones de pl\u00e1stico redonda es un gabinete el\u00e9ctrico duradero y vers\u00e1til dise\u00f1ado para uso en exteriores. Est\u00e1 hecho de alta calidad. <a href=\"https:\/\/en.wikipedia.org\/wiki\/Acrylonitrile_butadiene_styrene\" target=\"_blank\" rel=\"noopener\">materiales ABS<\/a> y material de Neopreno, resistente al agua IP65 con un color gris y diferentes colores personalizados.<\/p>\n<p>El rango de temperatura de trabajo es de -40 \u00b0C a 85 \u00b0C. Est\u00e1 disponible en diferentes tama\u00f1os para adaptarse a varios componentes el\u00e9ctricos, lo que lo hace adecuado para una amplia gama de aplicaciones. Esta caja de conexiones el\u00e9ctricas para exteriores es perfecta para usar en jardines, patios, garajes y otras \u00e1reas al aire libre. Tambi\u00e9n se puede utilizar como caja de conexiones el\u00e9ctricas subterr\u00e1neas, lo que permite enterrarla y ocultarla a la vista. Tambi\u00e9n es una caja de conexiones el\u00e9ctricas resistente a la intemperie y est\u00e1 dise\u00f1ada para soportar condiciones clim\u00e1ticas adversas y proteger los componentes el\u00e9ctricos de los elementos. Es una soluci\u00f3n ideal para proyectos de cableado exterior, como instalaciones de iluminaci\u00f3n, sistemas de seguridad y fuentes de alimentaci\u00f3n.<\/p>\n<p>La caja de conexiones de pl\u00e1stico redonda es una soluci\u00f3n fiable y rentable para proteger los componentes el\u00e9ctricos en entornos exteriores. Tambi\u00e9n es adecuado para aplicaciones en interiores donde la humedad o el polvo pueden ser una preocupaci\u00f3n. En general, esta caja de conexiones el\u00e9ctricas es imprescindible para cualquier persona que busque un gabinete duradero, resistente a la intemperie y de alta calidad para su equipo el\u00e9ctrico.<\/p>","protected":false},"featured_media":664,"template":"","meta":{"_kad_post_transparent":"default","_kad_post_title":"","_kad_post_layout":"default","_kad_post_sidebar_id":"","_kad_post_content_style":"default","_kad_post_vertical_padding":"default","_kad_post_feature":"","_kad_post_feature_position":"","_kad_post_header":false,"_kad_post_footer":false,"_kad_post_classname":""},"product_brand":[],"product_cat":[30,31],"product_tag":[406,408,411,372,412,386,370,409,375,407,410,368,413],"class_list":{"0":"post-660","1":"product","2":"type-product","3":"status-publish","4":"has-post-thumbnail","6":"product_cat-junction-box","7":"product_cat-plastic-junction-box","8":"product_tag-bank-electrical-junction-box","9":"product_tag-electricity-junction-box","10":"product_tag-grey-plastic-junction-box","11":"product_tag-outdoor-junction-boxes","12":"product_tag-pastic-electrical-enclosures","13":"product_tag-plastic-adaptable-junction-boxes","14":"product_tag-plastic-electrical-boxes","15":"product_tag-plastic-enclosure-box","16":"product_tag-plastic-mini-junction-box","17":"product_tag-plastic-small-junction-box","18":"product_tag-premium-quality-junction-box","19":"product_tag-pvc-junction-box","20":"product_tag-thermoplastic-junction-box","22":"first","23":"instock","24":"featured","25":"shipping-taxable","26":"product-type-simple","27":"entry","28":"content-bg","29":"loop-entry"},"_links":{"self":[{"href":"https:\/\/cagland.com\/es\/wp-json\/wp\/v2\/product\/660","targetHints":{"allow":["GET"]}}],"collection":[{"href":"https:\/\/cagland.com\/es\/wp-json\/wp\/v2\/product"}],"about":[{"href":"https:\/\/cagland.com\/es\/wp-json\/wp\/v2\/types\/product"}],"version-history":[{"count":0,"href":"https:\/\/cagland.com\/es\/wp-json\/wp\/v2\/product\/660\/revisions"}],"wp:featuredmedia":[{"embeddable":true,"href":"https:\/\/cagland.com\/es\/wp-json\/wp\/v2\/media\/664"}],"wp:attachment":[{"href":"https:\/\/cagland.com\/es\/wp-json\/wp\/v2\/media?parent=660"}],"wp:term":[{"taxonomy":"product_brand","embeddable":true,"href":"https:\/\/cagland.com\/es\/wp-json\/wp\/v2\/product_brand?post=660"},{"taxonomy":"product_cat","embeddable":true,"href":"https:\/\/cagland.com\/es\/wp-json\/wp\/v2\/product_cat?post=660"},{"taxonomy":"product_tag","embeddable":true,"href":"https:\/\/cagland.com\/es\/wp-json\/wp\/v2\/product_tag?post=660"}],"curies":[{"name":"wp","href":"https:\/\/api.w.org\/{rel}","templated":true}]}}