{"id":610,"date":"2022-06-14T22:40:02","date_gmt":"2022-06-14T14:40:02","guid":{"rendered":"https:\/\/cagland.com\/?post_type=product&#038;p=610"},"modified":"2023-04-26T22:07:12","modified_gmt":"2023-04-26T14:07:12","slug":"nylon-multi-hole-cable-gland-m20-3-hole-7mm","status":"publish","type":"product","link":"https:\/\/cagland.com\/es\/product\/nylon-multi-hole-cable-gland-m20-3-hole-7mm\/","title":{"rendered":"Gl\u00e1ndula de cable de m\u00faltiples orificios"},"content":{"rendered":"","protected":false},"excerpt":{"rendered":"<p>A diferencia de los prensaestopas tradicionales que suelen tener un solo orificio, un <strong>prensaestopas multiagujero<\/strong> presenta m\u00faltiples orificios, lo que permite el paso de m\u00faltiples cables o alambres. Este dise\u00f1o proporciona varias ventajas, que incluyen ahorro de espacio, ahorro de tiempo y mayor flexibilidad.<\/p>\n<p>Un agujero m\u00faltiple <a href=\"https:\/\/cagland.com\/es\/what-is-a-cable-gland-your-best-choice\/\" target=\"_blank\" rel=\"noopener\">prensaestopas<\/a> tiene varias ventajas sobre un prensaestopas de un solo orificio:<\/p>\n<ul>\n<li><a href=\"https:\/\/en.wikipedia.org\/wiki\/Multicable\" target=\"_blank\" rel=\"noopener\">M\u00faltiples cables<\/a> se puede pasar a trav\u00e9s de un solo prensaestopas, lo que reduce el n\u00famero de prensaestopas necesarios y, por lo tanto, ahorra espacio y tiempo de instalaci\u00f3n.<\/li>\n<li>Los prensaestopas de orificios m\u00faltiples son m\u00e1s vers\u00e1tiles y pueden acomodar cables de diferentes tama\u00f1os y tipos, lo que puede ser \u00fatil cuando se trata de una variedad de cables.<\/li>\n<li>Los prensaestopas de m\u00faltiples orificios se pueden usar para crear un sistema de enrutamiento de cables m\u00e1s organizado y ordenado, lo que reduce las posibilidades de que los cables se enreden o desordenen.<\/li>\n<li>Brindan un mejor alivio de la tensi\u00f3n, distribuyen el peso de los cables de manera uniforme y reducen el riesgo de da\u00f1ar los cables o el prensaestopas mismo.<\/li>\n<\/ul>","protected":false},"featured_media":614,"template":"","meta":{"_kad_post_transparent":"default","_kad_post_title":"","_kad_post_layout":"default","_kad_post_sidebar_id":"","_kad_post_content_style":"default","_kad_post_vertical_padding":"default","_kad_post_feature":"","_kad_post_feature_position":"","_kad_post_header":false,"_kad_post_footer":false,"_kad_post_classname":""},"product_brand":[],"product_cat":[20,23],"product_tag":[484,305,488,328,322,490,310,494,316,306,487,489,495,556,323,492],"class_list":{"0":"post-610","1":"product","2":"type-product","3":"status-publish","4":"has-post-thumbnail","6":"product_cat-cable-gland","7":"product_cat-multi-hole-cable-gland","8":"product_tag-cable-gland-multi-hole","9":"product_tag-multi-cable-gland-waterproof-connectors","10":"product_tag-multi-hole-gland","11":"product_tag-multi-hole-solar-cable-gland","12":"product_tag-multi-hole-metal-cable-gland","13":"product_tag-multi-hole-nylon-cable-gland","14":"product_tag-multi-passage-cable-gland","15":"product_tag-multiple-cable-gland","16":"product_tag-multiple-entry-brass-cable-gland","17":"product_tag-multiple-hole-cable-glands","18":"product_tag-nylon-multi-hole","19":"product_tag-nylon-multi-hole-cable-gland","20":"product_tag-waterproof-multi-hole-electrical-cable-gland","21":"product_tag-waterproof-multi-hole-entry-cable-glands","22":"product_tag-waterproof-multi-hole-cable-glands","23":"product_tag-waterproof-multi-hole-nylon-cable-glands","25":"first","26":"instock","27":"shipping-taxable","28":"product-type-simple","29":"entry","30":"content-bg","31":"loop-entry"},"_links":{"self":[{"href":"https:\/\/cagland.com\/es\/wp-json\/wp\/v2\/product\/610","targetHints":{"allow":["GET"]}}],"collection":[{"href":"https:\/\/cagland.com\/es\/wp-json\/wp\/v2\/product"}],"about":[{"href":"https:\/\/cagland.com\/es\/wp-json\/wp\/v2\/types\/product"}],"version-history":[{"count":0,"href":"https:\/\/cagland.com\/es\/wp-json\/wp\/v2\/product\/610\/revisions"}],"wp:featuredmedia":[{"embeddable":true,"href":"https:\/\/cagland.com\/es\/wp-json\/wp\/v2\/media\/614"}],"wp:attachment":[{"href":"https:\/\/cagland.com\/es\/wp-json\/wp\/v2\/media?parent=610"}],"wp:term":[{"taxonomy":"product_brand","embeddable":true,"href":"https:\/\/cagland.com\/es\/wp-json\/wp\/v2\/product_brand?post=610"},{"taxonomy":"product_cat","embeddable":true,"href":"https:\/\/cagland.com\/es\/wp-json\/wp\/v2\/product_cat?post=610"},{"taxonomy":"product_tag","embeddable":true,"href":"https:\/\/cagland.com\/es\/wp-json\/wp\/v2\/product_tag?post=610"}],"curies":[{"name":"wp","href":"https:\/\/api.w.org\/{rel}","templated":true}]}}