{"id":590,"date":"2022-06-09T23:26:49","date_gmt":"2022-06-09T15:26:49","guid":{"rendered":"https:\/\/cagland.com\/?post_type=product&#038;p=590"},"modified":"2023-04-26T20:53:38","modified_gmt":"2023-04-26T12:53:38","slug":"explosive-atmosphere-cable-gland-for-safety","status":"publish","type":"product","link":"https:\/\/cagland.com\/es\/product\/explosive-atmosphere-cable-gland-for-safety\/","title":{"rendered":"Prensaestopas de lat\u00f3n"},"content":{"rendered":"","protected":false},"excerpt":{"rendered":"<p>El prensaestopas de lat\u00f3n es el <strong>prensaestopas para atm\u00f3sfera explosiva<\/strong>, el <a href=\"https:\/\/cagland.com\/es\/what-is-a-cable-gland-your-best-choice\/\" target=\"_blank\" rel=\"noopener\">prensaestopas<\/a> tambi\u00e9n se conoce como un<a href=\"https:\/\/en.wikipedia.org\/wiki\/Explosion_protection\" target=\"_blank\" rel=\"noopener\"> a prueba de explosiones<\/a> o prensaestopas ign\u00edfugo, indicando su capacidad para soportar ambientes extremos.<\/p>\n<p>Es un accesorio imprescindible para cualquier entorno donde la seguridad sea una preocupaci\u00f3n debido a la presencia de atm\u00f3sferas explosivas. Este prensaestopas est\u00e1 especialmente dise\u00f1ado para proporcionar un paso seguro para los cables que atraviesan \u00e1reas explosivas sin causar ning\u00fan peligro potencial.<\/p>\n<p>El cuerpo principal del prensaestopas est\u00e1 hecho de lat\u00f3n niquelado, lo que garantiza una construcci\u00f3n resistente y duradera que puede soportar entornos hostiles. Las piezas de la abrazadera est\u00e1n hechas de nailon PA aprobado por UL, que es un material muy flexible y resistente que garantiza un agarre seguro de los cables.<\/p>\n<p>El sello O del prensaestopas est\u00e1 hecho de caucho de nitrilo butadieno (NBR) y caucho resistente a la intemperie (EPDM), que son conocidos por su alta resistencia a la intemperie, la abrasi\u00f3n y las temperaturas extremas. Esto asegura que la gl\u00e1ndula pueda soportar una amplia gama de temperaturas, desde -40 \u2103 a 105 \u2103 por un corto tiempo y hasta 160 \u2103 por per\u00edodos breves.<\/p>\n<p>El prensaestopas viene con m\u00faltiples especificaciones de rosca, incluidas m\u00e9tricas, PG, G y NPT, lo que facilita su instalaci\u00f3n en diversas aplicaciones. Adem\u00e1s, el prensaestopas tiene una clase de protecci\u00f3n IP68 con sellado en O, lo que garantiza que puede resistir la entrada de agua y polvo incluso en los entornos m\u00e1s hostiles. En general, este prensaestopas de lat\u00f3n es una opci\u00f3n confiable y segura para cualquier aplicaci\u00f3n que requiera un sello de cable seguro y confiable.<\/p>","protected":false},"featured_media":593,"template":"","meta":{"_kad_post_transparent":"default","_kad_post_title":"","_kad_post_layout":"default","_kad_post_sidebar_id":"","_kad_post_content_style":"default","_kad_post_vertical_padding":"default","_kad_post_feature":"","_kad_post_feature_position":"","_kad_post_header":false,"_kad_post_footer":false,"_kad_post_classname":""},"product_brand":[],"product_cat":[20,22],"product_tag":[213,512,511,513,514,201,510,218,515],"class_list":{"0":"post-590","1":"product","2":"type-product","3":"status-publish","4":"has-post-thumbnail","6":"product_cat-cable-gland","7":"product_cat-metal-water-proof-cable-gand","8":"product_tag-cable-glands-for-explosive-atmosphere","9":"product_tag-cable-glands-for-hazardous-locations","10":"product_tag-explosition-proof-cable-gland","11":"product_tag-explosition-proof-cable-gland-for-hazardous-locations","12":"product_tag-explosive-atmosphere-barrier-cable-gland","13":"product_tag-explosive-atmosphere-cable-gland","14":"product_tag-flameproof-cable-gland","15":"product_tag-hazardous-area-cable-glands","16":"product_tag-industrial-and-hazardous-area-cable-glands","18":"first","19":"instock","20":"featured","21":"shipping-taxable","22":"product-type-simple","23":"entry","24":"content-bg","25":"loop-entry"},"_links":{"self":[{"href":"https:\/\/cagland.com\/es\/wp-json\/wp\/v2\/product\/590","targetHints":{"allow":["GET"]}}],"collection":[{"href":"https:\/\/cagland.com\/es\/wp-json\/wp\/v2\/product"}],"about":[{"href":"https:\/\/cagland.com\/es\/wp-json\/wp\/v2\/types\/product"}],"version-history":[{"count":0,"href":"https:\/\/cagland.com\/es\/wp-json\/wp\/v2\/product\/590\/revisions"}],"wp:featuredmedia":[{"embeddable":true,"href":"https:\/\/cagland.com\/es\/wp-json\/wp\/v2\/media\/593"}],"wp:attachment":[{"href":"https:\/\/cagland.com\/es\/wp-json\/wp\/v2\/media?parent=590"}],"wp:term":[{"taxonomy":"product_brand","embeddable":true,"href":"https:\/\/cagland.com\/es\/wp-json\/wp\/v2\/product_brand?post=590"},{"taxonomy":"product_cat","embeddable":true,"href":"https:\/\/cagland.com\/es\/wp-json\/wp\/v2\/product_cat?post=590"},{"taxonomy":"product_tag","embeddable":true,"href":"https:\/\/cagland.com\/es\/wp-json\/wp\/v2\/product_tag?post=590"}],"curies":[{"name":"wp","href":"https:\/\/api.w.org\/{rel}","templated":true}]}}