{"id":582,"date":"2022-06-09T22:34:37","date_gmt":"2022-06-09T14:34:37","guid":{"rendered":"https:\/\/cagland.com\/?post_type=product&#038;p=582"},"modified":"2023-04-26T20:50:15","modified_gmt":"2023-04-26T12:50:15","slug":"pg9-nylon-grey-ip68-strain-relief-cable-gland","status":"publish","type":"product","link":"https:\/\/cagland.com\/es\/product\/pg9-nylon-grey-ip68-strain-relief-cable-gland\/","title":{"rendered":"Prensaestopas flexibles en espiral"},"content":{"rendered":"","protected":false},"excerpt":{"rendered":"<p>A <a href=\"https:\/\/en.wikipedia.org\/wiki\/Cable_management\" target=\"_blank\" rel=\"noopener\"><strong>prensaestopas de alivio de tensi\u00f3n<\/strong><\/a> es un tipo de conector dise\u00f1ado para asegurar y proteger los cables que pasan a trav\u00e9s de un panel o gabinete. El <a href=\"https:\/\/cagland.com\/es\/what-is-a-cable-gland-your-best-choice\/\" target=\"_blank\" rel=\"noopener\">prensaestopas<\/a> cuenta con un prensaestopas de nailon en forma de espiral y conectores de alivio de tensi\u00f3n que ayudan a evitar que el cable se da\u00f1e al doblarlo o jalarlo.<\/p>\n<p>Estos prensaestopas vienen en diferentes especificaciones de rosca, incluidas m\u00e9tricas, PG, G y NPT, lo que los hace adecuados para una amplia gama de aplicaciones. Tambi\u00e9n est\u00e1n dise\u00f1ados para funcionar en entornos hostiles, con un rango de temperatura de trabajo de -40 \u00b0C a 100 \u00b0C en estado est\u00e1tico y de -20 \u00b0C a 80 \u00b0C en estado din\u00e1mico. Adem\u00e1s, el prensaestopas proporciona una resistencia t\u00e9rmica instant\u00e1nea de hasta 120 \u00b0C.<\/p>\n<p>El cuerpo principal del prensaestopas de alivio de tensi\u00f3n est\u00e1 hecho de lat\u00f3n niquelado, mientras que las piezas de la abrazadera est\u00e1n hechas de nailon PA aprobado por UL. El sello O est\u00e1 hecho de caucho de nitrilo butadieno (NBR) y caucho resistente a la intemperie (EPDM), lo que brinda un alto nivel de protecci\u00f3n contra el agua, el polvo y otros factores ambientales. Con un nivel de protecci\u00f3n IP68, el prensaestopas es altamente resistente a la humedad y puede usarse en lugares mojados o h\u00famedos.<\/p>\n<p>El prensaestopas de nylon para alivio de tensi\u00f3n es una forma confiable y eficiente de asegurar los cables y protegerlos contra da\u00f1os. Es f\u00e1cil de instalar y proporciona un sello herm\u00e9tico que ayuda a evitar que entre humedad en el gabinete. En general, el prensaestopas de alivio de tensi\u00f3n es un componente esencial para cualquier aplicaci\u00f3n el\u00e9ctrica o electr\u00f3nica donde los cables deben protegerse de entornos hostiles o posibles da\u00f1os.<\/p>\n<p>&nbsp;<\/p>","protected":false},"featured_media":584,"template":"","meta":{"_kad_post_transparent":"default","_kad_post_title":"","_kad_post_layout":"default","_kad_post_sidebar_id":"","_kad_post_content_style":"default","_kad_post_vertical_padding":"default","_kad_post_feature":"","_kad_post_feature_position":"","_kad_post_header":false,"_kad_post_footer":false,"_kad_post_classname":""},"product_brand":[],"product_cat":[20,21],"product_tag":[554,552,553,555,248,550,548,551,549],"class_list":{"0":"post-582","1":"product","2":"type-product","3":"status-publish","4":"has-post-thumbnail","6":"product_cat-cable-gland","7":"product_cat-plastic-water-proof-cable-gland","8":"product_tag-cable-gland-plastic-with-strain-relief","9":"product_tag-cable-gland-spiral-strain-relief","10":"product_tag-gland-with-strain-relief","11":"product_tag-npt-srain-relief-cable-glands","12":"product_tag-nylon-cable-gland-spiral","13":"product_tag-strain-relief","14":"product_tag-strain-relief-cable-gland","15":"product_tag-strain-relief-connectors","16":"product_tag-strain-relief-nylon-cable-gland","18":"first","19":"instock","20":"featured","21":"shipping-taxable","22":"product-type-simple","23":"entry","24":"content-bg","25":"loop-entry"},"_links":{"self":[{"href":"https:\/\/cagland.com\/es\/wp-json\/wp\/v2\/product\/582","targetHints":{"allow":["GET"]}}],"collection":[{"href":"https:\/\/cagland.com\/es\/wp-json\/wp\/v2\/product"}],"about":[{"href":"https:\/\/cagland.com\/es\/wp-json\/wp\/v2\/types\/product"}],"version-history":[{"count":0,"href":"https:\/\/cagland.com\/es\/wp-json\/wp\/v2\/product\/582\/revisions"}],"wp:featuredmedia":[{"embeddable":true,"href":"https:\/\/cagland.com\/es\/wp-json\/wp\/v2\/media\/584"}],"wp:attachment":[{"href":"https:\/\/cagland.com\/es\/wp-json\/wp\/v2\/media?parent=582"}],"wp:term":[{"taxonomy":"product_brand","embeddable":true,"href":"https:\/\/cagland.com\/es\/wp-json\/wp\/v2\/product_brand?post=582"},{"taxonomy":"product_cat","embeddable":true,"href":"https:\/\/cagland.com\/es\/wp-json\/wp\/v2\/product_cat?post=582"},{"taxonomy":"product_tag","embeddable":true,"href":"https:\/\/cagland.com\/es\/wp-json\/wp\/v2\/product_tag?post=582"}],"curies":[{"name":"wp","href":"https:\/\/api.w.org\/{rel}","templated":true}]}}