{"id":564,"date":"2022-06-01T21:21:52","date_gmt":"2022-06-01T13:21:52","guid":{"rendered":"https:\/\/cagland.com\/?post_type=product&#038;p=564"},"modified":"2023-04-26T22:02:30","modified_gmt":"2023-04-26T14:02:30","slug":"nylon-ul-approved-cable-glands-pg-metric-npt-g","status":"publish","type":"product","link":"https:\/\/cagland.com\/es\/product\/nylon-ul-approved-cable-glands-pg-metric-npt-g\/","title":{"rendered":"prensaestopas DM"},"content":{"rendered":"","protected":false},"excerpt":{"rendered":"<p>Los prensaestopas DM son uno de <strong><a href=\"https:\/\/en.wikipedia.org\/wiki\/UL_(safety_organization)\" target=\"_blank\" rel=\"noopener\">Aprobado por UL<\/a> prensaestopas<\/strong>, est\u00e1n dise\u00f1ados para proporcionar un rendimiento y una protecci\u00f3n excepcionales para sus cables y alambres. Estos <a href=\"https:\/\/cagland.com\/es\/what-is-a-cable-gland-your-best-choice\/\" target=\"_blank\" rel=\"noopener\">prensaestopas<\/a> son fabricados en nuestra f\u00e1brica, la cual cuenta con certificaci\u00f3n UL para prensaestopas M\u00e9trico, PG, G y NPT, asegurando que cumplen con estrictos est\u00e1ndares de seguridad y calidad.<\/p>\n<p>Una de las caracter\u00edsticas sobresalientes de los prensaestopas DM es su clasificaci\u00f3n a prueba de explosiones de UL, lo que los hace ideales para su uso en entornos peligrosos donde hay gases inflamables o polvo. Estos prensaestopas aprobados por UL han sido rigurosamente probados para garantizar que puedan resistir las condiciones m\u00e1s duras y brindar una protecci\u00f3n confiable contra explosiones.<\/p>\n<p>Adem\u00e1s de su clasificaci\u00f3n a prueba de explosiones, los prensaestopas DM tambi\u00e9n son duraderos y a prueba de polvo, lo que brinda una excelente protecci\u00f3n para sus cables y alambres. Est\u00e1n construidos con materiales de alta calidad que est\u00e1n dise\u00f1ados para soportar entornos hostiles, lo que garantiza que sus cables permanezcan seguros en todo momento.<\/p>\n<p>A pesar de sus impresionantes caracter\u00edsticas, los prensaestopas DM est\u00e1n disponibles a un precio asequible, lo que los convierte en una excelente opci\u00f3n para las empresas que buscan una soluci\u00f3n rentable. Son prensaestopas de nailon aprobados por UL, lo que significa que cumplen con los estrictos est\u00e1ndares de seguridad y calidad establecidos por Underwriters Laboratories.<\/p>\n<p>Por \u00faltimo, los prensaestopas DM est\u00e1n fabricados con nailon PVC PA66 aprobado por UL, que es un material de alta calidad conocido por su durabilidad y resistencia. Esto asegura que sus cables y alambres est\u00e9n protegidos contra da\u00f1os y garantiza la confiabilidad a largo plazo de sus instalaciones el\u00e9ctricas.<\/p>","protected":false},"featured_media":570,"template":"","meta":{"_kad_post_transparent":"default","_kad_post_title":"","_kad_post_layout":"default","_kad_post_sidebar_id":"","_kad_post_content_style":"default","_kad_post_vertical_padding":"default","_kad_post_feature":"","_kad_post_feature_position":"","_kad_post_header":false,"_kad_post_footer":false,"_kad_post_classname":""},"product_brand":[],"product_cat":[20,21],"product_tag":[537,533,535,536,166,538,532,534],"class_list":{"0":"post-564","1":"product","2":"type-product","3":"status-publish","4":"has-post-thumbnail","6":"product_cat-cable-gland","7":"product_cat-plastic-water-proof-cable-gland","8":"product_tag-best-price-ul-approved-nylon-cable-gland","9":"product_tag-cable-gland-certification","10":"product_tag-durable-and-dustproof-ul-approved-cable-gland","11":"product_tag-north-american-cable-glands","12":"product_tag-ul-approved-cable-glands","13":"product_tag-ul-approved-nylon-pa66-pvc-nylon-cable-gland","14":"product_tag-ul-csa-approved-products","15":"product_tag-ul-explosion-proof-cable-glands","17":"first","18":"instock","19":"shipping-taxable","20":"product-type-simple","21":"entry","22":"content-bg","23":"loop-entry"},"_links":{"self":[{"href":"https:\/\/cagland.com\/es\/wp-json\/wp\/v2\/product\/564","targetHints":{"allow":["GET"]}}],"collection":[{"href":"https:\/\/cagland.com\/es\/wp-json\/wp\/v2\/product"}],"about":[{"href":"https:\/\/cagland.com\/es\/wp-json\/wp\/v2\/types\/product"}],"version-history":[{"count":0,"href":"https:\/\/cagland.com\/es\/wp-json\/wp\/v2\/product\/564\/revisions"}],"wp:featuredmedia":[{"embeddable":true,"href":"https:\/\/cagland.com\/es\/wp-json\/wp\/v2\/media\/570"}],"wp:attachment":[{"href":"https:\/\/cagland.com\/es\/wp-json\/wp\/v2\/media?parent=564"}],"wp:term":[{"taxonomy":"product_brand","embeddable":true,"href":"https:\/\/cagland.com\/es\/wp-json\/wp\/v2\/product_brand?post=564"},{"taxonomy":"product_cat","embeddable":true,"href":"https:\/\/cagland.com\/es\/wp-json\/wp\/v2\/product_cat?post=564"},{"taxonomy":"product_tag","embeddable":true,"href":"https:\/\/cagland.com\/es\/wp-json\/wp\/v2\/product_tag?post=564"}],"curies":[{"name":"wp","href":"https:\/\/api.w.org\/{rel}","templated":true}]}}