{"id":547,"date":"2022-06-01T20:32:44","date_gmt":"2022-06-01T12:32:44","guid":{"rendered":"https:\/\/cagland.com\/?post_type=product&#038;p=547"},"modified":"2023-04-26T20:37:56","modified_gmt":"2023-04-26T12:37:56","slug":"dual-abs-solar-cable-entry-gland-nylon-m25","status":"publish","type":"product","link":"https:\/\/cagland.com\/es\/product\/dual-abs-solar-cable-entry-gland-nylon-m25\/","title":{"rendered":"Gl\u00e1ndula de cable SM"},"content":{"rendered":"","protected":false},"excerpt":{"rendered":"<p>A <a href=\"https:\/\/cagland.com\/es\/what-is-a-cable-gland-your-best-choice\/\" target=\"_blank\" rel=\"noopener\"><strong>casquillo de entrada de cables<\/strong><\/a> es un componente vital que se utiliza para proporcionar un sello seguro y confiable alrededor de los cables cuando pasan a trav\u00e9s de un gabinete. Est\u00e1 dise\u00f1ado para proteger los cables de los da\u00f1os causados por factores ambientales como la humedad, el polvo y las temperaturas extremas. La principal ventaja de los prensaestopas de entrada de cables es que proporcionan una manera simple y eficiente de pasar cables a trav\u00e9s de paredes, techos u otras barreras mientras mantienen un sello herm\u00e9tico.<\/p>\n<p>En aplicaciones industriales, los prensaestopas de entrada de cables se utilizan com\u00fanmente para proteger los cables el\u00e9ctricos, de datos y de comunicaci\u00f3n. Espec\u00edficamente, para aplicaciones solares, el prensaestopas de entrada de cable solar es una versi\u00f3n especializada que est\u00e1 optimizada para su uso con cables solares fotovoltaicos (PV). Estos prensaestopas cuentan con un dise\u00f1o \u00fanico que permite una f\u00e1cil instalaci\u00f3n, incluso en entornos exteriores dif\u00edciles. Son componentes esenciales que aseguran la transmisi\u00f3n segura y confiable de energ\u00eda desde los paneles solares hasta el inversor y la red el\u00e9ctrica.<\/p>\n<p>El cuerpo principal del prensaestopas est\u00e1 hecho de <a href=\"https:\/\/en.wikipedia.org\/wiki\/Electroless_nickel-phosphorus_plating\" target=\"_blank\" rel=\"noopener\">lat\u00f3n niquelado<\/a>, que proporciona una excelente resistencia a la corrosi\u00f3n y durabilidad. Las piezas de la abrazadera est\u00e1n hechas de nailon PA aprobado por UL, que es un material fuerte y liviano que resiste impactos, abrasi\u00f3n y productos qu\u00edmicos. El sello O est\u00e1 hecho de caucho de nitrilo butadieno (NBR) y caucho resistente a la intemperie (EPDM), lo que brinda excelentes propiedades de sellado y resistencia a la intemperie.<\/p>\n<p>El prensaestopas de entrada de cables est\u00e1 disponible en varias especificaciones de rosca, incluidas m\u00e9tricas, PG, G y NPT, lo que facilita la integraci\u00f3n con diferentes tipos de cajas. Puede soportar una amplia gama de temperaturas, desde -40\u00b0C hasta 100\u00b0C en estado est\u00e1tico, con resistencia al calor instant\u00e1neo hasta 120\u00b0C. En un estado din\u00e1mico, la gl\u00e1ndula puede tolerar temperaturas que oscilan entre -20 \u00b0C y 80 \u00b0C, con una resistencia t\u00e9rmica instant\u00e1nea de hasta 100 \u00b0C. Adem\u00e1s, el prensaestopas de entrada de cables tiene un nivel de protecci\u00f3n IP68 cuando se usa sellado en O, lo que garantiza una protecci\u00f3n confiable contra la entrada de polvo y agua.<\/p>\n<p>En resumen, el prensaestopas de entrada de cables es un componente cr\u00edtico en cualquier entorno industrial que requiera un sello seguro y confiable alrededor de los cables. El prensaestopas de entrada de cable solar es una versi\u00f3n especializada optimizada para su uso en aplicaciones solares, con caracter\u00edsticas tales como un dise\u00f1o \u00fanico, materiales resistentes a la intemperie y varias especificaciones de rosca. Sus propiedades de sellado y protecci\u00f3n confiables lo convierten en un componente esencial para garantizar la transmisi\u00f3n segura y confiable de energ\u00eda en instalaciones solares.<\/p>","protected":false},"featured_media":554,"template":"","meta":{"_kad_post_transparent":"default","_kad_post_title":"","_kad_post_layout":"default","_kad_post_sidebar_id":"","_kad_post_content_style":"default","_kad_post_vertical_padding":"default","_kad_post_feature":"","_kad_post_feature_position":"","_kad_post_header":false,"_kad_post_footer":false,"_kad_post_classname":""},"product_brand":[],"product_cat":[20,21],"product_tag":[544,540,546,541,542,547,545,539,543],"class_list":{"0":"post-547","1":"product","2":"type-product","3":"status-publish","4":"has-post-thumbnail","6":"product_cat-cable-gland","7":"product_cat-plastic-water-proof-cable-gland","8":"product_tag-abs-black-solar-cable-entry-gland","9":"product_tag-cable-entry-gland","10":"product_tag-cable-entry-gland-for-roof-plate","11":"product_tag-dual-gland-solar-cabling-entry-point","12":"product_tag-solar-cable-entry-gland","13":"product_tag-solar-single-cable-entry-gland","14":"product_tag-waterproof-double-cable-entry-gland","15":"product_tag-white-abs-solar-cable-entry","16":"product_tag-white-abs-solar-cable-entry-point","18":"first","19":"instock","20":"shipping-taxable","21":"product-type-simple","22":"entry","23":"content-bg","24":"loop-entry"},"_links":{"self":[{"href":"https:\/\/cagland.com\/es\/wp-json\/wp\/v2\/product\/547","targetHints":{"allow":["GET"]}}],"collection":[{"href":"https:\/\/cagland.com\/es\/wp-json\/wp\/v2\/product"}],"about":[{"href":"https:\/\/cagland.com\/es\/wp-json\/wp\/v2\/types\/product"}],"version-history":[{"count":0,"href":"https:\/\/cagland.com\/es\/wp-json\/wp\/v2\/product\/547\/revisions"}],"wp:featuredmedia":[{"embeddable":true,"href":"https:\/\/cagland.com\/es\/wp-json\/wp\/v2\/media\/554"}],"wp:attachment":[{"href":"https:\/\/cagland.com\/es\/wp-json\/wp\/v2\/media?parent=547"}],"wp:term":[{"taxonomy":"product_brand","embeddable":true,"href":"https:\/\/cagland.com\/es\/wp-json\/wp\/v2\/product_brand?post=547"},{"taxonomy":"product_cat","embeddable":true,"href":"https:\/\/cagland.com\/es\/wp-json\/wp\/v2\/product_cat?post=547"},{"taxonomy":"product_tag","embeddable":true,"href":"https:\/\/cagland.com\/es\/wp-json\/wp\/v2\/product_tag?post=547"}],"curies":[{"name":"wp","href":"https:\/\/api.w.org\/{rel}","templated":true}]}}