{"id":538,"date":"2022-06-01T13:57:57","date_gmt":"2022-06-01T05:57:57","guid":{"rendered":"https:\/\/cagland.com\/?post_type=product&#038;p=538"},"modified":"2023-04-26T22:00:08","modified_gmt":"2023-04-26T14:00:08","slug":"plastic-cable-gland-g-type-cheapest","status":"publish","type":"product","link":"https:\/\/cagland.com\/es\/product\/plastic-cable-gland-g-type-cheapest\/","title":{"rendered":"Prensaestopas G"},"content":{"rendered":"","protected":false},"excerpt":{"rendered":"<p>En t\u00e9rminos del pl\u00e1stico tipo G <a href=\"https:\/\/cagland.com\/es\/what-is-a-cable-gland-your-best-choice\/\" target=\"_blank\" rel=\"noopener\">prensaestopas<\/a>, En el Est\u00e1ndar de subprocesos unificados, la letra G generalmente representa la especificaci\u00f3n del subproceso. Espec\u00edficamente, el prensaestopas de pl\u00e1stico tipo G se usa a menudo para describir el tipo de rosca y sus par\u00e1metros, como el paso y el di\u00e1metro nominal. El significado de G puede variar ligeramente seg\u00fan el tipo de hilo, por lo que se necesita un an\u00e1lisis espec\u00edfico. Por ejemplo, en la rosca gruesa unificada (UNC), G representa el rec\u00edproco de la relaci\u00f3n entre el di\u00e1metro nominal y el paso, mientras que en la rosca fina unificada (UNF), G representa el rec\u00edproco entre la relaci\u00f3n entre el di\u00e1metro nominal y el paso menos 0,099.<\/p>\n<p>el tama\u00f1o de la <a href=\"https:\/\/en.wikipedia.org\/wiki\/British_Standard_Pipe\" target=\"_blank\" rel=\"noopener\">hilo G<\/a> se designa con un n\u00famero que representa el di\u00e1metro de la rosca en mil\u00edmetros. Por ejemplo, un prensaestopas G1\/2 tiene un di\u00e1metro de rosca de 12,5 mm, mientras que un prensaestopas G3\/4 tiene un di\u00e1metro de rosca de 19 mm.<\/p>\n<p>La rosca G tiene un \u00e1ngulo de rosca de 60 grados y una forma cil\u00edndrica. Est\u00e1 dise\u00f1ado para proporcionar una conexi\u00f3n segura y confiable entre el prensaestopas y el equipo o la caja, as\u00ed como para evitar que entre polvo, agua y otros contaminantes en la caja.<\/p>","protected":false},"featured_media":540,"template":"","meta":{"_kad_post_transparent":"default","_kad_post_title":"","_kad_post_layout":"default","_kad_post_sidebar_id":"","_kad_post_content_style":"default","_kad_post_vertical_padding":"default","_kad_post_feature":"","_kad_post_feature_position":"","_kad_post_header":false,"_kad_post_footer":false,"_kad_post_classname":""},"product_brand":[],"product_cat":[20,21],"product_tag":[482,477,475,478,476,481,474,480,483,479],"class_list":{"0":"post-538","1":"product","2":"type-product","3":"status-publish","4":"has-post-thumbnail","6":"product_cat-cable-gland","7":"product_cat-plastic-water-proof-cable-gland","8":"product_tag-black-nylon-cable-gland","9":"product_tag-british-general-plastic-cable-gland","10":"product_tag-cable-gland-plastic","11":"product_tag-nylon-cable-gands","12":"product_tag-nylon-flexible-cable-gland","13":"product_tag-plastic-cable-gland-connector","14":"product_tag-plastic-cable-glands","15":"product_tag-polyamide-cable-gland","16":"product_tag-ul-nylon-cable-gland","17":"product_tag-wholesale-cable-glands","19":"first","20":"instock","21":"shipping-taxable","22":"product-type-simple","23":"entry","24":"content-bg","25":"loop-entry"},"_links":{"self":[{"href":"https:\/\/cagland.com\/es\/wp-json\/wp\/v2\/product\/538","targetHints":{"allow":["GET"]}}],"collection":[{"href":"https:\/\/cagland.com\/es\/wp-json\/wp\/v2\/product"}],"about":[{"href":"https:\/\/cagland.com\/es\/wp-json\/wp\/v2\/types\/product"}],"version-history":[{"count":0,"href":"https:\/\/cagland.com\/es\/wp-json\/wp\/v2\/product\/538\/revisions"}],"wp:featuredmedia":[{"embeddable":true,"href":"https:\/\/cagland.com\/es\/wp-json\/wp\/v2\/media\/540"}],"wp:attachment":[{"href":"https:\/\/cagland.com\/es\/wp-json\/wp\/v2\/media?parent=538"}],"wp:term":[{"taxonomy":"product_brand","embeddable":true,"href":"https:\/\/cagland.com\/es\/wp-json\/wp\/v2\/product_brand?post=538"},{"taxonomy":"product_cat","embeddable":true,"href":"https:\/\/cagland.com\/es\/wp-json\/wp\/v2\/product_cat?post=538"},{"taxonomy":"product_tag","embeddable":true,"href":"https:\/\/cagland.com\/es\/wp-json\/wp\/v2\/product_tag?post=538"}],"curies":[{"name":"wp","href":"https:\/\/api.w.org\/{rel}","templated":true}]}}